{"id":5134,"date":"2025-05-04T09:48:38","date_gmt":"2025-05-04T07:48:38","guid":{"rendered":"https:\/\/ofertacular.com\/index.php\/producto\/auriculares-inalambricos\/"},"modified":"2025-05-04T09:48:38","modified_gmt":"2025-05-04T07:48:38","slug":"auriculares-inalambricos","status":"publish","type":"product","link":"https:\/\/ofertacular.com\/index.php\/producto\/auriculares-inalambricos\/","title":{"rendered":"Auriculares Inal\u00e1mbricos"},"content":{"rendered":"<div class=\"oferta-container\">\n<p>\ud83d\udfe5 <b>EXCLUSIVO<\/b> \ud83d\udfe5 #Publicidad #Amazon #16<\/p>\n<p>\ud83d\udd34 <b>Auriculares inal\u00e1mbricos <\/b><\/p>\n<p>\u2705 <b>AHORA 7.99 \u20ac<\/b> \u2714\ufe0f\ud83d\udfe1<\/p>\n<p>\u274c Antes 8.99 \u20ac<\/p>\n<p>\ud83d\uded2: <a href=\"https:\/\/btz.es\/4KnprYX\" target=\"_blank\" rel=\"nofollow noopener\">https:\/\/btz.es\/4KnprYX<\/a><\/p>\n<p>&#8211; Conexi\u00f3n Bluetooth 5.4 Estable y Emparejamiento Autom\u00e1tico: con la \u00faltima tecnolog\u00eda Bluetooth 5.4, los audifonos inalambricos garantizan una conexi\u00f3n estable, transmisi\u00f3n r\u00e1pida, y un amplio rango de conexi\u00f3n hasta 15m. Simplemente abre la caja de carga, saca los auriculares y se sincronizar\u00e1n instant\u00e1neamente con tu dispositivo. Que es un 230% m\u00e1s estable que la versi\u00f3n 5.0<br \/>\n&#8211; 40 Horas de Reproducci\u00f3n y carga r\u00e1pida: Con una sola carga, estos auriculares deportivos Bluetooth proporcionan hasta 8 horas de tiempo de escucha y, con el estuche de carga, hasta 40 horas de tiempo total de reproducci\u00f3n. La carga r\u00e1pida tarda menos de 1,5 hora en cargar completamente el estuche de carga, lo que le brinda una excelente experiencia de duraci\u00f3n de la bater\u00eda ultralarga.<br \/>\n&#8211; Sonido Envolvente Est\u00e9reo y Llamadas Claras: los cascos inalambricos Bluetooth WEKNA est\u00e1n equipados con un controlador din\u00e1mico de 14.2 mm y un diafragma compuesto de tres capas ultra sensible, que ofrecen una experiencia de audio inmersiva y de alta fidelidad. Adem\u00e1s, el micr\u00f3fono integrado de los auriculares inal\u00e1mbricos Bluetooth capta el sonido en el o\u00eddo para una excelente cancelaci\u00f3n del ruido, lo que le permite disfrutar de llamadas de alta calidad.<br \/>\n&#8211; Control T\u00e1ctil y Amplia Compatibilidad: Auriculares internos WEKNA est\u00e1n dise\u00f1ados con un toque inteligente, que es sensible y f\u00e1cil de usar, lo que le permite canci\u00f3n anterior\/siguiente\/responder\/rechazar\/finalizar llamadas, cambiar de pista, activar asistentes de voz y m\u00e1s con solo un toque de los auriculares. Auriculares inal\u00e1mbricos compatibles con bluetooth la mayor\u00eda de los reproductores de m\u00fasica bluetooth, incluidos iphone, ios, samsung, huawei, tel\u00e9fonos inteligentes android, PC y Mac.<br \/>\n&#8211; Dise\u00f1o Ergonomico y IPX8 Impermeable: Los auriculares in ear auriculares han sido cuidadosamente dise\u00f1ados para ofrecer un ajuste ergon\u00f3mico, proporcionando estabilidad y comodidad \u00f3ptima. Pesando 3,8 g, garantizan comodidad para uso prolongado. Fabricados con nanomateriales ultraligeros, los auriculares inal\u00e1mbricos resisten el sudor y la lluvia, ideales para el uso diario como caminar, correr y hacer ejercicio.<\/p>\n<\/p><\/div>\n","protected":false},"excerpt":{"rendered":"<p>\ud83d\udfe5 EXCLUSIVO \ud83d\udfe5 #Publicidad #Amazon #16 \ud83d\udd34 Auriculares inal\u00e1mbricos \u2705 AHORA 7.99 \u20ac \u2714\ufe0f\ud83d\udfe1 \u274c Antes 8.99 \u20ac \ud83d\uded2: https:\/\/btz.es\/4KnprYX &#8211; Conexi\u00f3n Bluetooth 5.4 Estable y Emparejamiento Autom\u00e1tico: con la \u00faltima tecnolog\u00eda Bluetooth 5.4, los audifonos inalambricos garantizan una conexi\u00f3n estable, transmisi\u00f3n r\u00e1pida, y un amplio rango de conexi\u00f3n hasta 15m. Simplemente abre la caja [&hellip;]<\/p>\n","protected":false},"featured_media":5133,"template":"","meta":{"_gspb_post_css":""},"store":[],"product_brand":[],"product_cat":[16],"product_tag":[],"class_list":{"0":"post-5134","1":"product","2":"type-product","3":"status-publish","4":"has-post-thumbnail","6":"product_cat-sin-categorizar","8":"first","9":"instock","10":"sale","11":"shipping-taxable","12":"product-type-external"},"jetpack_sharing_enabled":true,"_links":{"self":[{"href":"https:\/\/ofertacular.com\/index.php\/wp-json\/wp\/v2\/product\/5134","targetHints":{"allow":["GET"]}}],"collection":[{"href":"https:\/\/ofertacular.com\/index.php\/wp-json\/wp\/v2\/product"}],"about":[{"href":"https:\/\/ofertacular.com\/index.php\/wp-json\/wp\/v2\/types\/product"}],"wp:featuredmedia":[{"embeddable":true,"href":"https:\/\/ofertacular.com\/index.php\/wp-json\/wp\/v2\/media\/5133"}],"wp:attachment":[{"href":"https:\/\/ofertacular.com\/index.php\/wp-json\/wp\/v2\/media?parent=5134"}],"wp:term":[{"taxonomy":"store","embeddable":true,"href":"https:\/\/ofertacular.com\/index.php\/wp-json\/wp\/v2\/store?post=5134"},{"taxonomy":"product_brand","embeddable":true,"href":"https:\/\/ofertacular.com\/index.php\/wp-json\/wp\/v2\/product_brand?post=5134"},{"taxonomy":"product_cat","embeddable":true,"href":"https:\/\/ofertacular.com\/index.php\/wp-json\/wp\/v2\/product_cat?post=5134"},{"taxonomy":"product_tag","embeddable":true,"href":"https:\/\/ofertacular.com\/index.php\/wp-json\/wp\/v2\/product_tag?post=5134"}],"curies":[{"name":"wp","href":"https:\/\/api.w.org\/{rel}","templated":true}]}}