{"id":5148,"date":"2025-05-05T08:23:05","date_gmt":"2025-05-05T06:23:05","guid":{"rendered":"https:\/\/ofertacular.com\/index.php\/producto\/adidas-training-2\/"},"modified":"2025-05-05T08:23:05","modified_gmt":"2025-05-05T06:23:05","slug":"adidas-training-2","status":"publish","type":"product","link":"https:\/\/ofertacular.com\/index.php\/producto\/adidas-training-2\/","title":{"rendered":"adidas Training"},"content":{"rendered":"<div class=\"oferta-container\">\n<p>\ud83d\udfe5 <b>\u00a1DESCUENTO \u00daNICO!<\/b> \ud83d\udfe5 #Publicidad #Amazon #16<\/p>\n<p>\ud83d\udd34 <b>Ropa entrenamiento <\/b><\/p>\n<p>\u2705 <b>AHORA 16.69 \u20ac<\/b> \u2714\ufe0f\ud83d\udfe1<\/p>\n<p>\u274c Antes 40.00 \u20ac<\/p>\n<p>\ud83d\uded2: <a href=\"https:\/\/btz.es\/4KsKrs6\" target=\"_blank\" rel=\"nofollow noopener\">https:\/\/btz.es\/4KsKrs6<\/a><\/p>\n<p>&#8211; Corte entallado<br \/>\n&#8211; Cremallera hasta el pecho y cuello alzado<br \/>\n&#8211; 100% poli\u00e9ster reciclado<br \/>\n&#8211; Tecnolog\u00eda transpirable AEROREADY<br \/>\n&#8211; Pu\u00f1os el\u00e1sticos<\/p>\n<\/p><\/div>\n","protected":false},"excerpt":{"rendered":"<p>\ud83d\udfe5 \u00a1DESCUENTO \u00daNICO! \ud83d\udfe5 #Publicidad #Amazon #16 \ud83d\udd34 Ropa entrenamiento \u2705 AHORA 16.69 \u20ac \u2714\ufe0f\ud83d\udfe1 \u274c Antes 40.00 \u20ac \ud83d\uded2: https:\/\/btz.es\/4KsKrs6 &#8211; Corte entallado &#8211; Cremallera hasta el pecho y cuello alzado &#8211; 100% poli\u00e9ster reciclado &#8211; Tecnolog\u00eda transpirable AEROREADY &#8211; Pu\u00f1os el\u00e1sticos<\/p>\n","protected":false},"featured_media":5147,"template":"","meta":{"_gspb_post_css":""},"store":[],"product_brand":[],"product_cat":[16],"product_tag":[],"class_list":{"0":"post-5148","1":"product","2":"type-product","3":"status-publish","4":"has-post-thumbnail","6":"product_cat-sin-categorizar","8":"first","9":"instock","10":"sale","11":"shipping-taxable","12":"product-type-external"},"jetpack_sharing_enabled":true,"_links":{"self":[{"href":"https:\/\/ofertacular.com\/index.php\/wp-json\/wp\/v2\/product\/5148","targetHints":{"allow":["GET"]}}],"collection":[{"href":"https:\/\/ofertacular.com\/index.php\/wp-json\/wp\/v2\/product"}],"about":[{"href":"https:\/\/ofertacular.com\/index.php\/wp-json\/wp\/v2\/types\/product"}],"wp:featuredmedia":[{"embeddable":true,"href":"https:\/\/ofertacular.com\/index.php\/wp-json\/wp\/v2\/media\/5147"}],"wp:attachment":[{"href":"https:\/\/ofertacular.com\/index.php\/wp-json\/wp\/v2\/media?parent=5148"}],"wp:term":[{"taxonomy":"store","embeddable":true,"href":"https:\/\/ofertacular.com\/index.php\/wp-json\/wp\/v2\/store?post=5148"},{"taxonomy":"product_brand","embeddable":true,"href":"https:\/\/ofertacular.com\/index.php\/wp-json\/wp\/v2\/product_brand?post=5148"},{"taxonomy":"product_cat","embeddable":true,"href":"https:\/\/ofertacular.com\/index.php\/wp-json\/wp\/v2\/product_cat?post=5148"},{"taxonomy":"product_tag","embeddable":true,"href":"https:\/\/ofertacular.com\/index.php\/wp-json\/wp\/v2\/product_tag?post=5148"}],"curies":[{"name":"wp","href":"https:\/\/api.w.org\/{rel}","templated":true}]}}