{"id":5152,"date":"2025-05-05T08:36:18","date_gmt":"2025-05-05T06:36:18","guid":{"rendered":"https:\/\/ofertacular.com\/index.php\/producto\/aspiradora-portatil\/"},"modified":"2025-05-05T08:36:18","modified_gmt":"2025-05-05T06:36:18","slug":"aspiradora-portatil","status":"publish","type":"product","link":"https:\/\/ofertacular.com\/index.php\/producto\/aspiradora-portatil\/","title":{"rendered":"Aspiradora Port\u00e1til"},"content":{"rendered":"<div class=\"oferta-container\">\n<p>\ud83d\udfe5 <b>SUPER OFERTA<\/b> \ud83d\udfe5 #Publicidad #Amazon #16<\/p>\n<p>\ud83d\udd34 <b>Aspiradora port\u00e1til <\/b><\/p>\n<p>\u2705 <b>AHORA 46.67 \u20ac<\/b> \u2714\ufe0f\ud83d\udfe1<\/p>\n<p>\u274c Antes 68.99 \u20ac<\/p>\n<p>\ud83d\uded2: <a href=\"https:\/\/btz.es\/4KsNB4B\" target=\"_blank\" rel=\"nofollow noopener\">https:\/\/btz.es\/4KsNB4B<\/a><\/p>\n<p>&#8211; Succi\u00f3n imparable: Nuestra aspiradora en seco y h\u00famedo le brinda una succi\u00f3n eficiente y al mismo tiempo permanece silenciosa durante operaciones de trabajo pesado gracias a su potente motor de 2,5 HP l\u00edder en la industria. Con su gran capacidad de 10 L, la aspiradora hace que la limpieza de todo su espacio sea muy sencilla, por lo que no necesita vaciar el balde con frecuencia. Est\u00e1 aprobado por ETL. Prep\u00e1rate para hacer brillar habitaciones y espacios.<br \/>\n&#8211; Funci\u00f3n 3 en 1: Las caracter\u00edsticas perfectamente dise\u00f1adas lo mantendr\u00e1n preparado para manejar cualquier desorden. Proporcionamos boquilla utilitaria 2 en 1, boquilla para autom\u00f3viles de lujo y boquilla plana 2 en 1 para eliminar l\u00edquidos h\u00famedos, desechos secos y escombros. Adem\u00e1s, puedes cambiar f\u00e1cilmente al modo de soplado, lo que te ayudar\u00e1 a limpiar las hojas ca\u00eddas del jard\u00edn y cuidar el pelo de tu adorable mascota.<br \/>\n&#8211; Aire m\u00e1s limpio, menos preocupaciones: La aspiradora para talleres peque\u00f1os de VEVOR adopta un filtro de tela lavable y reutilizable y un filtro de espuma para trabajos de aspiraci\u00f3n en seco y h\u00famedo. El filtro de tela mejorado es mejor que los filtros tradicionales que son propensos a desgastarse. Se pueden montar o desmontar f\u00e1cilmente. El filtro avanzado puede atrapar la mayor\u00eda de los desechos y proteger a su familia del aire contaminado.<br \/>\n&#8211; Seguridad en la que puedes confiar: No te preocupes. Nuestra manguera nunca se caer\u00e1 cuando la aspiradora del taller est\u00e9 funcionando. 4 ruedas universales garantizan un movimiento suave si la m\u00e1quina es arrastrada o volcada. Los pestillos bloquean constantemente el cuchar\u00f3n, evitando que se dispersen los residuos. Adem\u00e1s, todos los accesorios tienen almacenamiento incorporado para facilitar su transporte.<br \/>\n&#8211; Limpia como un profesional: Ideal para la limpieza de coches, camiones, furgonetas, viviendas, garajes, etc. Nuestra aspiradora en seco y h\u00famedo limpia eficazmente cabello, residuos, l\u00edquidos u hojas en poco tiempo. \u00a1Es f\u00e1cil llegar m\u00e1s lejos y m\u00e1s alto sin agacharse ni tener que mover la m\u00e1quina repetidamente! \u00bfPor qu\u00e9 no intentarlo? Reclama tu espacio.<\/p>\n<\/p><\/div>\n","protected":false},"excerpt":{"rendered":"<p>\ud83d\udfe5 SUPER OFERTA \ud83d\udfe5 #Publicidad #Amazon #16 \ud83d\udd34 Aspiradora port\u00e1til \u2705 AHORA 46.67 \u20ac \u2714\ufe0f\ud83d\udfe1 \u274c Antes 68.99 \u20ac \ud83d\uded2: https:\/\/btz.es\/4KsNB4B &#8211; Succi\u00f3n imparable: Nuestra aspiradora en seco y h\u00famedo le brinda una succi\u00f3n eficiente y al mismo tiempo permanece silenciosa durante operaciones de trabajo pesado gracias a su potente motor de 2,5 HP l\u00edder [&hellip;]<\/p>\n","protected":false},"featured_media":5151,"template":"","meta":{"_gspb_post_css":""},"store":[],"product_brand":[],"product_cat":[16],"product_tag":[],"class_list":{"0":"post-5152","1":"product","2":"type-product","3":"status-publish","4":"has-post-thumbnail","6":"product_cat-sin-categorizar","8":"first","9":"instock","10":"sale","11":"shipping-taxable","12":"product-type-external"},"jetpack_sharing_enabled":true,"_links":{"self":[{"href":"https:\/\/ofertacular.com\/index.php\/wp-json\/wp\/v2\/product\/5152","targetHints":{"allow":["GET"]}}],"collection":[{"href":"https:\/\/ofertacular.com\/index.php\/wp-json\/wp\/v2\/product"}],"about":[{"href":"https:\/\/ofertacular.com\/index.php\/wp-json\/wp\/v2\/types\/product"}],"wp:featuredmedia":[{"embeddable":true,"href":"https:\/\/ofertacular.com\/index.php\/wp-json\/wp\/v2\/media\/5151"}],"wp:attachment":[{"href":"https:\/\/ofertacular.com\/index.php\/wp-json\/wp\/v2\/media?parent=5152"}],"wp:term":[{"taxonomy":"store","embeddable":true,"href":"https:\/\/ofertacular.com\/index.php\/wp-json\/wp\/v2\/store?post=5152"},{"taxonomy":"product_brand","embeddable":true,"href":"https:\/\/ofertacular.com\/index.php\/wp-json\/wp\/v2\/product_brand?post=5152"},{"taxonomy":"product_cat","embeddable":true,"href":"https:\/\/ofertacular.com\/index.php\/wp-json\/wp\/v2\/product_cat?post=5152"},{"taxonomy":"product_tag","embeddable":true,"href":"https:\/\/ofertacular.com\/index.php\/wp-json\/wp\/v2\/product_tag?post=5152"}],"curies":[{"name":"wp","href":"https:\/\/api.w.org\/{rel}","templated":true}]}}