{"id":5164,"date":"2025-05-05T16:45:06","date_gmt":"2025-05-05T14:45:06","guid":{"rendered":"https:\/\/ofertacular.com\/index.php\/producto\/classic-flip-flops\/"},"modified":"2025-05-05T16:45:06","modified_gmt":"2025-05-05T14:45:06","slug":"classic-flip-flops","status":"publish","type":"product","link":"https:\/\/ofertacular.com\/index.php\/producto\/classic-flip-flops\/","title":{"rendered":"Classic Flip-flops"},"content":{"rendered":"<div class=\"oferta-container\">\n<p>\ud83d\udfe5 <b>\u00a1OFERT\u00d3N!<\/b> \ud83d\udfe5 #Publicidad #Amazon #16<\/p>\n<p>\ud83d\udd34 <b>Flip-flops classic <\/b><\/p>\n<p>\u2705 <b>AHORA 15.65 \u20ac<\/b> \u2714\ufe0f\ud83d\udfe1<\/p>\n<p>\u274c Antes 29.99 \u20ac<\/p>\n<p>\ud83d\uded2: <a href=\"https:\/\/btz.es\/4KuMDSU\" target=\"_blank\" rel=\"nofollow noopener\">https:\/\/btz.es\/4KuMDSU<\/a><\/p>\n<p>&#8211; Elige la talla Crocs ideal: Crocs usa tallas de EE. UU. en la suela; las tallas del Reino Unido siguen una conversi\u00f3n de talla \u00fanica  W7 corresponde a M4 . Si normalmente usas media talla, te recomendamos pedir una talla m\u00e1s grande<br \/>\n&#8211; Obt\u00e9n el ajuste correcto: Crocs se adapta a las tallas de EE. UU. en la suela. Aseg\u00farate de que est\u00e1s en el punto con la conversi\u00f3n, consulta nuestra tabla de tallas a continuaci\u00f3n<br \/>\n&#8211; Aspecto y sensaci\u00f3n deportivos: estas sandalias unisex son deportivas y ligeras con la firma de rayas de carreras de la entresuela; est\u00e1n listas para la playa, el jard\u00edn o cualquier lugar que elijas para pasar el verano<br \/>\n&#8211; Ligeras y divertidas: incre\u00edblemente ligeras y f\u00e1ciles de llevar, las sandalias Crocs para hombre y mujer est\u00e1n creadas con espuma Croslite, con la ic\u00f3nica comodidad Crocs que ofrece comodidad y apoyo durante todo el d\u00eda<br \/>\n&#8211; Chanclas para mujeres y hombres: las sandalias para hombres y mujeres son extremadamente f\u00e1ciles de limpiar y de secado r\u00e1pido; resistentes al agua, resistentes al calor y flotantes, son una gran opci\u00f3n para el verano<\/p>\n<\/p><\/div>\n","protected":false},"excerpt":{"rendered":"<p>\ud83d\udfe5 \u00a1OFERT\u00d3N! \ud83d\udfe5 #Publicidad #Amazon #16 \ud83d\udd34 Flip-flops classic \u2705 AHORA 15.65 \u20ac \u2714\ufe0f\ud83d\udfe1 \u274c Antes 29.99 \u20ac \ud83d\uded2: https:\/\/btz.es\/4KuMDSU &#8211; Elige la talla Crocs ideal: Crocs usa tallas de EE. UU. en la suela; las tallas del Reino Unido siguen una conversi\u00f3n de talla \u00fanica W7 corresponde a M4 . Si normalmente usas media [&hellip;]<\/p>\n","protected":false},"featured_media":5163,"template":"","meta":{"_gspb_post_css":""},"store":[],"product_brand":[],"product_cat":[16],"product_tag":[],"class_list":{"0":"post-5164","1":"product","2":"type-product","3":"status-publish","4":"has-post-thumbnail","6":"product_cat-sin-categorizar","8":"first","9":"instock","10":"sale","11":"shipping-taxable","12":"product-type-external"},"jetpack_sharing_enabled":true,"_links":{"self":[{"href":"https:\/\/ofertacular.com\/index.php\/wp-json\/wp\/v2\/product\/5164","targetHints":{"allow":["GET"]}}],"collection":[{"href":"https:\/\/ofertacular.com\/index.php\/wp-json\/wp\/v2\/product"}],"about":[{"href":"https:\/\/ofertacular.com\/index.php\/wp-json\/wp\/v2\/types\/product"}],"wp:featuredmedia":[{"embeddable":true,"href":"https:\/\/ofertacular.com\/index.php\/wp-json\/wp\/v2\/media\/5163"}],"wp:attachment":[{"href":"https:\/\/ofertacular.com\/index.php\/wp-json\/wp\/v2\/media?parent=5164"}],"wp:term":[{"taxonomy":"store","embeddable":true,"href":"https:\/\/ofertacular.com\/index.php\/wp-json\/wp\/v2\/store?post=5164"},{"taxonomy":"product_brand","embeddable":true,"href":"https:\/\/ofertacular.com\/index.php\/wp-json\/wp\/v2\/product_brand?post=5164"},{"taxonomy":"product_cat","embeddable":true,"href":"https:\/\/ofertacular.com\/index.php\/wp-json\/wp\/v2\/product_cat?post=5164"},{"taxonomy":"product_tag","embeddable":true,"href":"https:\/\/ofertacular.com\/index.php\/wp-json\/wp\/v2\/product_tag?post=5164"}],"curies":[{"name":"wp","href":"https:\/\/api.w.org\/{rel}","templated":true}]}}