{"id":5168,"date":"2025-05-06T08:19:47","date_gmt":"2025-05-06T06:19:47","guid":{"rendered":"https:\/\/ofertacular.com\/index.php\/producto\/bascula-inteligente\/"},"modified":"2025-05-06T08:19:47","modified_gmt":"2025-05-06T06:19:47","slug":"bascula-inteligente","status":"publish","type":"product","link":"https:\/\/ofertacular.com\/index.php\/producto\/bascula-inteligente\/","title":{"rendered":"B\u00e1scula Inteligente"},"content":{"rendered":"<div class=\"oferta-container\">\n<p>\ud83d\udfe5 <b>GRAN OFERTA<\/b> \ud83d\udfe5 #Publicidad #Amazon #16<\/p>\n<p>\ud83d\udd34 <b>B\u00e1scula inteligente <\/b><\/p>\n<p>\u2705 <b>AHORA 13.43 \u20ac<\/b> \u2714\ufe0f\ud83d\udfe1<\/p>\n<p>\u274c Antes 14.95 \u20ac<\/p>\n<p>\ud83d\uded2: <a href=\"https:\/\/btz.es\/4Ky9Y0b\" target=\"_blank\" rel=\"nofollow noopener\">https:\/\/btz.es\/4Ky9Y0b<\/a><\/p>\n<p>&#8211; AN\u00c1LISIS COMPLETOS: con la b\u00e1scula inteligente de Kubo podr\u00e1s conocer 13 an\u00e1lisis diferentes y completos de tu salud, incluyendo peso, IMC, grasa corporal, agua corporal, masa muscular, entre otros. Te dar\u00e1 con precisi\u00f3n resultados fiables. Color: Negro.<br \/>\n&#8211; HASTA 10 USUARIOS: la b\u00e1scula de ba\u00f1o registra datos de hasta 10 usuarios, lo que la hace ideal para toda la familia y poder llevar un control de la salud y el bienestar de todos en casa.<br \/>\n&#8211; APP COMPATIBLE: la aplicaci\u00f3n de la b\u00e1scula inteligente es compatible con iOS o Android, lo que te permitir\u00e1 llevar un control completo de tu salud desde tu smartphone y registrar cada uno de tus avances.<br \/>\n&#8211; F\u00c1CIL DE USAR: su cristal templado y pantalla LCD de 62 x 27 mm la hacen f\u00e1cil de usar y leer los resultados cada vez que te peses. Adem\u00e1s, la b\u00e1scula de ba\u00f1o cuenta con apagado autom\u00e1tico e indicador de bater\u00eda baja.<br \/>\n&#8211; PILAS AAA: para usar la b\u00e1scula de ba\u00f1o solo necesitas 2 pilas AAA que no vienen incluidas. Empezar\u00e1s a disfrutar de sus beneficios al momento. Cuida de tu salud con nuestra b\u00e1scula inteligente.<\/p>\n<\/p><\/div>\n","protected":false},"excerpt":{"rendered":"<p>\ud83d\udfe5 GRAN OFERTA \ud83d\udfe5 #Publicidad #Amazon #16 \ud83d\udd34 B\u00e1scula inteligente \u2705 AHORA 13.43 \u20ac \u2714\ufe0f\ud83d\udfe1 \u274c Antes 14.95 \u20ac \ud83d\uded2: https:\/\/btz.es\/4Ky9Y0b &#8211; AN\u00c1LISIS COMPLETOS: con la b\u00e1scula inteligente de Kubo podr\u00e1s conocer 13 an\u00e1lisis diferentes y completos de tu salud, incluyendo peso, IMC, grasa corporal, agua corporal, masa muscular, entre otros. Te dar\u00e1 con precisi\u00f3n [&hellip;]<\/p>\n","protected":false},"featured_media":5167,"template":"","meta":{"_gspb_post_css":""},"store":[],"product_brand":[],"product_cat":[16],"product_tag":[],"class_list":{"0":"post-5168","1":"product","2":"type-product","3":"status-publish","4":"has-post-thumbnail","6":"product_cat-sin-categorizar","8":"first","9":"instock","10":"sale","11":"shipping-taxable","12":"product-type-external"},"jetpack_sharing_enabled":true,"_links":{"self":[{"href":"https:\/\/ofertacular.com\/index.php\/wp-json\/wp\/v2\/product\/5168","targetHints":{"allow":["GET"]}}],"collection":[{"href":"https:\/\/ofertacular.com\/index.php\/wp-json\/wp\/v2\/product"}],"about":[{"href":"https:\/\/ofertacular.com\/index.php\/wp-json\/wp\/v2\/types\/product"}],"wp:featuredmedia":[{"embeddable":true,"href":"https:\/\/ofertacular.com\/index.php\/wp-json\/wp\/v2\/media\/5167"}],"wp:attachment":[{"href":"https:\/\/ofertacular.com\/index.php\/wp-json\/wp\/v2\/media?parent=5168"}],"wp:term":[{"taxonomy":"store","embeddable":true,"href":"https:\/\/ofertacular.com\/index.php\/wp-json\/wp\/v2\/store?post=5168"},{"taxonomy":"product_brand","embeddable":true,"href":"https:\/\/ofertacular.com\/index.php\/wp-json\/wp\/v2\/product_brand?post=5168"},{"taxonomy":"product_cat","embeddable":true,"href":"https:\/\/ofertacular.com\/index.php\/wp-json\/wp\/v2\/product_cat?post=5168"},{"taxonomy":"product_tag","embeddable":true,"href":"https:\/\/ofertacular.com\/index.php\/wp-json\/wp\/v2\/product_tag?post=5168"}],"curies":[{"name":"wp","href":"https:\/\/api.w.org\/{rel}","templated":true}]}}