{"id":5172,"date":"2025-05-06T10:20:25","date_gmt":"2025-05-06T08:20:25","guid":{"rendered":"https:\/\/ofertacular.com\/index.php\/producto\/pizarra-magnetica\/"},"modified":"2025-05-06T10:20:25","modified_gmt":"2025-05-06T08:20:25","slug":"pizarra-magnetica","status":"publish","type":"product","link":"https:\/\/ofertacular.com\/index.php\/producto\/pizarra-magnetica\/","title":{"rendered":"Pizarra Magn\u00e9tica"},"content":{"rendered":"<div class=\"oferta-container\">\n<p>\ud83d\udfe5 <b>GRAN OFERTA<\/b> \ud83d\udfe5 #Publicidad #Amazon #16<\/p>\n<p>\ud83d\udd34 <b>Pizarra Magn\u00e9tica <\/b><\/p>\n<p>\u2705 <b>AHORA 8.61 \u20ac<\/b> \u2714\ufe0f\ud83d\udfe1<\/p>\n<p>\u274c Antes 11.18 \u20ac<\/p>\n<p>\ud83d\uded2: <a href=\"https:\/\/btz.es\/4Kzevou\" target=\"_blank\" rel=\"nofollow noopener\">https:\/\/btz.es\/4Kzevou<\/a><\/p>\n<p>&#8211; Pizarra blanca magn\u00e9tica para tomar notas, dibujar, organizar y m\u00e1s en casa o en la oficina<br \/>\n&#8211; La superficie blanca se puede escribir con rotuladores de borrado en seco y se puede limpiar f\u00e1cilmente<br \/>\n&#8211; La superficie magn\u00e9tica se puede utilizar para sujetar objetos livianos como referencia o exhibir con imanes de alta potencia<br \/>\n&#8211; Marco ligero de pl\u00e1stico y aluminio para un aspecto limpio y minimalista<br \/>\n&#8211; F\u00e1cil instalaci\u00f3n con almohadillas de montaje de espuma adhesiva presione contra la pared de 4 a 5 segundos para una adhesi\u00f3n prolongada<br \/>\n&#8211; Las dimensiones miden 21,6 x 28 cms<\/p>\n<\/p><\/div>\n","protected":false},"excerpt":{"rendered":"<p>\ud83d\udfe5 GRAN OFERTA \ud83d\udfe5 #Publicidad #Amazon #16 \ud83d\udd34 Pizarra Magn\u00e9tica \u2705 AHORA 8.61 \u20ac \u2714\ufe0f\ud83d\udfe1 \u274c Antes 11.18 \u20ac \ud83d\uded2: https:\/\/btz.es\/4Kzevou &#8211; Pizarra blanca magn\u00e9tica para tomar notas, dibujar, organizar y m\u00e1s en casa o en la oficina &#8211; La superficie blanca se puede escribir con rotuladores de borrado en seco y se puede limpiar [&hellip;]<\/p>\n","protected":false},"featured_media":5171,"template":"","meta":{"_gspb_post_css":""},"store":[],"product_brand":[],"product_cat":[16],"product_tag":[],"class_list":{"0":"post-5172","1":"product","2":"type-product","3":"status-publish","4":"has-post-thumbnail","6":"product_cat-sin-categorizar","8":"first","9":"instock","10":"sale","11":"shipping-taxable","12":"product-type-external"},"jetpack_sharing_enabled":true,"_links":{"self":[{"href":"https:\/\/ofertacular.com\/index.php\/wp-json\/wp\/v2\/product\/5172","targetHints":{"allow":["GET"]}}],"collection":[{"href":"https:\/\/ofertacular.com\/index.php\/wp-json\/wp\/v2\/product"}],"about":[{"href":"https:\/\/ofertacular.com\/index.php\/wp-json\/wp\/v2\/types\/product"}],"wp:featuredmedia":[{"embeddable":true,"href":"https:\/\/ofertacular.com\/index.php\/wp-json\/wp\/v2\/media\/5171"}],"wp:attachment":[{"href":"https:\/\/ofertacular.com\/index.php\/wp-json\/wp\/v2\/media?parent=5172"}],"wp:term":[{"taxonomy":"store","embeddable":true,"href":"https:\/\/ofertacular.com\/index.php\/wp-json\/wp\/v2\/store?post=5172"},{"taxonomy":"product_brand","embeddable":true,"href":"https:\/\/ofertacular.com\/index.php\/wp-json\/wp\/v2\/product_brand?post=5172"},{"taxonomy":"product_cat","embeddable":true,"href":"https:\/\/ofertacular.com\/index.php\/wp-json\/wp\/v2\/product_cat?post=5172"},{"taxonomy":"product_tag","embeddable":true,"href":"https:\/\/ofertacular.com\/index.php\/wp-json\/wp\/v2\/product_tag?post=5172"}],"curies":[{"name":"wp","href":"https:\/\/api.w.org\/{rel}","templated":true}]}}