{"id":5174,"date":"2025-05-06T10:27:16","date_gmt":"2025-05-06T08:27:16","guid":{"rendered":"https:\/\/ofertacular.com\/index.php\/producto\/cecotec-aspirador\/"},"modified":"2025-05-06T10:27:16","modified_gmt":"2025-05-06T08:27:16","slug":"cecotec-aspirador","status":"publish","type":"product","link":"https:\/\/ofertacular.com\/index.php\/producto\/cecotec-aspirador\/","title":{"rendered":"Cecotec Aspirador"},"content":{"rendered":"<div class=\"oferta-container\">\n<p>\ud83d\udfe5 <b>GRAN OFERTA<\/b> \ud83d\udfe5 #Publicidad #Amazon #16<\/p>\n<p>\ud83d\udd34 <b>Aspiradora Cecotec <\/b><\/p>\n<p>\u2705 <b>AHORA 49 \u20ac<\/b> \u2714\ufe0f\ud83d\udfe1<\/p>\n<p>\u274c Antes 149.00 \u20ac<\/p>\n<p>\ud83d\uded2: <a href=\"https:\/\/btz.es\/4Kzgebm\" target=\"_blank\" rel=\"nofollow noopener\">https:\/\/btz.es\/4Kzgebm<\/a><\/p>\n<p>&#8211; Limpiatapicer\u00edas a bater\u00eda con funci\u00f3n 3 en 1: pulveriza, limpia y aspira. Incluye un sistema de pulverizaci\u00f3n de agua en el cabezal para poder dosificar f\u00e1cilmente el caudal de agua y adecuar la cantidad de agua al tipo de superficie.<br \/>\n&#8211; Doble de autonom\u00eda: 60 minutos de autonom\u00eda gracias a sus dos bater\u00edas intercambiables.<br \/>\n&#8211; Gran poder de succi\u00f3n: 150 W para limpiar con facilidad incluso la suciedad m\u00e1s incrustada. Incluye una boquilla de succi\u00f3n con dos cepillos intercambiables.<br \/>\n&#8211; Ventanas impolutas: contiene un accesorio especial para la limpieza de ventanas, que te servir\u00e1 tanto para tu casa como para tu coche. Tambi\u00e9n incluye accesorio de autolimpieza para asegurar un f\u00e1cil mantenimiento de tu limpiatapicer\u00edas.<\/p>\n<\/p><\/div>\n","protected":false},"excerpt":{"rendered":"<p>\ud83d\udfe5 GRAN OFERTA \ud83d\udfe5 #Publicidad #Amazon #16 \ud83d\udd34 Aspiradora Cecotec \u2705 AHORA 49 \u20ac \u2714\ufe0f\ud83d\udfe1 \u274c Antes 149.00 \u20ac \ud83d\uded2: https:\/\/btz.es\/4Kzgebm &#8211; Limpiatapicer\u00edas a bater\u00eda con funci\u00f3n 3 en 1: pulveriza, limpia y aspira. Incluye un sistema de pulverizaci\u00f3n de agua en el cabezal para poder dosificar f\u00e1cilmente el caudal de agua y adecuar la [&hellip;]<\/p>\n","protected":false},"featured_media":5173,"template":"","meta":{"_gspb_post_css":""},"store":[],"product_brand":[],"product_cat":[16],"product_tag":[],"class_list":{"0":"post-5174","1":"product","2":"type-product","3":"status-publish","4":"has-post-thumbnail","6":"product_cat-sin-categorizar","8":"first","9":"instock","10":"sale","11":"shipping-taxable","12":"product-type-external"},"jetpack_sharing_enabled":true,"_links":{"self":[{"href":"https:\/\/ofertacular.com\/index.php\/wp-json\/wp\/v2\/product\/5174","targetHints":{"allow":["GET"]}}],"collection":[{"href":"https:\/\/ofertacular.com\/index.php\/wp-json\/wp\/v2\/product"}],"about":[{"href":"https:\/\/ofertacular.com\/index.php\/wp-json\/wp\/v2\/types\/product"}],"wp:featuredmedia":[{"embeddable":true,"href":"https:\/\/ofertacular.com\/index.php\/wp-json\/wp\/v2\/media\/5173"}],"wp:attachment":[{"href":"https:\/\/ofertacular.com\/index.php\/wp-json\/wp\/v2\/media?parent=5174"}],"wp:term":[{"taxonomy":"store","embeddable":true,"href":"https:\/\/ofertacular.com\/index.php\/wp-json\/wp\/v2\/store?post=5174"},{"taxonomy":"product_brand","embeddable":true,"href":"https:\/\/ofertacular.com\/index.php\/wp-json\/wp\/v2\/product_brand?post=5174"},{"taxonomy":"product_cat","embeddable":true,"href":"https:\/\/ofertacular.com\/index.php\/wp-json\/wp\/v2\/product_cat?post=5174"},{"taxonomy":"product_tag","embeddable":true,"href":"https:\/\/ofertacular.com\/index.php\/wp-json\/wp\/v2\/product_tag?post=5174"}],"curies":[{"name":"wp","href":"https:\/\/api.w.org\/{rel}","templated":true}]}}