{"id":5200,"date":"2025-05-06T11:44:45","date_gmt":"2025-05-06T09:44:45","guid":{"rendered":"https:\/\/ofertacular.com\/index.php\/producto\/aceitera-spray\/"},"modified":"2025-05-06T11:44:45","modified_gmt":"2025-05-06T09:44:45","slug":"aceitera-spray","status":"publish","type":"product","link":"https:\/\/ofertacular.com\/index.php\/producto\/aceitera-spray\/","title":{"rendered":"Aceitera Spray"},"content":{"rendered":"<div class=\"oferta-container\">\n<p>\ud83d\udfe5 <b>\u00a1DESCUENTO \u00daNICO!<\/b> \ud83d\udfe5 #Publicidad #Amazon #16<\/p>\n<p>\ud83d\udd34 <b>Aceitera Spray <\/b><\/p>\n<p>\u2705 <b>AHORA 6.99 \u20ac<\/b> \u2714\ufe0f\ud83d\udfe1<\/p>\n<p>\u274c Antes 8.99 \u20ac<\/p>\n<p>\ud83d\uded2: <a href=\"https:\/\/btz.es\/4Kzz93I\" target=\"_blank\" rel=\"nofollow noopener\">https:\/\/btz.es\/4Kzz93I<\/a><\/p>\n<p>&#8211; Pulverizador aceite spray con funci\u00f3n Dual y Versatilidad en la Cocina: Alterna entre rociar y verter aceite con un solo envase, ideal para cocinar a la plancha, hornear, aderezar ensaladas, barbacoas y m\u00e1s.<br \/>\n&#8211; Material Seguro y Duradero: Fabricado con vidrio grueso sin plomo y pl\u00e1stico PP de grado alimenticio, libre de BPA, garantizando seguridad y resistencia.<br \/>\n&#8211; Ecol\u00f3gico y F\u00e1cil de Recargar: Su capacidad de 500 ml reduce recargas frecuentes y su boca ancha permite un llenado sin derrames. Apto para lavavajillas para una limpieza sin esfuerzo.<br \/>\n&#8211; Mayor Control del Aceite: Permite ajustar la cantidad de aceite utilizado con precisi\u00f3n, ayudando a mantener una dieta equilibrada y saludable.<br \/>\n&#8211; Dise\u00f1o Ergon\u00f3mico y Limpio: Su mango trasero y boquilla orientada hacia el frente facilitan un uso c\u00f3modo y sin goteos, evitando ensuciarse las manos con esta aceitera spray pulverizador<\/p>\n<\/p><\/div>\n","protected":false},"excerpt":{"rendered":"<p>\ud83d\udfe5 \u00a1DESCUENTO \u00daNICO! \ud83d\udfe5 #Publicidad #Amazon #16 \ud83d\udd34 Aceitera Spray \u2705 AHORA 6.99 \u20ac \u2714\ufe0f\ud83d\udfe1 \u274c Antes 8.99 \u20ac \ud83d\uded2: https:\/\/btz.es\/4Kzz93I &#8211; Pulverizador aceite spray con funci\u00f3n Dual y Versatilidad en la Cocina: Alterna entre rociar y verter aceite con un solo envase, ideal para cocinar a la plancha, hornear, aderezar ensaladas, barbacoas y m\u00e1s. [&hellip;]<\/p>\n","protected":false},"featured_media":5199,"template":"","meta":{"_gspb_post_css":""},"store":[],"product_brand":[],"product_cat":[16],"product_tag":[],"class_list":{"0":"post-5200","1":"product","2":"type-product","3":"status-publish","4":"has-post-thumbnail","6":"product_cat-sin-categorizar","8":"first","9":"instock","10":"sale","11":"shipping-taxable","12":"product-type-external"},"jetpack_sharing_enabled":true,"_links":{"self":[{"href":"https:\/\/ofertacular.com\/index.php\/wp-json\/wp\/v2\/product\/5200","targetHints":{"allow":["GET"]}}],"collection":[{"href":"https:\/\/ofertacular.com\/index.php\/wp-json\/wp\/v2\/product"}],"about":[{"href":"https:\/\/ofertacular.com\/index.php\/wp-json\/wp\/v2\/types\/product"}],"wp:featuredmedia":[{"embeddable":true,"href":"https:\/\/ofertacular.com\/index.php\/wp-json\/wp\/v2\/media\/5199"}],"wp:attachment":[{"href":"https:\/\/ofertacular.com\/index.php\/wp-json\/wp\/v2\/media?parent=5200"}],"wp:term":[{"taxonomy":"store","embeddable":true,"href":"https:\/\/ofertacular.com\/index.php\/wp-json\/wp\/v2\/store?post=5200"},{"taxonomy":"product_brand","embeddable":true,"href":"https:\/\/ofertacular.com\/index.php\/wp-json\/wp\/v2\/product_brand?post=5200"},{"taxonomy":"product_cat","embeddable":true,"href":"https:\/\/ofertacular.com\/index.php\/wp-json\/wp\/v2\/product_cat?post=5200"},{"taxonomy":"product_tag","embeddable":true,"href":"https:\/\/ofertacular.com\/index.php\/wp-json\/wp\/v2\/product_tag?post=5200"}],"curies":[{"name":"wp","href":"https:\/\/api.w.org\/{rel}","templated":true}]}}