{"id":5202,"date":"2025-05-06T11:47:31","date_gmt":"2025-05-06T09:47:31","guid":{"rendered":"https:\/\/ofertacular.com\/index.php\/producto\/amazfit-cheetah\/"},"modified":"2025-05-06T11:47:31","modified_gmt":"2025-05-06T09:47:31","slug":"amazfit-cheetah","status":"publish","type":"product","link":"https:\/\/ofertacular.com\/index.php\/producto\/amazfit-cheetah\/","title":{"rendered":"Amazfit Cheetah"},"content":{"rendered":"<div class=\"oferta-container\">\n<p>\ud83d\udfe5 <b>EXCLUSIVO<\/b> \ud83d\udfe5 #Publicidad #Amazon #4<\/p>\n<p>\ud83d\udd34 <b>Reloj deportivo <\/b><\/p>\n<p>\u2705 <b>AHORA 99.9 \u20ac<\/b> \u2714\ufe0f\ud83d\udfe1<\/p>\n<p>\u274c Antes 229.90 \u20ac<\/p>\n<p>\ud83d\uded2: <a href=\"https:\/\/btz.es\/4Kz0qH9\" target=\"_blank\" rel=\"nofollow noopener\">https:\/\/btz.es\/4Kz0qH9<\/a><\/p>\n<p>&#8211; MaxTrac: Tecnolog\u00eda GPS l\u00edder en la industria: La tecnolog\u00eda de antena GPS de doble banda polarizada circularmente de Amazfit, denominada MaxTrac, permite a este smartwatch GPS captar casi el 100% de las se\u00f1ales de sat\u00e9lite. Esta tecnolog\u00eda reduce las interferencias multitrayecto con el fin de rastrear tu posici\u00f3n con la m\u00e1xima precisi\u00f3n, incluso si est\u00e1s corriendo en ciudades densas con edificios altos o parques con \u00e1rboles altos.<br \/>\n&#8211; Entrenador de carrera personalizado con AI: Zepp Coach aprovecha el poder de la AI para ofrecer planes de carrera personalizados. Tu plan de carrera se elabora en funci\u00f3n de tu nivel actual, el tipo y la fecha de la carrera y tu objetivo para la misma. Para ayudarte a prepararte para el d\u00eda de la carrera en las condiciones ideales, Zepp Coach ajustar\u00e1 de forma inteligente tu plan cada semana en funci\u00f3n de tu rendimiento y te proporcionar\u00e1 orientaci\u00f3n cient\u00edfica a medida que progreses.<br \/>\n&#8211; Navegaci\u00f3n precisa por rutas y mapas sin conexi\u00f3n: Con este reloj deportivo, siempre sabr\u00e1s por d\u00f3nde correr. Descarga un mapa en color de la zona por la que vas a correr desde la aplicaci\u00f3n Zepp e imp\u00f3rtalo al reloj para conocer en detalle tu entorno. Empareja el mapa con un archivo de ruta importado que coincida y navega con una precisi\u00f3n incre\u00edble mientras corres.<br \/>\n&#8211; Datos avanzados de salud y forma f\u00edsica 24\/7: El sensor \u00f3ptico BioTracker PPG permite monitorizar con gran precisi\u00f3n la frecuencia cardiaca, el ox\u00edgeno en sangre, el nivel de estr\u00e9s y la calidad del sue\u00f1o. El sistema operativo Zepp OS 2.0 centrado en la salud permite la conexi\u00f3n a dispositivos de fitness profesionales, como un cintur\u00f3n externo con puls\u00f3metro, gracias a su potente conectividad Bluetooth.<br \/>\n&#8211; Amazon&#8217;s Alexa on-the-go: Ll\u00e9vate el asistente de voz Alexa contigo en tus aventuras y entrenamientos. Totalmente activado por voz, Alexa puede ayudarte a responder a tus mensajes, controlar tus apps de m\u00fasica, comprar sobre la marcha o ayudarte a encontrar los puntos de inter\u00e9s m\u00e1s cercanos.<\/p>\n<\/p><\/div>\n","protected":false},"excerpt":{"rendered":"<p>\ud83d\udfe5 EXCLUSIVO \ud83d\udfe5 #Publicidad #Amazon #4 \ud83d\udd34 Reloj deportivo \u2705 AHORA 99.9 \u20ac \u2714\ufe0f\ud83d\udfe1 \u274c Antes 229.90 \u20ac \ud83d\uded2: https:\/\/btz.es\/4Kz0qH9 &#8211; MaxTrac: Tecnolog\u00eda GPS l\u00edder en la industria: La tecnolog\u00eda de antena GPS de doble banda polarizada circularmente de Amazfit, denominada MaxTrac, permite a este smartwatch GPS captar casi el 100% de las se\u00f1ales de [&hellip;]<\/p>\n","protected":false},"featured_media":5201,"template":"","meta":{"_gspb_post_css":""},"store":[],"product_brand":[],"product_cat":[16],"product_tag":[],"class_list":{"0":"post-5202","1":"product","2":"type-product","3":"status-publish","4":"has-post-thumbnail","6":"product_cat-sin-categorizar","8":"first","9":"instock","10":"sale","11":"shipping-taxable","12":"product-type-external"},"jetpack_sharing_enabled":true,"_links":{"self":[{"href":"https:\/\/ofertacular.com\/index.php\/wp-json\/wp\/v2\/product\/5202","targetHints":{"allow":["GET"]}}],"collection":[{"href":"https:\/\/ofertacular.com\/index.php\/wp-json\/wp\/v2\/product"}],"about":[{"href":"https:\/\/ofertacular.com\/index.php\/wp-json\/wp\/v2\/types\/product"}],"wp:featuredmedia":[{"embeddable":true,"href":"https:\/\/ofertacular.com\/index.php\/wp-json\/wp\/v2\/media\/5201"}],"wp:attachment":[{"href":"https:\/\/ofertacular.com\/index.php\/wp-json\/wp\/v2\/media?parent=5202"}],"wp:term":[{"taxonomy":"store","embeddable":true,"href":"https:\/\/ofertacular.com\/index.php\/wp-json\/wp\/v2\/store?post=5202"},{"taxonomy":"product_brand","embeddable":true,"href":"https:\/\/ofertacular.com\/index.php\/wp-json\/wp\/v2\/product_brand?post=5202"},{"taxonomy":"product_cat","embeddable":true,"href":"https:\/\/ofertacular.com\/index.php\/wp-json\/wp\/v2\/product_cat?post=5202"},{"taxonomy":"product_tag","embeddable":true,"href":"https:\/\/ofertacular.com\/index.php\/wp-json\/wp\/v2\/product_tag?post=5202"}],"curies":[{"name":"wp","href":"https:\/\/api.w.org\/{rel}","templated":true}]}}