{"id":5204,"date":"2025-05-06T11:50:52","date_gmt":"2025-05-06T09:50:52","guid":{"rendered":"https:\/\/ofertacular.com\/index.php\/producto\/charged-pursuit-2\/"},"modified":"2025-05-06T11:50:52","modified_gmt":"2025-05-06T09:50:52","slug":"charged-pursuit-2","status":"publish","type":"product","link":"https:\/\/ofertacular.com\/index.php\/producto\/charged-pursuit-2\/","title":{"rendered":"Charged Pursuit"},"content":{"rendered":"<div class=\"oferta-container\">\n<p>\ud83d\udfe5 <b>GRAN OFERTA<\/b> \ud83d\udfe5 #Publicidad #Amazon #16<\/p>\n<p>\ud83d\udd34 <b>Videojuego Acci\u00f3n <\/b><\/p>\n<p>\u2705 <b>AHORA 36.54 \u20ac<\/b> \u2714\ufe0f\ud83d\udfe1<\/p>\n<p>\u274c Antes 70.00 \u20ac<\/p>\n<p>\ud83d\uded2: <a href=\"https:\/\/btz.es\/4Kz1gR3\" target=\"_blank\" rel=\"nofollow noopener\">https:\/\/btz.es\/4Kz1gR3<\/a><\/p>\n<p>&#8211; Parte superior de malla para ligereza y transpirabilidad<br \/>\n&#8211; Suela exterior duradera para flexibilidad y tracci\u00f3n<br \/>\n&#8211; Plantilla de espuma de alta calidad que se adapta con precisi\u00f3n a la forma de tu pie para proporcionar un apoyo adicional a la planta del pie<br \/>\n&#8211; La entresuela Charged Cushioning est\u00e1 hecha de espuma compactada para una mejor capacidad de respuesta y durabilidad<br \/>\n&#8211; Las almohadillas de espuma alrededor del borde y debajo de la leng\u00fceta proporcionan un ajuste c\u00f3modo y una excelente sensaci\u00f3n de uso<\/p>\n<\/p><\/div>\n","protected":false},"excerpt":{"rendered":"<p>\ud83d\udfe5 GRAN OFERTA \ud83d\udfe5 #Publicidad #Amazon #16 \ud83d\udd34 Videojuego Acci\u00f3n \u2705 AHORA 36.54 \u20ac \u2714\ufe0f\ud83d\udfe1 \u274c Antes 70.00 \u20ac \ud83d\uded2: https:\/\/btz.es\/4Kz1gR3 &#8211; Parte superior de malla para ligereza y transpirabilidad &#8211; Suela exterior duradera para flexibilidad y tracci\u00f3n &#8211; Plantilla de espuma de alta calidad que se adapta con precisi\u00f3n a la forma de tu [&hellip;]<\/p>\n","protected":false},"featured_media":5203,"template":"","meta":{"_gspb_post_css":""},"store":[],"product_brand":[],"product_cat":[16],"product_tag":[],"class_list":{"0":"post-5204","1":"product","2":"type-product","3":"status-publish","4":"has-post-thumbnail","6":"product_cat-sin-categorizar","8":"first","9":"instock","10":"sale","11":"shipping-taxable","12":"product-type-external"},"jetpack_sharing_enabled":true,"_links":{"self":[{"href":"https:\/\/ofertacular.com\/index.php\/wp-json\/wp\/v2\/product\/5204","targetHints":{"allow":["GET"]}}],"collection":[{"href":"https:\/\/ofertacular.com\/index.php\/wp-json\/wp\/v2\/product"}],"about":[{"href":"https:\/\/ofertacular.com\/index.php\/wp-json\/wp\/v2\/types\/product"}],"wp:featuredmedia":[{"embeddable":true,"href":"https:\/\/ofertacular.com\/index.php\/wp-json\/wp\/v2\/media\/5203"}],"wp:attachment":[{"href":"https:\/\/ofertacular.com\/index.php\/wp-json\/wp\/v2\/media?parent=5204"}],"wp:term":[{"taxonomy":"store","embeddable":true,"href":"https:\/\/ofertacular.com\/index.php\/wp-json\/wp\/v2\/store?post=5204"},{"taxonomy":"product_brand","embeddable":true,"href":"https:\/\/ofertacular.com\/index.php\/wp-json\/wp\/v2\/product_brand?post=5204"},{"taxonomy":"product_cat","embeddable":true,"href":"https:\/\/ofertacular.com\/index.php\/wp-json\/wp\/v2\/product_cat?post=5204"},{"taxonomy":"product_tag","embeddable":true,"href":"https:\/\/ofertacular.com\/index.php\/wp-json\/wp\/v2\/product_tag?post=5204"}],"curies":[{"name":"wp","href":"https:\/\/api.w.org\/{rel}","templated":true}]}}