{"id":5220,"date":"2025-05-07T08:32:45","date_gmt":"2025-05-07T06:32:45","guid":{"rendered":"https:\/\/ofertacular.com\/index.php\/producto\/speedo-banador\/"},"modified":"2025-05-07T08:32:45","modified_gmt":"2025-05-07T06:32:45","slug":"speedo-banador","status":"publish","type":"product","link":"https:\/\/ofertacular.com\/index.php\/producto\/speedo-banador\/","title":{"rendered":"Speedo Ba\u00f1ador"},"content":{"rendered":"<div class=\"oferta-container\">\n<p>\ud83d\udfe5 <b>DESCUENTAZO<\/b> \ud83d\udfe5 #Publicidad #Amazon #16<\/p>\n<p>\ud83d\udd34 <b>Ba\u00f1ador Speedo <\/b><\/p>\n<p>\u2705 <b>AHORA 15.95 \u20ac<\/b> \u2714\ufe0f\ud83d\udfe1<\/p>\n<p>\u274c Antes 33.00 \u20ac<\/p>\n<p>\ud83d\uded2: <a href=\"https:\/\/btz.es\/4K43Lj3\" target=\"_blank\" rel=\"nofollow noopener\">https:\/\/btz.es\/4K43Lj3<\/a><\/p>\n<p>&#8211; \u00d3ptima resistencia al cloro que las telas de los trajes de ba\u00f1o est\u00e1ndar: se ajusta como si fuera durante m\u00e1s tiempo gracias a Creora HighClo<br \/>\n&#8211; Mantiene la forma: la tela se estira para llevar el ba\u00f1ador sin sentirlo apretado<\/p>\n<\/p><\/div>\n","protected":false},"excerpt":{"rendered":"<p>\ud83d\udfe5 DESCUENTAZO \ud83d\udfe5 #Publicidad #Amazon #16 \ud83d\udd34 Ba\u00f1ador Speedo \u2705 AHORA 15.95 \u20ac \u2714\ufe0f\ud83d\udfe1 \u274c Antes 33.00 \u20ac \ud83d\uded2: https:\/\/btz.es\/4K43Lj3 &#8211; \u00d3ptima resistencia al cloro que las telas de los trajes de ba\u00f1o est\u00e1ndar: se ajusta como si fuera durante m\u00e1s tiempo gracias a Creora HighClo &#8211; Mantiene la forma: la tela se estira para [&hellip;]<\/p>\n","protected":false},"featured_media":5219,"template":"","meta":{"_gspb_post_css":""},"store":[],"product_brand":[],"product_cat":[16],"product_tag":[],"class_list":{"0":"post-5220","1":"product","2":"type-product","3":"status-publish","4":"has-post-thumbnail","6":"product_cat-sin-categorizar","8":"first","9":"instock","10":"sale","11":"shipping-taxable","12":"product-type-external"},"jetpack_sharing_enabled":true,"_links":{"self":[{"href":"https:\/\/ofertacular.com\/index.php\/wp-json\/wp\/v2\/product\/5220","targetHints":{"allow":["GET"]}}],"collection":[{"href":"https:\/\/ofertacular.com\/index.php\/wp-json\/wp\/v2\/product"}],"about":[{"href":"https:\/\/ofertacular.com\/index.php\/wp-json\/wp\/v2\/types\/product"}],"wp:featuredmedia":[{"embeddable":true,"href":"https:\/\/ofertacular.com\/index.php\/wp-json\/wp\/v2\/media\/5219"}],"wp:attachment":[{"href":"https:\/\/ofertacular.com\/index.php\/wp-json\/wp\/v2\/media?parent=5220"}],"wp:term":[{"taxonomy":"store","embeddable":true,"href":"https:\/\/ofertacular.com\/index.php\/wp-json\/wp\/v2\/store?post=5220"},{"taxonomy":"product_brand","embeddable":true,"href":"https:\/\/ofertacular.com\/index.php\/wp-json\/wp\/v2\/product_brand?post=5220"},{"taxonomy":"product_cat","embeddable":true,"href":"https:\/\/ofertacular.com\/index.php\/wp-json\/wp\/v2\/product_cat?post=5220"},{"taxonomy":"product_tag","embeddable":true,"href":"https:\/\/ofertacular.com\/index.php\/wp-json\/wp\/v2\/product_tag?post=5220"}],"curies":[{"name":"wp","href":"https:\/\/api.w.org\/{rel}","templated":true}]}}