{"id":5226,"date":"2025-05-07T10:03:04","date_gmt":"2025-05-07T08:03:04","guid":{"rendered":"https:\/\/ofertacular.com\/index.php\/producto\/espumador-leche\/"},"modified":"2025-05-07T10:03:04","modified_gmt":"2025-05-07T08:03:04","slug":"espumador-leche","status":"publish","type":"product","link":"https:\/\/ofertacular.com\/index.php\/producto\/espumador-leche\/","title":{"rendered":"Espumador Leche"},"content":{"rendered":"<div class=\"oferta-container\">\n<p>\ud83d\udfe5 <b>\u00a1APROVECHA!<\/b> \ud83d\udfe5 #Publicidad #Amazon #16<\/p>\n<p>\ud83d\udd34 <b>Espumador Leche <\/b><\/p>\n<p>\u2705 <b>AHORA 5.99 \u20ac<\/b> \u2714\ufe0f\ud83d\udfe1<\/p>\n<p>\u274c Antes 8.99 \u20ac<\/p>\n<p>\ud83d\uded2: <a href=\"https:\/\/btz.es\/4K4Q4Mi\" target=\"_blank\" rel=\"nofollow noopener\">https:\/\/btz.es\/4K4Q4Mi<\/a><\/p>\n<p>&#8211; PR\u00c1CTICA ESPUMADORA DE MANO: batidor manual y emulsionador para espumar leche f\u00e1cil y r\u00e1pidamente y preparar en casa un aut\u00e9ntico capuccino con una gruesa capa de espuma; funciona con 2 pilas AA no incluidas<br \/>\n&#8211; C\u00d3MODO Y F\u00c1CIL: solo hay que verter un poco de leche en un vaso y utilizar el batidor para espumarla, y luego a\u00f1adir el caf\u00e9; adecuado para batir natillas, salsas y ali\u00f1os en peque\u00f1as cantidades<br \/>\n&#8211; VERS\u00c1TIL: Este batidor espumador electrico y batidor de te matcha vale para espumar leche y bebidas vegetales calientes y fr\u00edas, y tambi\u00e9n para preparar batidos de cacao y batidos de prote\u00ednas para deportistas<br \/>\n&#8211; LIMPIEZA F\u00c1CIL: el cuerpo del batidor de leche es de pl\u00e1stico r\u00edgido ABS, con varilla de acero inoxidable: se puede lavar a mano, procurando no mojar el cuerpo donde se encuentran las pilas<br \/>\n&#8211; LIGERO: 20&#215;3, 5cm y 50 gr de peso, compacto y ligero, esta batidora peque\u00f1a para batidos cabe en cualquier caj\u00f3n de la cocina y es c\u00f3modo de usar<\/p>\n<\/p><\/div>\n","protected":false},"excerpt":{"rendered":"<p>\ud83d\udfe5 \u00a1APROVECHA! \ud83d\udfe5 #Publicidad #Amazon #16 \ud83d\udd34 Espumador Leche \u2705 AHORA 5.99 \u20ac \u2714\ufe0f\ud83d\udfe1 \u274c Antes 8.99 \u20ac \ud83d\uded2: https:\/\/btz.es\/4K4Q4Mi &#8211; PR\u00c1CTICA ESPUMADORA DE MANO: batidor manual y emulsionador para espumar leche f\u00e1cil y r\u00e1pidamente y preparar en casa un aut\u00e9ntico capuccino con una gruesa capa de espuma; funciona con 2 pilas AA no incluidas [&hellip;]<\/p>\n","protected":false},"featured_media":5225,"template":"","meta":{"_gspb_post_css":""},"store":[],"product_brand":[],"product_cat":[16],"product_tag":[],"class_list":{"0":"post-5226","1":"product","2":"type-product","3":"status-publish","4":"has-post-thumbnail","6":"product_cat-sin-categorizar","8":"first","9":"instock","10":"sale","11":"shipping-taxable","12":"product-type-external"},"jetpack_sharing_enabled":true,"_links":{"self":[{"href":"https:\/\/ofertacular.com\/index.php\/wp-json\/wp\/v2\/product\/5226","targetHints":{"allow":["GET"]}}],"collection":[{"href":"https:\/\/ofertacular.com\/index.php\/wp-json\/wp\/v2\/product"}],"about":[{"href":"https:\/\/ofertacular.com\/index.php\/wp-json\/wp\/v2\/types\/product"}],"wp:featuredmedia":[{"embeddable":true,"href":"https:\/\/ofertacular.com\/index.php\/wp-json\/wp\/v2\/media\/5225"}],"wp:attachment":[{"href":"https:\/\/ofertacular.com\/index.php\/wp-json\/wp\/v2\/media?parent=5226"}],"wp:term":[{"taxonomy":"store","embeddable":true,"href":"https:\/\/ofertacular.com\/index.php\/wp-json\/wp\/v2\/store?post=5226"},{"taxonomy":"product_brand","embeddable":true,"href":"https:\/\/ofertacular.com\/index.php\/wp-json\/wp\/v2\/product_brand?post=5226"},{"taxonomy":"product_cat","embeddable":true,"href":"https:\/\/ofertacular.com\/index.php\/wp-json\/wp\/v2\/product_cat?post=5226"},{"taxonomy":"product_tag","embeddable":true,"href":"https:\/\/ofertacular.com\/index.php\/wp-json\/wp\/v2\/product_tag?post=5226"}],"curies":[{"name":"wp","href":"https:\/\/api.w.org\/{rel}","templated":true}]}}