{"id":5238,"date":"2025-05-07T10:23:11","date_gmt":"2025-05-07T08:23:11","guid":{"rendered":"https:\/\/ofertacular.com\/index.php\/producto\/ecoalf-sneakers\/"},"modified":"2025-05-07T10:23:11","modified_gmt":"2025-05-07T08:23:11","slug":"ecoalf-sneakers","status":"publish","type":"product","link":"https:\/\/ofertacular.com\/index.php\/producto\/ecoalf-sneakers\/","title":{"rendered":"ECOALF Sneakers"},"content":{"rendered":"<div class=\"oferta-container\">\n<p>\ud83d\udfe5 <b>\u00a1OFERT\u00d3N!<\/b> \ud83d\udfe5 #Publicidad #Amazon #16<\/p>\n<p>\ud83d\udd34 <b>Sneakers ECOALF <\/b><\/p>\n<p>\u2705 <b>AHORA 18.54 \u20ac<\/b> \u2714\ufe0f\ud83d\udfe1<\/p>\n<p>\u274c Antes 20.60 \u20ac<\/p>\n<p>\ud83d\uded2: <a href=\"https:\/\/btz.es\/4K4V9aj\" target=\"_blank\" rel=\"nofollow noopener\">https:\/\/btz.es\/4K4V9aj<\/a><\/p>\n<p>&#8211; POLI\u00c9STER RECICLADO: Las zapatillas est\u00e1n realizadas en 100% poli\u00e9ster reciclado, el forro y la plantilla son 100% poli\u00e9ster, mientras que la suela es 100% goma<br \/>\n&#8211; VEGANAS: Las zapatillas son de dise\u00f1o vintage, hechas principalmente con poli\u00e9ster reciclado, veganas y ligeras Su cierre es de cordones y su puntera redondeada<br \/>\n&#8211; BCOME: El Sistema de Evaluaci\u00f3n de BCOME punt\u00faa el grado de eficiencia ambiental, social y \u00e9tica de Ecoalf seg\u00fan sus adecuado iniciativas sostenibles realizadas a lo largo de su cadena de valor<br \/>\n&#8211; RECICLADO Y VEGANO: Este producto es, por su fabricaci\u00f3n, vegano y promueve la econom\u00eda circular, siendo ejemplo de sostenibilidad y protecci\u00f3n de la biodiversidad<br \/>\n&#8211; ECOALF: Nacimos para proteger los recursos naturales del planeta y crear una marca de estilo de vida sostenible, liderando el cambio con los productos que creamos ECOALF es innovaci\u00f3n, sostenibilidad y dise\u00f1o<\/p>\n<\/p><\/div>\n","protected":false},"excerpt":{"rendered":"<p>\ud83d\udfe5 \u00a1OFERT\u00d3N! \ud83d\udfe5 #Publicidad #Amazon #16 \ud83d\udd34 Sneakers ECOALF \u2705 AHORA 18.54 \u20ac \u2714\ufe0f\ud83d\udfe1 \u274c Antes 20.60 \u20ac \ud83d\uded2: https:\/\/btz.es\/4K4V9aj &#8211; POLI\u00c9STER RECICLADO: Las zapatillas est\u00e1n realizadas en 100% poli\u00e9ster reciclado, el forro y la plantilla son 100% poli\u00e9ster, mientras que la suela es 100% goma &#8211; VEGANAS: Las zapatillas son de dise\u00f1o vintage, hechas [&hellip;]<\/p>\n","protected":false},"featured_media":5237,"template":"","meta":{"_gspb_post_css":""},"store":[],"product_brand":[],"product_cat":[16],"product_tag":[],"class_list":{"0":"post-5238","1":"product","2":"type-product","3":"status-publish","4":"has-post-thumbnail","6":"product_cat-sin-categorizar","8":"first","9":"instock","10":"sale","11":"shipping-taxable","12":"product-type-external"},"jetpack_sharing_enabled":true,"_links":{"self":[{"href":"https:\/\/ofertacular.com\/index.php\/wp-json\/wp\/v2\/product\/5238","targetHints":{"allow":["GET"]}}],"collection":[{"href":"https:\/\/ofertacular.com\/index.php\/wp-json\/wp\/v2\/product"}],"about":[{"href":"https:\/\/ofertacular.com\/index.php\/wp-json\/wp\/v2\/types\/product"}],"wp:featuredmedia":[{"embeddable":true,"href":"https:\/\/ofertacular.com\/index.php\/wp-json\/wp\/v2\/media\/5237"}],"wp:attachment":[{"href":"https:\/\/ofertacular.com\/index.php\/wp-json\/wp\/v2\/media?parent=5238"}],"wp:term":[{"taxonomy":"store","embeddable":true,"href":"https:\/\/ofertacular.com\/index.php\/wp-json\/wp\/v2\/store?post=5238"},{"taxonomy":"product_brand","embeddable":true,"href":"https:\/\/ofertacular.com\/index.php\/wp-json\/wp\/v2\/product_brand?post=5238"},{"taxonomy":"product_cat","embeddable":true,"href":"https:\/\/ofertacular.com\/index.php\/wp-json\/wp\/v2\/product_cat?post=5238"},{"taxonomy":"product_tag","embeddable":true,"href":"https:\/\/ofertacular.com\/index.php\/wp-json\/wp\/v2\/product_tag?post=5238"}],"curies":[{"name":"wp","href":"https:\/\/api.w.org\/{rel}","templated":true}]}}