{"id":5240,"date":"2025-05-07T10:33:06","date_gmt":"2025-05-07T08:33:06","guid":{"rendered":"https:\/\/ofertacular.com\/index.php\/producto\/bali-ambientadores-pack\/"},"modified":"2025-05-07T10:33:06","modified_gmt":"2025-05-07T08:33:06","slug":"bali-ambientadores-pack","status":"publish","type":"product","link":"https:\/\/ofertacular.com\/index.php\/producto\/bali-ambientadores-pack\/","title":{"rendered":"Bali Ambientadores Pack"},"content":{"rendered":"<div class=\"oferta-container\">\n<p>\ud83d\udfe5 <b>\u00a1NO TE LA PIERDAS!<\/b> \ud83d\udfe5 #Publicidad #Amazon #16<\/p>\n<p>\ud83d\udd34 <b>Ambientadores Pack <\/b><\/p>\n<p>\u2705 <b>AHORA 6.87 \u20ac<\/b> \u2714\ufe0f\ud83d\udfe1<\/p>\n<p>\u274c Antes <\/p>\n<p>\ud83d\uded2: <a href=\"https:\/\/btz.es\/4K4YdHx\" target=\"_blank\" rel=\"nofollow noopener\">https:\/\/btz.es\/4K4YdHx<\/a><\/p>\n<p>&#8211; Elimina los malos olores: Este ambientador coche aire para autom\u00f3viles est\u00e1 especialmente dise\u00f1ado para absorber los malos olores de su veh\u00edculo y dejarlo con un aroma fresco y limpio.<br \/>\n&#8211; Fragancia duradera: El ambientador coche nuevo proporciona un aroma agradable que dura semanas, lo que hace que su viaje diario sea m\u00e1s agradable.<br \/>\n&#8211; F\u00e1cil de usar: Simplemente coloque ambientador coche olor nuevo en su autom\u00f3vil y d\u00e9jelo hacer su magia.<br \/>\n&#8211; Seguro y eficaz: El ambientador de coche con 0% alcohol con un aroma intenso y duradero.<br \/>\n&#8211; Dise\u00f1o elegante: el ambientador para autom\u00f3vil tiene un dise\u00f1o moderno que complementar\u00e1 el interior de cualquier veh\u00edculo. Tambi\u00e9n es lo suficientemente peque\u00f1o como para caber en espacios reducidos sin obstruir la vista mientras conduce.<\/p>\n<\/p><\/div>\n","protected":false},"excerpt":{"rendered":"<p>\ud83d\udfe5 \u00a1NO TE LA PIERDAS! \ud83d\udfe5 #Publicidad #Amazon #16 \ud83d\udd34 Ambientadores Pack \u2705 AHORA 6.87 \u20ac \u2714\ufe0f\ud83d\udfe1 \u274c Antes \ud83d\uded2: https:\/\/btz.es\/4K4YdHx &#8211; Elimina los malos olores: Este ambientador coche aire para autom\u00f3viles est\u00e1 especialmente dise\u00f1ado para absorber los malos olores de su veh\u00edculo y dejarlo con un aroma fresco y limpio. &#8211; Fragancia duradera: El [&hellip;]<\/p>\n","protected":false},"featured_media":5239,"template":"","meta":{"_gspb_post_css":""},"store":[],"product_brand":[],"product_cat":[16],"product_tag":[],"class_list":{"0":"post-5240","1":"product","2":"type-product","3":"status-publish","4":"has-post-thumbnail","6":"product_cat-sin-categorizar","8":"first","9":"instock","10":"shipping-taxable","11":"product-type-external"},"jetpack_sharing_enabled":true,"_links":{"self":[{"href":"https:\/\/ofertacular.com\/index.php\/wp-json\/wp\/v2\/product\/5240","targetHints":{"allow":["GET"]}}],"collection":[{"href":"https:\/\/ofertacular.com\/index.php\/wp-json\/wp\/v2\/product"}],"about":[{"href":"https:\/\/ofertacular.com\/index.php\/wp-json\/wp\/v2\/types\/product"}],"wp:featuredmedia":[{"embeddable":true,"href":"https:\/\/ofertacular.com\/index.php\/wp-json\/wp\/v2\/media\/5239"}],"wp:attachment":[{"href":"https:\/\/ofertacular.com\/index.php\/wp-json\/wp\/v2\/media?parent=5240"}],"wp:term":[{"taxonomy":"store","embeddable":true,"href":"https:\/\/ofertacular.com\/index.php\/wp-json\/wp\/v2\/store?post=5240"},{"taxonomy":"product_brand","embeddable":true,"href":"https:\/\/ofertacular.com\/index.php\/wp-json\/wp\/v2\/product_brand?post=5240"},{"taxonomy":"product_cat","embeddable":true,"href":"https:\/\/ofertacular.com\/index.php\/wp-json\/wp\/v2\/product_cat?post=5240"},{"taxonomy":"product_tag","embeddable":true,"href":"https:\/\/ofertacular.com\/index.php\/wp-json\/wp\/v2\/product_tag?post=5240"}],"curies":[{"name":"wp","href":"https:\/\/api.w.org\/{rel}","templated":true}]}}