{"id":5242,"date":"2025-05-07T10:35:25","date_gmt":"2025-05-07T08:35:25","guid":{"rendered":"https:\/\/ofertacular.com\/index.php\/producto\/nocilla-crema\/"},"modified":"2025-05-07T10:35:25","modified_gmt":"2025-05-07T08:35:25","slug":"nocilla-crema","status":"publish","type":"product","link":"https:\/\/ofertacular.com\/index.php\/producto\/nocilla-crema\/","title":{"rendered":"Nocilla Crema"},"content":{"rendered":"<div class=\"oferta-container\">\n<p>\ud83d\udfe5 <b>EXCLUSIVO<\/b> \ud83d\udfe5 #Publicidad #Amazon #16<\/p>\n<p>\ud83d\udd34 <b>Crema Nocilla <\/b><\/p>\n<p>\u2705 <b>AHORA 5.75 \u20ac<\/b> \u2714\ufe0f\ud83d\udfe1<\/p>\n<p>\u274c Antes 6.65 \u20ac<\/p>\n<p>\ud83d\uded2: <a href=\"https:\/\/btz.es\/4K4YDMA\" target=\"_blank\" rel=\"nofollow noopener\">https:\/\/btz.es\/4K4YDMA<\/a><\/p>\n<p>&#8211; \ud83c\udf6b NOCILLA ORIGINAL: La cl\u00e1sica crema de cacao con avellanas, con textura cremosa y sabor inconfundible, perfecta para untar, mezclar o disfrutar a cucharadas en cualquier momento.<br \/>\n&#8211; \ud83d\udeab\ud83c\udf3f SIN ACEITE DE PALMA: Elaborada sin aceite de palma, manteniendo su delicioso sabor con ingredientes de calidad.<br \/>\n&#8211; \ud83e\udd5b\u2728 TARRINA FAMILIAR 750g: Formato ideal para compartir en familia, ideal para desayunos, meriendas o como ingrediente estrella en tus recetas dulces.<br \/>\n&#8211; \ud83d\udcaa\ud83e\udd44 NUTRICI\u00d3N: Fuente de calcio, SIN GLUTEN y perfecta para toda la familia. \u00dasala para untar, rellenar postres o dar un toque especial a tus creaciones culinarias. \u00a1Convierte tus recetas en delicias!<br \/>\n&#8211; \u26a0\ufe0f\ud83c\udf30\ud83e\udd5b AL\u00c9RGENOS Y CONSERVACI\u00d3N: Contiene leche, avellanas y soja. Cons\u00e9rvala en un lugar fresco y seco para mantener su sabor y textura perfectos. \u00a1Nocillea y disfruta! \ud83e\udd70<\/p>\n<\/p><\/div>\n","protected":false},"excerpt":{"rendered":"<p>\ud83d\udfe5 EXCLUSIVO \ud83d\udfe5 #Publicidad #Amazon #16 \ud83d\udd34 Crema Nocilla \u2705 AHORA 5.75 \u20ac \u2714\ufe0f\ud83d\udfe1 \u274c Antes 6.65 \u20ac \ud83d\uded2: https:\/\/btz.es\/4K4YDMA &#8211; \ud83c\udf6b NOCILLA ORIGINAL: La cl\u00e1sica crema de cacao con avellanas, con textura cremosa y sabor inconfundible, perfecta para untar, mezclar o disfrutar a cucharadas en cualquier momento. &#8211; \ud83d\udeab\ud83c\udf3f SIN ACEITE DE PALMA: Elaborada [&hellip;]<\/p>\n","protected":false},"featured_media":5241,"template":"","meta":{"_gspb_post_css":""},"store":[],"product_brand":[],"product_cat":[16],"product_tag":[],"class_list":{"0":"post-5242","1":"product","2":"type-product","3":"status-publish","4":"has-post-thumbnail","6":"product_cat-sin-categorizar","8":"first","9":"instock","10":"sale","11":"shipping-taxable","12":"product-type-external"},"jetpack_sharing_enabled":true,"_links":{"self":[{"href":"https:\/\/ofertacular.com\/index.php\/wp-json\/wp\/v2\/product\/5242","targetHints":{"allow":["GET"]}}],"collection":[{"href":"https:\/\/ofertacular.com\/index.php\/wp-json\/wp\/v2\/product"}],"about":[{"href":"https:\/\/ofertacular.com\/index.php\/wp-json\/wp\/v2\/types\/product"}],"wp:featuredmedia":[{"embeddable":true,"href":"https:\/\/ofertacular.com\/index.php\/wp-json\/wp\/v2\/media\/5241"}],"wp:attachment":[{"href":"https:\/\/ofertacular.com\/index.php\/wp-json\/wp\/v2\/media?parent=5242"}],"wp:term":[{"taxonomy":"store","embeddable":true,"href":"https:\/\/ofertacular.com\/index.php\/wp-json\/wp\/v2\/store?post=5242"},{"taxonomy":"product_brand","embeddable":true,"href":"https:\/\/ofertacular.com\/index.php\/wp-json\/wp\/v2\/product_brand?post=5242"},{"taxonomy":"product_cat","embeddable":true,"href":"https:\/\/ofertacular.com\/index.php\/wp-json\/wp\/v2\/product_cat?post=5242"},{"taxonomy":"product_tag","embeddable":true,"href":"https:\/\/ofertacular.com\/index.php\/wp-json\/wp\/v2\/product_tag?post=5242"}],"curies":[{"name":"wp","href":"https:\/\/api.w.org\/{rel}","templated":true}]}}