{"id":5244,"date":"2025-05-07T10:42:36","date_gmt":"2025-05-07T08:42:36","guid":{"rendered":"https:\/\/ofertacular.com\/index.php\/producto\/easy-grip\/"},"modified":"2025-05-07T10:42:36","modified_gmt":"2025-05-07T08:42:36","slug":"easy-grip","status":"publish","type":"product","link":"https:\/\/ofertacular.com\/index.php\/producto\/easy-grip\/","title":{"rendered":"Easy Grip"},"content":{"rendered":"<div class=\"oferta-container\">\n<p>\ud83d\udfe5 <b>DESCUENTO<\/b> \ud83d\udfe5 #Publicidad #Amazon #16<\/p>\n<p>\ud83d\udd34 <b>Agarradera f\u00e1cil <\/b><\/p>\n<p>\u2705 <b>AHORA 5.79 \u20ac<\/b> \u2714\ufe0f\ud83d\udfe1<\/p>\n<p>\u274c Antes <\/p>\n<p>\ud83d\uded2: <a href=\"https:\/\/btz.es\/4K5a1Y1\" target=\"_blank\" rel=\"nofollow noopener\">https:\/\/btz.es\/4K5a1Y1<\/a><\/p>\n<p>&#8211; Tijeras adecuadas para todas las ocasiones &#8211; El juego contiene 3 de las tijeras Westcott Easy Grip m\u00e1s populares en tama\u00f1os de 13,8, 20,1 y 24,7 cm para aplicaciones vers\u00e1tiles.<br \/>\n&#8211; Tecnolog\u00eda patentada &#8211; Gracias a la exclusiva tecnolog\u00eda Westcott Titanium, las hojas de corte son hasta tres veces m\u00e1s duras que las de acero sin tratar y son especialmente resistentes a la corrosi\u00f3n.<br \/>\n&#8211; Mangos ergon\u00f3micos &#8211; Los suaves mangos Easy Grip permiten cortar sin fatiga durante m\u00e1s tiempo, ya sea como tijeras dom\u00e9sticas, tijeras de cocina, tijeras de manualidades o tijeras de oficina.<br \/>\n&#8211; Cuchillas extra afiladas &#8211; Las cuchillas de alta calidad est\u00e1n afiladas extra afiladas con la calidad habitual de Westcott y son particularmente duraderas para un corte uniforme durante un largo per\u00edodo de tiempo.<br \/>\n&#8211; Calidad desde 1872 &#8211; Desde hace 140 a\u00f1os, la marca Westcott es sin\u00f3nimo de productos para el hogar y la oficina con un dise\u00f1o inconfundible y una relaci\u00f3n calidad-precio inigualable.<\/p>\n<\/p><\/div>\n","protected":false},"excerpt":{"rendered":"<p>\ud83d\udfe5 DESCUENTO \ud83d\udfe5 #Publicidad #Amazon #16 \ud83d\udd34 Agarradera f\u00e1cil \u2705 AHORA 5.79 \u20ac \u2714\ufe0f\ud83d\udfe1 \u274c Antes \ud83d\uded2: https:\/\/btz.es\/4K5a1Y1 &#8211; Tijeras adecuadas para todas las ocasiones &#8211; El juego contiene 3 de las tijeras Westcott Easy Grip m\u00e1s populares en tama\u00f1os de 13,8, 20,1 y 24,7 cm para aplicaciones vers\u00e1tiles. &#8211; Tecnolog\u00eda patentada &#8211; Gracias a [&hellip;]<\/p>\n","protected":false},"featured_media":5243,"template":"","meta":{"_gspb_post_css":""},"store":[],"product_brand":[],"product_cat":[16],"product_tag":[],"class_list":{"0":"post-5244","1":"product","2":"type-product","3":"status-publish","4":"has-post-thumbnail","6":"product_cat-sin-categorizar","8":"first","9":"instock","10":"shipping-taxable","11":"product-type-external"},"jetpack_sharing_enabled":true,"_links":{"self":[{"href":"https:\/\/ofertacular.com\/index.php\/wp-json\/wp\/v2\/product\/5244","targetHints":{"allow":["GET"]}}],"collection":[{"href":"https:\/\/ofertacular.com\/index.php\/wp-json\/wp\/v2\/product"}],"about":[{"href":"https:\/\/ofertacular.com\/index.php\/wp-json\/wp\/v2\/types\/product"}],"wp:featuredmedia":[{"embeddable":true,"href":"https:\/\/ofertacular.com\/index.php\/wp-json\/wp\/v2\/media\/5243"}],"wp:attachment":[{"href":"https:\/\/ofertacular.com\/index.php\/wp-json\/wp\/v2\/media?parent=5244"}],"wp:term":[{"taxonomy":"store","embeddable":true,"href":"https:\/\/ofertacular.com\/index.php\/wp-json\/wp\/v2\/store?post=5244"},{"taxonomy":"product_brand","embeddable":true,"href":"https:\/\/ofertacular.com\/index.php\/wp-json\/wp\/v2\/product_brand?post=5244"},{"taxonomy":"product_cat","embeddable":true,"href":"https:\/\/ofertacular.com\/index.php\/wp-json\/wp\/v2\/product_cat?post=5244"},{"taxonomy":"product_tag","embeddable":true,"href":"https:\/\/ofertacular.com\/index.php\/wp-json\/wp\/v2\/product_tag?post=5244"}],"curies":[{"name":"wp","href":"https:\/\/api.w.org\/{rel}","templated":true}]}}