{"id":5262,"date":"2025-05-08T08:19:09","date_gmt":"2025-05-08T06:19:09","guid":{"rendered":"https:\/\/ofertacular.com\/index.php\/producto\/nordes-vermut\/"},"modified":"2025-05-08T08:19:09","modified_gmt":"2025-05-08T06:19:09","slug":"nordes-vermut","status":"publish","type":"product","link":"https:\/\/ofertacular.com\/index.php\/producto\/nordes-vermut\/","title":{"rendered":"Nord\u00e9s Vermut"},"content":{"rendered":"<div class=\"oferta-container\">\n<p>\ud83d\udfe5 <b>GRAN OFERTA<\/b> \ud83d\udfe5 #Publicidad #Amazon #16<\/p>\n<p>\ud83d\udd34 <b>Vermut Nord\u00e9s <\/b><\/p>\n<p>\u2705 <b>AHORA 7.84 \u20ac<\/b> \u2714\ufe0f\ud83d\udfe1<\/p>\n<p>\u274c Antes 8.26 \u20ac<\/p>\n<p>\ud83d\uded2: <a href=\"https:\/\/btz.es\/4KAqRyk\" target=\"_blank\" rel=\"nofollow noopener\">https:\/\/btz.es\/4KAqRyk<\/a><\/p>\n<p>&#8211; Un sabor \u00fanico y diferente gracias a su car\u00e1cter a base de vino; una cuidada selecci\u00f3n de uvas y bot\u00e1nicos, como salvia, el laurel o el hinojo, consagrados en el folclore local, vienen juntos para crear un vermut verdaderamente singular, refrescante, suave y arom\u00e1tico<br \/>\n&#8211; Recibe el nombre de Nord\u00e9s por el viento m\u00edtico que presagia la llegada del buen tiempo en Galicia, Nord\u00e9s Vermouth Blanco conmemora esta tierra de la costa atl\u00e1ntica, conocida desde hace mucho tiempo por su rica gastronom\u00eda<br \/>\n&#8211; A la vista: Atractivo color amarillo p\u00e1lido y reflejos verdosos; a la nariz: \u00f3ptimas notas herb\u00e1ceas y saladas; a la boca: Un delicado sabor amargo y picante, para terminar con un final suave y elegante<br \/>\n&#8211; C\u00f3mo tomar Nordes Vermut blanco: Disfr\u00fatalo en un vaso bajo con dos cubitos de hielo grandes y una brocheta de uva blanca<\/p>\n<\/p><\/div>\n","protected":false},"excerpt":{"rendered":"<p>\ud83d\udfe5 GRAN OFERTA \ud83d\udfe5 #Publicidad #Amazon #16 \ud83d\udd34 Vermut Nord\u00e9s \u2705 AHORA 7.84 \u20ac \u2714\ufe0f\ud83d\udfe1 \u274c Antes 8.26 \u20ac \ud83d\uded2: https:\/\/btz.es\/4KAqRyk &#8211; Un sabor \u00fanico y diferente gracias a su car\u00e1cter a base de vino; una cuidada selecci\u00f3n de uvas y bot\u00e1nicos, como salvia, el laurel o el hinojo, consagrados en el folclore local, vienen [&hellip;]<\/p>\n","protected":false},"featured_media":5261,"template":"","meta":{"_gspb_post_css":""},"store":[],"product_brand":[],"product_cat":[16],"product_tag":[],"class_list":{"0":"post-5262","1":"product","2":"type-product","3":"status-publish","4":"has-post-thumbnail","6":"product_cat-sin-categorizar","8":"first","9":"instock","10":"sale","11":"shipping-taxable","12":"product-type-external"},"jetpack_sharing_enabled":true,"_links":{"self":[{"href":"https:\/\/ofertacular.com\/index.php\/wp-json\/wp\/v2\/product\/5262","targetHints":{"allow":["GET"]}}],"collection":[{"href":"https:\/\/ofertacular.com\/index.php\/wp-json\/wp\/v2\/product"}],"about":[{"href":"https:\/\/ofertacular.com\/index.php\/wp-json\/wp\/v2\/types\/product"}],"wp:featuredmedia":[{"embeddable":true,"href":"https:\/\/ofertacular.com\/index.php\/wp-json\/wp\/v2\/media\/5261"}],"wp:attachment":[{"href":"https:\/\/ofertacular.com\/index.php\/wp-json\/wp\/v2\/media?parent=5262"}],"wp:term":[{"taxonomy":"store","embeddable":true,"href":"https:\/\/ofertacular.com\/index.php\/wp-json\/wp\/v2\/store?post=5262"},{"taxonomy":"product_brand","embeddable":true,"href":"https:\/\/ofertacular.com\/index.php\/wp-json\/wp\/v2\/product_brand?post=5262"},{"taxonomy":"product_cat","embeddable":true,"href":"https:\/\/ofertacular.com\/index.php\/wp-json\/wp\/v2\/product_cat?post=5262"},{"taxonomy":"product_tag","embeddable":true,"href":"https:\/\/ofertacular.com\/index.php\/wp-json\/wp\/v2\/product_tag?post=5262"}],"curies":[{"name":"wp","href":"https:\/\/api.w.org\/{rel}","templated":true}]}}