{"id":5284,"date":"2025-05-08T10:40:22","date_gmt":"2025-05-08T08:40:22","guid":{"rendered":"https:\/\/ofertacular.com\/index.php\/producto\/logitech-mouse\/"},"modified":"2025-05-08T10:40:22","modified_gmt":"2025-05-08T08:40:22","slug":"logitech-mouse","status":"publish","type":"product","link":"https:\/\/ofertacular.com\/index.php\/producto\/logitech-mouse\/","title":{"rendered":"Logitech Mouse"},"content":{"rendered":"<div class=\"oferta-container\">\n<p>\ud83d\udfe5 <b>EXCLUSIVO<\/b> \ud83d\udfe5 #Publicidad #Amazon #16<\/p>\n<p>\ud83d\udd34 <b>Mouse Logitech <\/b><\/p>\n<p>\u2705 <b>AHORA 49.99 \u20ac<\/b> \u2714\ufe0f\ud83d\udfe1<\/p>\n<p>\u274c Antes 80.19 \u20ac<\/p>\n<p>\ud83d\uded2: <a href=\"https:\/\/btz.es\/4KAQzXN\" target=\"_blank\" rel=\"nofollow noopener\">https:\/\/btz.es\/4KAQzXN<\/a><\/p>\n<p>&#8211; Se conecta con hasta 3 ordenadores: Logitech Flow permite controlar sin problemas hasta tres ordenadores con un rat\u00f3n inal\u00e1mbrico Bluetooth, y copiar y pegar texto, im\u00e1genes y archivos entre ellos 1<br \/>\n&#8211; Control preciso: Este rat\u00f3n multisuperficie utiliza el seguimiento Darkfield High Precision para ofrecer un control adecuado pr\u00e1cticamente en cualquier lugar, incluso en cristal 2 con hasta 4.000 DPI<br \/>\n&#8211; Se carga r\u00e1pidamente: Conecta el rat\u00f3n al ordenador y en s\u00f3lo 3 minutos obtendr\u00e1s suficiente energ\u00eda para un d\u00eda completo de uso; una carga completa dura hasta 70 d\u00edas 3<br \/>\n&#8211; Navegaci\u00f3n f\u00e1cil y r\u00e1pida Despl\u00e1zate por documentos largos o p\u00e1ginas web de modo r\u00e1pido y sencillo, o pulsa la rueda y cambia al modo clic a clic para una navegaci\u00f3n precisa<br \/>\n&#8211; Rat\u00f3n ergon\u00f3mico: Creado para adaptarse a la mano, este c\u00f3modo rat\u00f3n port\u00e1til te ofrece el control inal\u00e1mbrico que necesitas en casa, en el trabajo o en los desplazamientos<\/p>\n<\/p><\/div>\n","protected":false},"excerpt":{"rendered":"<p>\ud83d\udfe5 EXCLUSIVO \ud83d\udfe5 #Publicidad #Amazon #16 \ud83d\udd34 Mouse Logitech \u2705 AHORA 49.99 \u20ac \u2714\ufe0f\ud83d\udfe1 \u274c Antes 80.19 \u20ac \ud83d\uded2: https:\/\/btz.es\/4KAQzXN &#8211; Se conecta con hasta 3 ordenadores: Logitech Flow permite controlar sin problemas hasta tres ordenadores con un rat\u00f3n inal\u00e1mbrico Bluetooth, y copiar y pegar texto, im\u00e1genes y archivos entre ellos 1 &#8211; Control preciso: [&hellip;]<\/p>\n","protected":false},"featured_media":5283,"template":"","meta":{"_gspb_post_css":""},"store":[],"product_brand":[],"product_cat":[16],"product_tag":[],"class_list":{"0":"post-5284","1":"product","2":"type-product","3":"status-publish","4":"has-post-thumbnail","6":"product_cat-sin-categorizar","8":"first","9":"instock","10":"sale","11":"shipping-taxable","12":"product-type-external"},"jetpack_sharing_enabled":true,"_links":{"self":[{"href":"https:\/\/ofertacular.com\/index.php\/wp-json\/wp\/v2\/product\/5284","targetHints":{"allow":["GET"]}}],"collection":[{"href":"https:\/\/ofertacular.com\/index.php\/wp-json\/wp\/v2\/product"}],"about":[{"href":"https:\/\/ofertacular.com\/index.php\/wp-json\/wp\/v2\/types\/product"}],"wp:featuredmedia":[{"embeddable":true,"href":"https:\/\/ofertacular.com\/index.php\/wp-json\/wp\/v2\/media\/5283"}],"wp:attachment":[{"href":"https:\/\/ofertacular.com\/index.php\/wp-json\/wp\/v2\/media?parent=5284"}],"wp:term":[{"taxonomy":"store","embeddable":true,"href":"https:\/\/ofertacular.com\/index.php\/wp-json\/wp\/v2\/store?post=5284"},{"taxonomy":"product_brand","embeddable":true,"href":"https:\/\/ofertacular.com\/index.php\/wp-json\/wp\/v2\/product_brand?post=5284"},{"taxonomy":"product_cat","embeddable":true,"href":"https:\/\/ofertacular.com\/index.php\/wp-json\/wp\/v2\/product_cat?post=5284"},{"taxonomy":"product_tag","embeddable":true,"href":"https:\/\/ofertacular.com\/index.php\/wp-json\/wp\/v2\/product_tag?post=5284"}],"curies":[{"name":"wp","href":"https:\/\/api.w.org\/{rel}","templated":true}]}}