{"id":5288,"date":"2025-05-08T10:48:14","date_gmt":"2025-05-08T08:48:14","guid":{"rendered":"https:\/\/ofertacular.com\/index.php\/producto\/auriculares-ninos\/"},"modified":"2025-05-08T10:48:14","modified_gmt":"2025-05-08T08:48:14","slug":"auriculares-ninos","status":"publish","type":"product","link":"https:\/\/ofertacular.com\/index.php\/producto\/auriculares-ninos\/","title":{"rendered":"Auriculares Ni\u00f1os"},"content":{"rendered":"<div class=\"oferta-container\">\n<p>\ud83d\udfe5 <b>EXCLUSIVO<\/b> \ud83d\udfe5 #Publicidad #Amazon #16<\/p>\n<p>\ud83d\udd34 <b>Auriculares Ni\u00f1os <\/b><\/p>\n<p>\u2705 <b>AHORA 9.99 \u20ac<\/b> \u2714\ufe0f\ud83d\udfe1<\/p>\n<p>\u274c Antes 14.99 \u20ac<\/p>\n<p>\ud83d\uded2: <a href=\"https:\/\/btz.es\/4KASy9L\" target=\"_blank\" rel=\"nofollow noopener\">https:\/\/btz.es\/4KASy9L<\/a><\/p>\n<p>&#8211; SONIDO SEGURO \u2013 Los ni\u00f1os disfrutar\u00e1n de la m\u00fasica sin dolor de o\u00eddos. Con la limitaci\u00f3n activa del volumen m\u00e1x. 85 dB, estos auriculares con cable son perfectos para ni\u00f1os a partir de 4 a\u00f1os<br \/>\n&#8211; ADHESIVOS INCLUIDOS \u2013 Presume de estilo con los adhesivos incluidos en estos auriculares y disfruta de un dise\u00f1o plegable y ligero, ideal para llevar a todas partes<br \/>\n&#8211; A DISFRUTAR \u2013 Con la diadema ajustable y las almohadillas c\u00f3modas y suaves de los Nouna, los ni\u00f1os pueden escuchar m\u00fasica durante todo el d\u00eda<br \/>\n&#8211; PARA CANTARINES \u2013 \u00bfTus peque\u00f1os tienen mucho que decir? Con el micr\u00f3fono integrado de los Nouna, con control en l\u00ednea, podr\u00e1n cantar sus canciones favoritas y hablar con la familia<br \/>\n&#8211; LA SOSTENIBILIDAD EMPIEZA TEMPRANO \u2013 Nunca es demasiado pronto para empezar a aprender sobre sostenibilidad, por eso estos auriculares se han dise\u00f1ado con hasta un 35 % de pl\u00e1sticos reciclados<\/p>\n<\/p><\/div>\n","protected":false},"excerpt":{"rendered":"<p>\ud83d\udfe5 EXCLUSIVO \ud83d\udfe5 #Publicidad #Amazon #16 \ud83d\udd34 Auriculares Ni\u00f1os \u2705 AHORA 9.99 \u20ac \u2714\ufe0f\ud83d\udfe1 \u274c Antes 14.99 \u20ac \ud83d\uded2: https:\/\/btz.es\/4KASy9L &#8211; SONIDO SEGURO \u2013 Los ni\u00f1os disfrutar\u00e1n de la m\u00fasica sin dolor de o\u00eddos. Con la limitaci\u00f3n activa del volumen m\u00e1x. 85 dB, estos auriculares con cable son perfectos para ni\u00f1os a partir de 4 [&hellip;]<\/p>\n","protected":false},"featured_media":5287,"template":"","meta":{"_gspb_post_css":""},"store":[],"product_brand":[],"product_cat":[16],"product_tag":[],"class_list":{"0":"post-5288","1":"product","2":"type-product","3":"status-publish","4":"has-post-thumbnail","6":"product_cat-sin-categorizar","8":"first","9":"instock","10":"sale","11":"shipping-taxable","12":"product-type-external"},"jetpack_sharing_enabled":true,"_links":{"self":[{"href":"https:\/\/ofertacular.com\/index.php\/wp-json\/wp\/v2\/product\/5288","targetHints":{"allow":["GET"]}}],"collection":[{"href":"https:\/\/ofertacular.com\/index.php\/wp-json\/wp\/v2\/product"}],"about":[{"href":"https:\/\/ofertacular.com\/index.php\/wp-json\/wp\/v2\/types\/product"}],"wp:featuredmedia":[{"embeddable":true,"href":"https:\/\/ofertacular.com\/index.php\/wp-json\/wp\/v2\/media\/5287"}],"wp:attachment":[{"href":"https:\/\/ofertacular.com\/index.php\/wp-json\/wp\/v2\/media?parent=5288"}],"wp:term":[{"taxonomy":"store","embeddable":true,"href":"https:\/\/ofertacular.com\/index.php\/wp-json\/wp\/v2\/store?post=5288"},{"taxonomy":"product_brand","embeddable":true,"href":"https:\/\/ofertacular.com\/index.php\/wp-json\/wp\/v2\/product_brand?post=5288"},{"taxonomy":"product_cat","embeddable":true,"href":"https:\/\/ofertacular.com\/index.php\/wp-json\/wp\/v2\/product_cat?post=5288"},{"taxonomy":"product_tag","embeddable":true,"href":"https:\/\/ofertacular.com\/index.php\/wp-json\/wp\/v2\/product_tag?post=5288"}],"curies":[{"name":"wp","href":"https:\/\/api.w.org\/{rel}","templated":true}]}}