{"id":5302,"date":"2025-05-09T08:16:51","date_gmt":"2025-05-09T06:16:51","guid":{"rendered":"https:\/\/ofertacular.com\/index.php\/producto\/antano-reserva\/"},"modified":"2025-05-09T08:16:51","modified_gmt":"2025-05-09T06:16:51","slug":"antano-reserva","status":"publish","type":"product","link":"https:\/\/ofertacular.com\/index.php\/producto\/antano-reserva\/","title":{"rendered":"Anta\u00f1o Reserva"},"content":{"rendered":"<div class=\"oferta-container\">\n<p>\ud83d\udfe5 <b>\u00a1DESCUENTO \u00daNICO!<\/b> \ud83d\udfe5 #Publicidad #Amazon #16<\/p>\n<p>\ud83d\udd34 <b>Anta\u00f1o Reserva <\/b><\/p>\n<p>\u2705 <b>AHORA 26.94 \u20ac<\/b> \u2714\ufe0f\ud83d\udfe1<\/p>\n<p>\u274c Antes 42.00 \u20ac<\/p>\n<p>\ud83d\uded2: <a href=\"https:\/\/btz.es\/4KGgOkQ\" target=\"_blank\" rel=\"nofollow noopener\">https:\/\/btz.es\/4KGgOkQ<\/a><\/p>\n<p>&#8211; Apariencia: Color rojo rub\u00ed guinda, con irisaciones en tonos teja.<br \/>\n&#8211; Gusto: En boca es suave al encuentro, sabroso y f\u00e1cil de beber. Sensaci\u00f3n retronasal compleja y persistente.<br \/>\n&#8211; Aroma: Aroma intenso a vainilla, frutas maduras y cuero.<br \/>\n&#8211; Tipo de uva: Este reserva, es elaborado a partir de la selecci\u00f3n de las uvas m\u00e1s prometedoras de la vendimia, a partir de ellas realizamos la fermentaci\u00f3n con sus hollejos durante 20 d\u00edas en dep\u00f3sitos de acero inoxidable a temperatura de 28\u00baC con una maceraci\u00f3n pelicular prolongada.<br \/>\n&#8211; Consumo: Recomendamos servir el vino Anta\u00f1o Reserva a una temperatura de 18\u00ba C. Asimismo, se recomienda decantar o bien descorchar una hora antes de su degustaci\u00f3n.<br \/>\n&#8211; Maridaje: Perfecto para acompa\u00f1ar legumbres, guisos de caza y pescados a la parrilla.<\/p>\n<\/p><\/div>\n","protected":false},"excerpt":{"rendered":"<p>\ud83d\udfe5 \u00a1DESCUENTO \u00daNICO! \ud83d\udfe5 #Publicidad #Amazon #16 \ud83d\udd34 Anta\u00f1o Reserva \u2705 AHORA 26.94 \u20ac \u2714\ufe0f\ud83d\udfe1 \u274c Antes 42.00 \u20ac \ud83d\uded2: https:\/\/btz.es\/4KGgOkQ &#8211; Apariencia: Color rojo rub\u00ed guinda, con irisaciones en tonos teja. &#8211; Gusto: En boca es suave al encuentro, sabroso y f\u00e1cil de beber. Sensaci\u00f3n retronasal compleja y persistente. &#8211; Aroma: Aroma intenso a [&hellip;]<\/p>\n","protected":false},"featured_media":5301,"template":"","meta":{"_gspb_post_css":""},"store":[],"product_brand":[],"product_cat":[16],"product_tag":[],"class_list":{"0":"post-5302","1":"product","2":"type-product","3":"status-publish","4":"has-post-thumbnail","6":"product_cat-sin-categorizar","8":"first","9":"instock","10":"sale","11":"shipping-taxable","12":"product-type-external"},"jetpack_sharing_enabled":true,"_links":{"self":[{"href":"https:\/\/ofertacular.com\/index.php\/wp-json\/wp\/v2\/product\/5302","targetHints":{"allow":["GET"]}}],"collection":[{"href":"https:\/\/ofertacular.com\/index.php\/wp-json\/wp\/v2\/product"}],"about":[{"href":"https:\/\/ofertacular.com\/index.php\/wp-json\/wp\/v2\/types\/product"}],"wp:featuredmedia":[{"embeddable":true,"href":"https:\/\/ofertacular.com\/index.php\/wp-json\/wp\/v2\/media\/5301"}],"wp:attachment":[{"href":"https:\/\/ofertacular.com\/index.php\/wp-json\/wp\/v2\/media?parent=5302"}],"wp:term":[{"taxonomy":"store","embeddable":true,"href":"https:\/\/ofertacular.com\/index.php\/wp-json\/wp\/v2\/store?post=5302"},{"taxonomy":"product_brand","embeddable":true,"href":"https:\/\/ofertacular.com\/index.php\/wp-json\/wp\/v2\/product_brand?post=5302"},{"taxonomy":"product_cat","embeddable":true,"href":"https:\/\/ofertacular.com\/index.php\/wp-json\/wp\/v2\/product_cat?post=5302"},{"taxonomy":"product_tag","embeddable":true,"href":"https:\/\/ofertacular.com\/index.php\/wp-json\/wp\/v2\/product_tag?post=5302"}],"curies":[{"name":"wp","href":"https:\/\/api.w.org\/{rel}","templated":true}]}}