{"id":5316,"date":"2025-05-09T10:46:21","date_gmt":"2025-05-09T08:46:21","guid":{"rendered":"https:\/\/ofertacular.com\/index.php\/producto\/pantene-mascarilla-2\/"},"modified":"2025-05-09T10:46:21","modified_gmt":"2025-05-09T08:46:21","slug":"pantene-mascarilla-2","status":"publish","type":"product","link":"https:\/\/ofertacular.com\/index.php\/producto\/pantene-mascarilla-2\/","title":{"rendered":"Pantene Mascarilla"},"content":{"rendered":"<div class=\"oferta-container\">\n<p>\ud83d\udfe5 <b>DESCUENTAZO<\/b> \ud83d\udfe5 #Publicidad #Amazon #16<\/p>\n<p>\ud83d\udd34 <b>Mascarilla Pantene <\/b><\/p>\n<p>\u2705 <b>AHORA 9.99 \u20ac<\/b> \u2714\ufe0f\ud83d\udfe1<\/p>\n<p>\u274c Antes 14.55 \u20ac<\/p>\n<p>\ud83d\uded2: <a href=\"https:\/\/btz.es\/4KGI1FH\" target=\"_blank\" rel=\"nofollow noopener\">https:\/\/btz.es\/4KGI1FH<\/a><\/p>\n<p>&#8211; PROTECCI\u00d3N MEJORADA DE ENLACES CAPILARES: Mascarilla intensiva con f\u00f3rmula Pro-V y Active Nutri-Plex est\u00e1 enriquecida con un 50 % m\u00e1s de agentes protectores<br \/>\n&#8211; EL SECRETO DE UN PELO SANO: Este tratamiento intensivo ayuda a reparar los da\u00f1os visibles en un solo uso<br \/>\n&#8211; MAYOR FUERZA: Consigue un pelo hasta un 100% m\u00e1s fuerte y visiblemente m\u00e1s sano<br \/>\n&#8211; RUTINA DE CUIDADO PARA UN PELO SANO: Si necesitas un cuidado adicional, comb\u00ednalo con el resto de productos de nuestra l\u00ednea Repara y Protege<\/p>\n<\/p><\/div>\n","protected":false},"excerpt":{"rendered":"<p>\ud83d\udfe5 DESCUENTAZO \ud83d\udfe5 #Publicidad #Amazon #16 \ud83d\udd34 Mascarilla Pantene \u2705 AHORA 9.99 \u20ac \u2714\ufe0f\ud83d\udfe1 \u274c Antes 14.55 \u20ac \ud83d\uded2: https:\/\/btz.es\/4KGI1FH &#8211; PROTECCI\u00d3N MEJORADA DE ENLACES CAPILARES: Mascarilla intensiva con f\u00f3rmula Pro-V y Active Nutri-Plex est\u00e1 enriquecida con un 50 % m\u00e1s de agentes protectores &#8211; EL SECRETO DE UN PELO SANO: Este tratamiento intensivo ayuda [&hellip;]<\/p>\n","protected":false},"featured_media":5315,"template":"","meta":{"_gspb_post_css":""},"store":[],"product_brand":[],"product_cat":[16],"product_tag":[],"class_list":{"0":"post-5316","1":"product","2":"type-product","3":"status-publish","4":"has-post-thumbnail","6":"product_cat-sin-categorizar","8":"first","9":"instock","10":"sale","11":"shipping-taxable","12":"product-type-external"},"jetpack_sharing_enabled":true,"_links":{"self":[{"href":"https:\/\/ofertacular.com\/index.php\/wp-json\/wp\/v2\/product\/5316","targetHints":{"allow":["GET"]}}],"collection":[{"href":"https:\/\/ofertacular.com\/index.php\/wp-json\/wp\/v2\/product"}],"about":[{"href":"https:\/\/ofertacular.com\/index.php\/wp-json\/wp\/v2\/types\/product"}],"wp:featuredmedia":[{"embeddable":true,"href":"https:\/\/ofertacular.com\/index.php\/wp-json\/wp\/v2\/media\/5315"}],"wp:attachment":[{"href":"https:\/\/ofertacular.com\/index.php\/wp-json\/wp\/v2\/media?parent=5316"}],"wp:term":[{"taxonomy":"store","embeddable":true,"href":"https:\/\/ofertacular.com\/index.php\/wp-json\/wp\/v2\/store?post=5316"},{"taxonomy":"product_brand","embeddable":true,"href":"https:\/\/ofertacular.com\/index.php\/wp-json\/wp\/v2\/product_brand?post=5316"},{"taxonomy":"product_cat","embeddable":true,"href":"https:\/\/ofertacular.com\/index.php\/wp-json\/wp\/v2\/product_cat?post=5316"},{"taxonomy":"product_tag","embeddable":true,"href":"https:\/\/ofertacular.com\/index.php\/wp-json\/wp\/v2\/product_tag?post=5316"}],"curies":[{"name":"wp","href":"https:\/\/api.w.org\/{rel}","templated":true}]}}