{"id":5318,"date":"2025-05-09T10:51:37","date_gmt":"2025-05-09T08:51:37","guid":{"rendered":"https:\/\/ofertacular.com\/index.php\/producto\/pantene-champu\/"},"modified":"2025-05-09T10:51:37","modified_gmt":"2025-05-09T08:51:37","slug":"pantene-champu","status":"publish","type":"product","link":"https:\/\/ofertacular.com\/index.php\/producto\/pantene-champu\/","title":{"rendered":"Pantene Champ\u00fa"},"content":{"rendered":"<div class=\"oferta-container\">\n<p>\ud83d\udfe5 <b>\u00a1S\u00d3LO HOY!<\/b> \ud83d\udfe5 #Publicidad #Amazon #16<\/p>\n<p>\ud83d\udd34 <b>Champ\u00fa Pantene <\/b><\/p>\n<p>\u2705 <b>AHORA 14.99 \u20ac<\/b> \u2714\ufe0f\ud83d\udfe1<\/p>\n<p>\u274c Antes 23.51 \u20ac<\/p>\n<p>\ud83d\uded2: <a href=\"https:\/\/btz.es\/4KGJLIS\" target=\"_blank\" rel=\"nofollow noopener\">https:\/\/btz.es\/4KGJLIS<\/a><\/p>\n<p>&#8211; PROTECCI\u00d3N DE ENLACES CAPILARES: Con la f\u00f3rmula Pro-V y la tecnolog\u00eda Active Nutri-Plex, este champ\u00fa est\u00e1 dise\u00f1ado para proteger los enlaces capilares<br \/>\n&#8211; EL SECRETO PARA UN PELO SANO: El champ\u00fa R&amp;P limpia tu pelo y se ve m\u00e1s sano. Un pelo hasta un 100 % m\u00e1s fuerte* y m\u00e1s sano frente al desgaste del peinado<br \/>\n&#8211; CHAMP\u00da DE USO DIARIO SIN SILICONAS: Nuestro champ\u00fa sin siliconas, aceites minerales ni colorantes limpia suavemente tu pelo y le aporta nutrientes<br \/>\n&#8211; RUTINA DE CUIDADO PARA UN PELO SANO: Si necesitas un cuidado adicional, comb\u00ednalo con el resto de productos de nuestra l\u00ednea Repara y Protege<\/p>\n<\/p><\/div>\n","protected":false},"excerpt":{"rendered":"<p>\ud83d\udfe5 \u00a1S\u00d3LO HOY! \ud83d\udfe5 #Publicidad #Amazon #16 \ud83d\udd34 Champ\u00fa Pantene \u2705 AHORA 14.99 \u20ac \u2714\ufe0f\ud83d\udfe1 \u274c Antes 23.51 \u20ac \ud83d\uded2: https:\/\/btz.es\/4KGJLIS &#8211; PROTECCI\u00d3N DE ENLACES CAPILARES: Con la f\u00f3rmula Pro-V y la tecnolog\u00eda Active Nutri-Plex, este champ\u00fa est\u00e1 dise\u00f1ado para proteger los enlaces capilares &#8211; EL SECRETO PARA UN PELO SANO: El champ\u00fa R&amp;P limpia [&hellip;]<\/p>\n","protected":false},"featured_media":5317,"template":"","meta":{"_gspb_post_css":""},"store":[],"product_brand":[],"product_cat":[16],"product_tag":[],"class_list":{"0":"post-5318","1":"product","2":"type-product","3":"status-publish","4":"has-post-thumbnail","6":"product_cat-sin-categorizar","8":"first","9":"instock","10":"sale","11":"shipping-taxable","12":"product-type-external"},"jetpack_sharing_enabled":true,"_links":{"self":[{"href":"https:\/\/ofertacular.com\/index.php\/wp-json\/wp\/v2\/product\/5318","targetHints":{"allow":["GET"]}}],"collection":[{"href":"https:\/\/ofertacular.com\/index.php\/wp-json\/wp\/v2\/product"}],"about":[{"href":"https:\/\/ofertacular.com\/index.php\/wp-json\/wp\/v2\/types\/product"}],"wp:featuredmedia":[{"embeddable":true,"href":"https:\/\/ofertacular.com\/index.php\/wp-json\/wp\/v2\/media\/5317"}],"wp:attachment":[{"href":"https:\/\/ofertacular.com\/index.php\/wp-json\/wp\/v2\/media?parent=5318"}],"wp:term":[{"taxonomy":"store","embeddable":true,"href":"https:\/\/ofertacular.com\/index.php\/wp-json\/wp\/v2\/store?post=5318"},{"taxonomy":"product_brand","embeddable":true,"href":"https:\/\/ofertacular.com\/index.php\/wp-json\/wp\/v2\/product_brand?post=5318"},{"taxonomy":"product_cat","embeddable":true,"href":"https:\/\/ofertacular.com\/index.php\/wp-json\/wp\/v2\/product_cat?post=5318"},{"taxonomy":"product_tag","embeddable":true,"href":"https:\/\/ofertacular.com\/index.php\/wp-json\/wp\/v2\/product_tag?post=5318"}],"curies":[{"name":"wp","href":"https:\/\/api.w.org\/{rel}","templated":true}]}}