{"id":5332,"date":"2025-05-09T12:02:20","date_gmt":"2025-05-09T10:02:20","guid":{"rendered":"https:\/\/ofertacular.com\/index.php\/producto\/rebel-moon\/"},"modified":"2025-05-09T12:02:20","modified_gmt":"2025-05-09T10:02:20","slug":"rebel-moon","status":"publish","type":"product","link":"https:\/\/ofertacular.com\/index.php\/producto\/rebel-moon\/","title":{"rendered":"Rebel Moon"},"content":{"rendered":"<div class=\"oferta-container\">\n\ud83d\udfea <b>FUNKO OFERTA<\/b> \ud83d\udfea #Publicidad #Amazon<\/p>\n<p>\ud83d\udfe3 <b> Funko POP! Movies: Rebel Moon Atticus Noble<\/b> <\/p>\n<p>\u2705 <b>AHORA 6.95 \u20ac<\/b> \u2714\ufe0f\ud83d\udfe1<br \/>\n\u274c Antes 16.00 \u20ac \u20ac <\/p>\n<p>\ud83d\uded2: https:\/\/btz.es\/4KHb9D4\ud83d\udfe2 <\/p>\n<p>Ofertacular.com<\/p>\n<p>&#8211; TAMA\u00d1O COLECCIONABLE IDEAL &#8211; Con aproximadamente 3.75 pulgadas 9.5 cm de altura, esta mini figura de vinilo complementa otras mercanc\u00edas coleccionables y encaja perfectamente en tu vitrina o en tu escritorio.<br \/>\n&#8211; MATERIAL DE VINILO DE CALIDAD PREMIUM &#8211; Hecho de vinilo de alta calidad y duradero, esta mini figura coleccionable est\u00e1 hecha para durar y resistir el desgaste diario, asegurando un disfrute duradero para los fans y coleccionistas por igual.<br \/>\n&#8211; REGALO PERFECTO PARA FANS DE REBEL MOON &#8211; Ideal para fiestas, cumplea\u00f1os o ocasiones especiales y como regalo, esta figura exclusiva es una adici\u00f3n imprescindible para cualquier colecci\u00f3n de mercanc\u00eda de Rebel Moon<br \/>\n&#8211; EXPANDE TU COLECCI\u00d3N &#8211; Agrega este mu\u00f1eco de exhibici\u00f3n de vinilo a tu creciente surtido de figuras Funko Pop! y busca otros art\u00edculos coleccionables raros y exclusivos para un conjunto completo<br \/>\n&#8211; MARCA L\u00cdDER EN CULTURA POP &#8211; Conf\u00eda en la experiencia de Funko, el principal creador de productos de cultura pop que incluye figuras de vinilo, juguetes de acci\u00f3n, peluches, ropa., board games, and more.<\/p>\n<\/div>\n","protected":false},"excerpt":{"rendered":"<p>\ud83d\udfea FUNKO OFERTA \ud83d\udfea #Publicidad #Amazon \ud83d\udfe3 Funko POP! Movies: Rebel Moon Atticus Noble \u2705 AHORA 6.95 \u20ac \u2714\ufe0f\ud83d\udfe1 \u274c Antes 16.00 \u20ac \u20ac \ud83d\uded2: https:\/\/btz.es\/4KHb9D4\ud83d\udfe2 Ofertacular.com &#8211; TAMA\u00d1O COLECCIONABLE IDEAL &#8211; Con aproximadamente 3.75 pulgadas 9.5 cm de altura, esta mini figura de vinilo complementa otras mercanc\u00edas coleccionables y encaja perfectamente en tu vitrina [&hellip;]<\/p>\n","protected":false},"featured_media":5331,"template":"","meta":{"_gspb_post_css":""},"store":[],"product_brand":[],"product_cat":[16],"product_tag":[],"class_list":{"0":"post-5332","1":"product","2":"type-product","3":"status-publish","4":"has-post-thumbnail","6":"product_cat-sin-categorizar","8":"first","9":"instock","10":"sale","11":"shipping-taxable","12":"product-type-external"},"jetpack_sharing_enabled":true,"_links":{"self":[{"href":"https:\/\/ofertacular.com\/index.php\/wp-json\/wp\/v2\/product\/5332","targetHints":{"allow":["GET"]}}],"collection":[{"href":"https:\/\/ofertacular.com\/index.php\/wp-json\/wp\/v2\/product"}],"about":[{"href":"https:\/\/ofertacular.com\/index.php\/wp-json\/wp\/v2\/types\/product"}],"wp:featuredmedia":[{"embeddable":true,"href":"https:\/\/ofertacular.com\/index.php\/wp-json\/wp\/v2\/media\/5331"}],"wp:attachment":[{"href":"https:\/\/ofertacular.com\/index.php\/wp-json\/wp\/v2\/media?parent=5332"}],"wp:term":[{"taxonomy":"store","embeddable":true,"href":"https:\/\/ofertacular.com\/index.php\/wp-json\/wp\/v2\/store?post=5332"},{"taxonomy":"product_brand","embeddable":true,"href":"https:\/\/ofertacular.com\/index.php\/wp-json\/wp\/v2\/product_brand?post=5332"},{"taxonomy":"product_cat","embeddable":true,"href":"https:\/\/ofertacular.com\/index.php\/wp-json\/wp\/v2\/product_cat?post=5332"},{"taxonomy":"product_tag","embeddable":true,"href":"https:\/\/ofertacular.com\/index.php\/wp-json\/wp\/v2\/product_tag?post=5332"}],"curies":[{"name":"wp","href":"https:\/\/api.w.org\/{rel}","templated":true}]}}