{"id":5336,"date":"2025-05-11T11:14:24","date_gmt":"2025-05-11T09:14:24","guid":{"rendered":"https:\/\/ofertacular.com\/index.php\/producto\/old-spice-2\/"},"modified":"2025-05-11T11:14:24","modified_gmt":"2025-05-11T09:14:24","slug":"old-spice-2","status":"publish","type":"product","link":"https:\/\/ofertacular.com\/index.php\/producto\/old-spice-2\/","title":{"rendered":"Old Spice"},"content":{"rendered":"<div class=\"oferta-container\">\n<p>\ud83d\udfe5 <b>DATE PRISA<\/b> \ud83d\udfe5 #Publicidad #Amazon #16<\/p>\n<p>\ud83d\udd34 <b>Desodorante Old Spice <\/b><\/p>\n<p>\u2705 <b>AHORA 10.99 \u20ac<\/b> \u2714\ufe0f\ud83d\udfe1<\/p>\n<p>\u274c Antes 15.70 \u20ac<\/p>\n<p>\ud83d\uded2: <a href=\"https:\/\/btz.es\/4KS68Ja\" target=\"_blank\" rel=\"nofollow noopener\">https:\/\/btz.es\/4KS68Ja<\/a><\/p>\n<p>&#8211; DA LA BIENVENIDA A UNA FRESCURA DURADERA CON FRAGANCIA EXCEPCIONAL: Con la tecnolog\u00eda de limpieza profunda y los aromas excepcionales del gel de ducha y champ\u00fa Old Spice, disfruta de frescura en todo el cuerpo<br \/>\n&#8211; PRUEBA EL EXCEPCIONAL AROMA DE OLD SPICE CAPTAIN: La fragancia de las feroces olas del oc\u00e9ano, madera de s\u00e1ndalo y \u00e1cida bergamota te transformar\u00e1 en el intr\u00e9pido capit\u00e1n de la frescura<br \/>\n&#8211; LIMPIEZA PROFUNDA Y SENSACI\u00d3N DE SUAVIDAD EN LA PIEL. \u00a1Disfruta a\u00fan m\u00e1s de la ducha! El gel de ducha 3 en 1 no s\u00f3lo elimina los malos olores, sino que tambi\u00e9n deja la piel suave y tersa<br \/>\n&#8211; LIMPIA TODO: CUERPO, PELO, CARA con Old Spice, nuestro gel de ducha para hombres que ahorra tiempo y es perfecto para llevar en la maleta<br \/>\n&#8211; REVITALIZA LA FRESCURA CON el envase EXTRA XL de 1 litro. M\u00e1s d\u00edas de frescor duradero con un aroma extraordinario, y un pr\u00e1ctico dispensador muy f\u00e1cil de usar<\/p>\n<\/p><\/div>\n","protected":false},"excerpt":{"rendered":"<p>\ud83d\udfe5 DATE PRISA \ud83d\udfe5 #Publicidad #Amazon #16 \ud83d\udd34 Desodorante Old Spice \u2705 AHORA 10.99 \u20ac \u2714\ufe0f\ud83d\udfe1 \u274c Antes 15.70 \u20ac \ud83d\uded2: https:\/\/btz.es\/4KS68Ja &#8211; DA LA BIENVENIDA A UNA FRESCURA DURADERA CON FRAGANCIA EXCEPCIONAL: Con la tecnolog\u00eda de limpieza profunda y los aromas excepcionales del gel de ducha y champ\u00fa Old Spice, disfruta de frescura en [&hellip;]<\/p>\n","protected":false},"featured_media":5335,"template":"","meta":{"_gspb_post_css":""},"store":[],"product_brand":[],"product_cat":[16],"product_tag":[],"class_list":{"0":"post-5336","1":"product","2":"type-product","3":"status-publish","4":"has-post-thumbnail","6":"product_cat-sin-categorizar","8":"first","9":"instock","10":"sale","11":"shipping-taxable","12":"product-type-external"},"jetpack_sharing_enabled":true,"_links":{"self":[{"href":"https:\/\/ofertacular.com\/index.php\/wp-json\/wp\/v2\/product\/5336","targetHints":{"allow":["GET"]}}],"collection":[{"href":"https:\/\/ofertacular.com\/index.php\/wp-json\/wp\/v2\/product"}],"about":[{"href":"https:\/\/ofertacular.com\/index.php\/wp-json\/wp\/v2\/types\/product"}],"wp:featuredmedia":[{"embeddable":true,"href":"https:\/\/ofertacular.com\/index.php\/wp-json\/wp\/v2\/media\/5335"}],"wp:attachment":[{"href":"https:\/\/ofertacular.com\/index.php\/wp-json\/wp\/v2\/media?parent=5336"}],"wp:term":[{"taxonomy":"store","embeddable":true,"href":"https:\/\/ofertacular.com\/index.php\/wp-json\/wp\/v2\/store?post=5336"},{"taxonomy":"product_brand","embeddable":true,"href":"https:\/\/ofertacular.com\/index.php\/wp-json\/wp\/v2\/product_brand?post=5336"},{"taxonomy":"product_cat","embeddable":true,"href":"https:\/\/ofertacular.com\/index.php\/wp-json\/wp\/v2\/product_cat?post=5336"},{"taxonomy":"product_tag","embeddable":true,"href":"https:\/\/ofertacular.com\/index.php\/wp-json\/wp\/v2\/product_tag?post=5336"}],"curies":[{"name":"wp","href":"https:\/\/api.w.org\/{rel}","templated":true}]}}