{"id":5352,"date":"2025-05-12T08:41:05","date_gmt":"2025-05-12T06:41:05","guid":{"rendered":"https:\/\/ofertacular.com\/index.php\/producto\/cecotec-lavadora\/"},"modified":"2025-05-12T08:41:05","modified_gmt":"2025-05-12T06:41:05","slug":"cecotec-lavadora","status":"publish","type":"product","link":"https:\/\/ofertacular.com\/index.php\/producto\/cecotec-lavadora\/","title":{"rendered":"Cecotec Lavadora"},"content":{"rendered":"<div class=\"oferta-container\">\n<p>\ud83d\udfe5 <b>\u00a1APROVECHA!<\/b> \ud83d\udfe5 #Publicidad #Amazon #16<\/p>\n<p>\ud83d\udd34 <b>Lavadora Cecotec <\/b><\/p>\n<p>\u2705 <b>AHORA 379 \u20ac<\/b> \u2714\ufe0f\ud83d\udfe1<\/p>\n<p>\u274c Antes 505.57 \u20ac<\/p>\n<p>\ud83d\uded2: <a href=\"https:\/\/btz.es\/4KXK4nD\" target=\"_blank\" rel=\"nofollow noopener\">https:\/\/btz.es\/4KXK4nD<\/a><\/p>\n<p>&#8211; Con una capacidad de 10 kg, esta lavadora es ideal para familias, permitiendo lavar una cantidad adecuada de ropa en cada ciclo. Las revoluciones programables ofrecen hasta un m\u00e1ximo de 1400 rpm, adapt\u00e1ndose a tus necesidades espec\u00edficas para un lavado eficiente.<br \/>\n&#8211; Dispone de 16 programas diferentes, incluyendo Mixto, Algod\u00f3n, S\u00faper r\u00e1pido, Eco 40-60, Lana, Prelavado, Camisetas, Deporte, Intensivo, Cama, Antial\u00e9rgico, Centrifugado\/Drenaje, Centrifugado, Limpieza tambor, Delicado y Algod\u00f3n 20\u00baC. Esta amplia gama asegura que siempre encontrar\u00e1s el programa perfecto para cada tipo de tejido y necesidad.<br \/>\n&#8211; Nuestra lavadora ofrece una eficiencia energ\u00e9tica superior, alcanzando la clase A con un 10% de ahorro adicional. Con tecnolog\u00eda innovadora, optimiza cada ciclo para un lavado impecable, r\u00e1pido y con menor consumo de energ\u00eda, siendo la mejor opci\u00f3n para tu hogar y el medio ambiente. El Motor Inverter Plus garantiza un rendimiento de alta calidad, disminuyendo vibraciones y ruido, y favoreciendo el ahorro energ\u00e9tico.<br \/>\n&#8211; La funci\u00f3n SteamMax envuelve la colada con vapor, esterilizando y eliminando manchas y olores. El programa Allergy Care utiliza vapor para esterilizar al 99,9%, especialmente en lavados de agua fr\u00eda, dejando la ropa libre de g\u00e9rmenes. El Pearl Drum, con su textura en forma de copo de nieve, mejora el secado y el deslizamiento de las prendas, mientras que Drum Clean mantiene el tambor libre de bacterias y malos olores.<br \/>\n&#8211; Con la funci\u00f3n Delay Start, puedes planificar el lavado para que termine a la hora que m\u00e1s te convenga. La funci\u00f3n Stop&amp;Go permite pausar la lavadora para a\u00f1adir o retirar prendas. Eleva tu experiencia de lavado con su display LED y elegantes acabados cromados. El Modo Eco reduce el consumo y el ruido, y la funci\u00f3n Kid Lock asegura que los ni\u00f1os no puedan controlar la lavadora, previniendo accidentes en el hogar.<\/p>\n<\/p><\/div>\n","protected":false},"excerpt":{"rendered":"<p>\ud83d\udfe5 \u00a1APROVECHA! \ud83d\udfe5 #Publicidad #Amazon #16 \ud83d\udd34 Lavadora Cecotec \u2705 AHORA 379 \u20ac \u2714\ufe0f\ud83d\udfe1 \u274c Antes 505.57 \u20ac \ud83d\uded2: https:\/\/btz.es\/4KXK4nD &#8211; Con una capacidad de 10 kg, esta lavadora es ideal para familias, permitiendo lavar una cantidad adecuada de ropa en cada ciclo. Las revoluciones programables ofrecen hasta un m\u00e1ximo de 1400 rpm, adapt\u00e1ndose a [&hellip;]<\/p>\n","protected":false},"featured_media":5351,"template":"","meta":{"_gspb_post_css":""},"store":[],"product_brand":[],"product_cat":[16],"product_tag":[],"class_list":{"0":"post-5352","1":"product","2":"type-product","3":"status-publish","4":"has-post-thumbnail","6":"product_cat-sin-categorizar","8":"first","9":"instock","10":"sale","11":"shipping-taxable","12":"product-type-external"},"jetpack_sharing_enabled":true,"_links":{"self":[{"href":"https:\/\/ofertacular.com\/index.php\/wp-json\/wp\/v2\/product\/5352","targetHints":{"allow":["GET"]}}],"collection":[{"href":"https:\/\/ofertacular.com\/index.php\/wp-json\/wp\/v2\/product"}],"about":[{"href":"https:\/\/ofertacular.com\/index.php\/wp-json\/wp\/v2\/types\/product"}],"wp:featuredmedia":[{"embeddable":true,"href":"https:\/\/ofertacular.com\/index.php\/wp-json\/wp\/v2\/media\/5351"}],"wp:attachment":[{"href":"https:\/\/ofertacular.com\/index.php\/wp-json\/wp\/v2\/media?parent=5352"}],"wp:term":[{"taxonomy":"store","embeddable":true,"href":"https:\/\/ofertacular.com\/index.php\/wp-json\/wp\/v2\/store?post=5352"},{"taxonomy":"product_brand","embeddable":true,"href":"https:\/\/ofertacular.com\/index.php\/wp-json\/wp\/v2\/product_brand?post=5352"},{"taxonomy":"product_cat","embeddable":true,"href":"https:\/\/ofertacular.com\/index.php\/wp-json\/wp\/v2\/product_cat?post=5352"},{"taxonomy":"product_tag","embeddable":true,"href":"https:\/\/ofertacular.com\/index.php\/wp-json\/wp\/v2\/product_tag?post=5352"}],"curies":[{"name":"wp","href":"https:\/\/api.w.org\/{rel}","templated":true}]}}