{"id":5356,"date":"2025-05-12T10:07:51","date_gmt":"2025-05-12T08:07:51","guid":{"rendered":"https:\/\/ofertacular.com\/index.php\/producto\/marvel-figurines\/"},"modified":"2025-05-12T10:07:51","modified_gmt":"2025-05-12T08:07:51","slug":"marvel-figurines","status":"publish","type":"product","link":"https:\/\/ofertacular.com\/index.php\/producto\/marvel-figurines\/","title":{"rendered":"Marvel Figurines"},"content":{"rendered":"<div class=\"oferta-container\">\n\ud83d\udfea <b>FUNKAZO<\/b> \ud83d\udfea #Publicidad #Amazon<\/p>\n<p>\ud83d\udfe3 <b> Funko POP! Marvel Figurines Collectible<\/b> <\/p>\n<p>\u2705 <b>AHORA 11.3 \u20ac<\/b> \u2714\ufe0f\ud83d\udfe1<br \/>\n\u274c Antes 12.06 \u20ac \u20ac <\/p>\n<p>\ud83d\uded2: https:\/\/btz.es\/4KYgu5X\ud83d\udfe2 <\/p>\n<p>Ofertacular.com<\/p>\n<p>&#8211; TAMA\u00d1O IDEAL PARA COLECCIONAR: con aproximadamente 9,5 cm de altura, esta mini estatuilla de vinilo complementa otros art\u00edculos coleccionables y encaja perfectamente en su vitrina o en su escritorio.<br \/>\n&#8211; MATERIAL DE VINILO DE PRIMERA CALIDAD: fabricado con vinilo duradero de alta calidad, este objeto de colecci\u00f3n est\u00e1 dise\u00f1ado para durar y resistir el desgaste diario, lo que garantiza un disfrute duradero tanto para los aficionados como para los coleccionistas.<br \/>\n&#8211; REGALO PERFECTO PARA LOS FANS DE MARVEL WHAT IF: ideal para vacaciones, cumplea\u00f1os u ocasiones especiales y como regalo, esta exclusiva figura es un complemento imprescindible para cualquier colecci\u00f3n de productos de Marvel What If.<br \/>\n&#8211; AMPL\u00cdA TU COLECCI\u00d3N: a\u00f1ade esta pieza de exhibici\u00f3n de vinilo \u00fanica a tu creciente surtido de figuras Funko Pop! y busca otros art\u00edculos coleccionables raros y exclusivos para completar el conjunto.<br \/>\n&#8211; MARCA L\u00cdDER EN CULTURA POP &#8211; Conf\u00ede en la experiencia de Funko, el principal creador de productos de cultura pop que incluye figuras de vinilo, juguetes de acci\u00f3n, peluches, ropa, juegos de mesa y mucho m\u00e1s.<\/p>\n<\/div>\n","protected":false},"excerpt":{"rendered":"<p>\ud83d\udfea FUNKAZO \ud83d\udfea #Publicidad #Amazon \ud83d\udfe3 Funko POP! Marvel Figurines Collectible \u2705 AHORA 11.3 \u20ac \u2714\ufe0f\ud83d\udfe1 \u274c Antes 12.06 \u20ac \u20ac \ud83d\uded2: https:\/\/btz.es\/4KYgu5X\ud83d\udfe2 Ofertacular.com &#8211; TAMA\u00d1O IDEAL PARA COLECCIONAR: con aproximadamente 9,5 cm de altura, esta mini estatuilla de vinilo complementa otros art\u00edculos coleccionables y encaja perfectamente en su vitrina o en su escritorio. &#8211; [&hellip;]<\/p>\n","protected":false},"featured_media":5355,"template":"","meta":{"_gspb_post_css":""},"store":[],"product_brand":[],"product_cat":[16],"product_tag":[],"class_list":{"0":"post-5356","1":"product","2":"type-product","3":"status-publish","4":"has-post-thumbnail","6":"product_cat-sin-categorizar","8":"first","9":"instock","10":"sale","11":"shipping-taxable","12":"product-type-external"},"jetpack_sharing_enabled":true,"_links":{"self":[{"href":"https:\/\/ofertacular.com\/index.php\/wp-json\/wp\/v2\/product\/5356","targetHints":{"allow":["GET"]}}],"collection":[{"href":"https:\/\/ofertacular.com\/index.php\/wp-json\/wp\/v2\/product"}],"about":[{"href":"https:\/\/ofertacular.com\/index.php\/wp-json\/wp\/v2\/types\/product"}],"wp:featuredmedia":[{"embeddable":true,"href":"https:\/\/ofertacular.com\/index.php\/wp-json\/wp\/v2\/media\/5355"}],"wp:attachment":[{"href":"https:\/\/ofertacular.com\/index.php\/wp-json\/wp\/v2\/media?parent=5356"}],"wp:term":[{"taxonomy":"store","embeddable":true,"href":"https:\/\/ofertacular.com\/index.php\/wp-json\/wp\/v2\/store?post=5356"},{"taxonomy":"product_brand","embeddable":true,"href":"https:\/\/ofertacular.com\/index.php\/wp-json\/wp\/v2\/product_brand?post=5356"},{"taxonomy":"product_cat","embeddable":true,"href":"https:\/\/ofertacular.com\/index.php\/wp-json\/wp\/v2\/product_cat?post=5356"},{"taxonomy":"product_tag","embeddable":true,"href":"https:\/\/ofertacular.com\/index.php\/wp-json\/wp\/v2\/product_tag?post=5356"}],"curies":[{"name":"wp","href":"https:\/\/api.w.org\/{rel}","templated":true}]}}