{"id":5372,"date":"2025-05-12T11:16:21","date_gmt":"2025-05-12T09:16:21","guid":{"rendered":"https:\/\/ofertacular.com\/index.php\/producto\/miercoles-muneca\/"},"modified":"2025-05-12T11:16:21","modified_gmt":"2025-05-12T09:16:21","slug":"miercoles-muneca","status":"publish","type":"product","link":"https:\/\/ofertacular.com\/index.php\/producto\/miercoles-muneca\/","title":{"rendered":"Mi\u00e9rcoles Mu\u00f1eca"},"content":{"rendered":"<div class=\"oferta-container\">\n<p>\ud83d\udfe5 <b>INCRE\u00cdBLE<\/b> \ud83d\udfe5 #Publicidad #Amazon #16<\/p>\n<p>\ud83d\udd34 <b>Mu\u00f1eca Mi\u00e9rcoles <\/b><\/p>\n<p>\u2705 <b>AHORA 31.49 \u20ac<\/b> \u2714\ufe0f\ud83d\udfe1<\/p>\n<p>\u274c Antes 54.99 \u20ac<\/p>\n<p>\ud83d\uded2: <a href=\"https:\/\/btz.es\/4KYx9BH\" target=\"_blank\" rel=\"nofollow noopener\">https:\/\/btz.es\/4KYx9BH<\/a><\/p>\n<p>&#8211; La colecci\u00f3n Monster High x Mi\u00e9rcoles rinde homenaje a la terror\u00edficamente ingeniosa y espeluznante serie de televisi\u00f3n con una l\u00ednea de mu\u00f1ecas que son el \u00faltimo grito.<br \/>\n&#8211; Esta mu\u00f1eca de Mi\u00e9rcoles Addams, espectacular con su emblem\u00e1tico atuendo negro, reproduce a la perfecci\u00f3n al personaje principal de la serie y refleja su ic\u00f3nico estilo g\u00f3tico desde el punto de vista de Monster High.<br \/>\n&#8211; Una corbata, un cintur\u00f3n llamativo y unas mallas de tela de ara\u00f1a rematan el uniforme de la Academia Nevermore de Mi\u00e9rcoles. Las botas de plataforma gruesa llevan su violonchelo en un tac\u00f3n y su querido escorpi\u00f3n Nero en el otro.<br \/>\n&#8211; Viene acompa\u00f1ada de su fiel confidente Cosa, con sus emblem\u00e1ticas cicatrices, y de una brillante mochila negra con detalles de calaveras y telara\u00f1as.<br \/>\n&#8211; Echa un vistazo a toda la l\u00ednea Monster High x Mi\u00e9rcoles para descubrir m\u00e1s mu\u00f1ecas encantadoramente espantosas. Son regalos inolvidables tanto para coleccionistas como para fans. Se venden por separado y est\u00e1n sujetas a disponibilidad.<\/p>\n<\/p><\/div>\n","protected":false},"excerpt":{"rendered":"<p>\ud83d\udfe5 INCRE\u00cdBLE \ud83d\udfe5 #Publicidad #Amazon #16 \ud83d\udd34 Mu\u00f1eca Mi\u00e9rcoles \u2705 AHORA 31.49 \u20ac \u2714\ufe0f\ud83d\udfe1 \u274c Antes 54.99 \u20ac \ud83d\uded2: https:\/\/btz.es\/4KYx9BH &#8211; La colecci\u00f3n Monster High x Mi\u00e9rcoles rinde homenaje a la terror\u00edficamente ingeniosa y espeluznante serie de televisi\u00f3n con una l\u00ednea de mu\u00f1ecas que son el \u00faltimo grito. &#8211; Esta mu\u00f1eca de Mi\u00e9rcoles Addams, espectacular [&hellip;]<\/p>\n","protected":false},"featured_media":5371,"template":"","meta":{"_gspb_post_css":""},"store":[],"product_brand":[],"product_cat":[16],"product_tag":[],"class_list":{"0":"post-5372","1":"product","2":"type-product","3":"status-publish","4":"has-post-thumbnail","6":"product_cat-sin-categorizar","8":"first","9":"instock","10":"sale","11":"shipping-taxable","12":"product-type-external"},"jetpack_sharing_enabled":true,"_links":{"self":[{"href":"https:\/\/ofertacular.com\/index.php\/wp-json\/wp\/v2\/product\/5372","targetHints":{"allow":["GET"]}}],"collection":[{"href":"https:\/\/ofertacular.com\/index.php\/wp-json\/wp\/v2\/product"}],"about":[{"href":"https:\/\/ofertacular.com\/index.php\/wp-json\/wp\/v2\/types\/product"}],"wp:featuredmedia":[{"embeddable":true,"href":"https:\/\/ofertacular.com\/index.php\/wp-json\/wp\/v2\/media\/5371"}],"wp:attachment":[{"href":"https:\/\/ofertacular.com\/index.php\/wp-json\/wp\/v2\/media?parent=5372"}],"wp:term":[{"taxonomy":"store","embeddable":true,"href":"https:\/\/ofertacular.com\/index.php\/wp-json\/wp\/v2\/store?post=5372"},{"taxonomy":"product_brand","embeddable":true,"href":"https:\/\/ofertacular.com\/index.php\/wp-json\/wp\/v2\/product_brand?post=5372"},{"taxonomy":"product_cat","embeddable":true,"href":"https:\/\/ofertacular.com\/index.php\/wp-json\/wp\/v2\/product_cat?post=5372"},{"taxonomy":"product_tag","embeddable":true,"href":"https:\/\/ofertacular.com\/index.php\/wp-json\/wp\/v2\/product_tag?post=5372"}],"curies":[{"name":"wp","href":"https:\/\/api.w.org\/{rel}","templated":true}]}}