{"id":5376,"date":"2025-05-13T08:26:44","date_gmt":"2025-05-13T06:26:44","guid":{"rendered":"https:\/\/ofertacular.com\/index.php\/producto\/bascula-digital-2\/"},"modified":"2025-05-13T08:26:44","modified_gmt":"2025-05-13T06:26:44","slug":"bascula-digital-2","status":"publish","type":"product","link":"https:\/\/ofertacular.com\/index.php\/producto\/bascula-digital-2\/","title":{"rendered":"B\u00e1scula Digital"},"content":{"rendered":"<div class=\"oferta-container\">\n<p>\ud83d\udfe5 <b>\u00a1APROVECHA!<\/b> \ud83d\udfe5 #Publicidad #Amazon #16<\/p>\n<p>\ud83d\udd34 <b>B\u00e1scula Digital <\/b><\/p>\n<p>\u2705 <b>AHORA 9.85 \u20ac<\/b> \u2714\ufe0f\ud83d\udfe1<\/p>\n<p>\u274c Antes 19.99 \u20ac<\/p>\n<p>\ud83d\uded2: <a href=\"https:\/\/btz.es\/4Ld7yUU\" target=\"_blank\" rel=\"nofollow noopener\">https:\/\/btz.es\/4Ld7yUU<\/a><\/p>\n<p>&#8211; Siempre exacta: 4 sensores de alta precisi\u00f3n trabajan juntos para darle mediciones confiables hasta una graduaci\u00f3n de 0.1 lb 50 g con una capacidad de peso m\u00e1xima de 400 lb\/180 kg. Nota: NO Unidad de medida de la piedra. Cambie f\u00e1cilmente las unidades m\u00e9tricas e imperiales tocando el bot\u00f3n en la parte posterior de la b\u00e1scula.<br \/>\n&#8211; Tecnolog\u00eda Step-On: S\u00fabete a la plataforma auto calibrada y las balanzas de ba\u00f1o te dar\u00e1n resultados de pesaje precisos, instant\u00e1neos y consistentes en libras o kilogramos.<br \/>\n&#8211; F\u00e1cil de usar: La pantalla LED retro iluminada clara es f\u00e1cil de leer; encendido\/apagado autom\u00e1tico, calibraci\u00f3n autom\u00e1tica, indicaci\u00f3n de bater\u00eda baja y sobrecarga proporcionan una funcionalidad vers\u00e1til; el dise\u00f1o elegante es f\u00e1cil de limpiar.<br \/>\n&#8211; Dise\u00f1ada con cuidado: Dise\u00f1o de esquinas redondeadas que retiene a los miembros del hogar de los bordes afilados; el vidrio templado de 5 mm proporciona una robustez excepcional; el dise\u00f1o mini y delgado es f\u00e1cil de guardar y empaquetar para el viaje.<br \/>\n&#8211; Compacto y Elegante: Esta b\u00e1scula digital con una apariencia elegante es adecuada para varios estilos de decoraci\u00f3n, como el ba\u00f1o, la sala de estar, incluso en el gimnasio o el estudio de yoga, perfecto como regalo o para uso dom\u00e9stico.<\/p>\n<\/p><\/div>\n","protected":false},"excerpt":{"rendered":"<p>\ud83d\udfe5 \u00a1APROVECHA! \ud83d\udfe5 #Publicidad #Amazon #16 \ud83d\udd34 B\u00e1scula Digital \u2705 AHORA 9.85 \u20ac \u2714\ufe0f\ud83d\udfe1 \u274c Antes 19.99 \u20ac \ud83d\uded2: https:\/\/btz.es\/4Ld7yUU &#8211; Siempre exacta: 4 sensores de alta precisi\u00f3n trabajan juntos para darle mediciones confiables hasta una graduaci\u00f3n de 0.1 lb 50 g con una capacidad de peso m\u00e1xima de 400 lb\/180 kg. Nota: NO Unidad [&hellip;]<\/p>\n","protected":false},"featured_media":5375,"template":"","meta":{"_gspb_post_css":""},"store":[],"product_brand":[],"product_cat":[16],"product_tag":[],"class_list":{"0":"post-5376","1":"product","2":"type-product","3":"status-publish","4":"has-post-thumbnail","6":"product_cat-sin-categorizar","8":"first","9":"instock","10":"sale","11":"shipping-taxable","12":"product-type-external"},"jetpack_sharing_enabled":true,"_links":{"self":[{"href":"https:\/\/ofertacular.com\/index.php\/wp-json\/wp\/v2\/product\/5376","targetHints":{"allow":["GET"]}}],"collection":[{"href":"https:\/\/ofertacular.com\/index.php\/wp-json\/wp\/v2\/product"}],"about":[{"href":"https:\/\/ofertacular.com\/index.php\/wp-json\/wp\/v2\/types\/product"}],"wp:featuredmedia":[{"embeddable":true,"href":"https:\/\/ofertacular.com\/index.php\/wp-json\/wp\/v2\/media\/5375"}],"wp:attachment":[{"href":"https:\/\/ofertacular.com\/index.php\/wp-json\/wp\/v2\/media?parent=5376"}],"wp:term":[{"taxonomy":"store","embeddable":true,"href":"https:\/\/ofertacular.com\/index.php\/wp-json\/wp\/v2\/store?post=5376"},{"taxonomy":"product_brand","embeddable":true,"href":"https:\/\/ofertacular.com\/index.php\/wp-json\/wp\/v2\/product_brand?post=5376"},{"taxonomy":"product_cat","embeddable":true,"href":"https:\/\/ofertacular.com\/index.php\/wp-json\/wp\/v2\/product_cat?post=5376"},{"taxonomy":"product_tag","embeddable":true,"href":"https:\/\/ofertacular.com\/index.php\/wp-json\/wp\/v2\/product_tag?post=5376"}],"curies":[{"name":"wp","href":"https:\/\/api.w.org\/{rel}","templated":true}]}}