{"id":5386,"date":"2025-05-13T10:34:44","date_gmt":"2025-05-13T08:34:44","guid":{"rendered":"https:\/\/ofertacular.com\/index.php\/producto\/filtro-philips\/"},"modified":"2025-05-13T10:34:44","modified_gmt":"2025-05-13T08:34:44","slug":"filtro-philips","status":"publish","type":"product","link":"https:\/\/ofertacular.com\/index.php\/producto\/filtro-philips\/","title":{"rendered":"Filtro Philips"},"content":{"rendered":"<div class=\"oferta-container\">\n<p>\ud83d\udfe5 <b>INCRE\u00cdBLE<\/b> \ud83d\udfe5 #Publicidad #Amazon #16<\/p>\n<p>\ud83d\udd34 <b>Filtro aire <\/b><\/p>\n<p>\u2705 <b>AHORA 15.96 \u20ac<\/b> \u2714\ufe0f\ud83d\udfe1<\/p>\n<p>\u274c Antes 19.95 \u20ac<\/p>\n<p>\ud83d\uded2: <a href=\"https:\/\/btz.es\/4LedCYr\" target=\"_blank\" rel=\"nofollow noopener\">https:\/\/btz.es\/4LedCYr<\/a><\/p>\n<p>&#8211; FILTRACI\u00d3N AVANZADA FILTRO PHILIPS: Reduce eficazmente las sustancias no deseadas tales como los MICROPL\u00c1STICOS, el CLORO, la CAL, los METALES PESADOS, los PFOA y otros contaminantes.<br \/>\n&#8211; FILTRACI\u00d3N SUPERIOR: Tecnolog\u00eda de alto rendimiento que permite una filtraci\u00f3n del agua un 20% m\u00e1s r\u00e1pida en comparaci\u00f3n con modelos similares y una mayor reducci\u00f3n de la cal.<br \/>\n&#8211; PROLONGA LA VIDA \u00daTIL DE LOS APARATOS DE COCINA al evitar la acumulaci\u00f3n de cal y mejora el sabor de sus bebidas y comidas favoritas.<br \/>\n&#8211; BUENO PARA EL MEDIO AMBIENTE: Cada filtro dura 30 d\u00edas y ahorra hasta 300 botellas de pl\u00e1stico 500ml.<br \/>\n&#8211; HASTA 3 MESES DE AGUA FRESCA: Cada cartucho dura aproximadamente 1 mes o 150 L.<br \/>\n&#8211; TEMPORIZADOR DIGITAL que le recuerda cu\u00e1ndo sustituir el filtro para obtener el mejor resultado.<br \/>\n&#8211; SE AJUSTA A LA PUERTA DEL FR\u00cdGORIFICO &#8211; Podra disfrutar de agua fresca f\u00e1cilmente.<br \/>\n&#8211; Facil rellenado gracias a su tapa \u00abFLIP TOP\u00bb que permite rellenarla con una sola mano.<\/p>\n<\/p><\/div>\n","protected":false},"excerpt":{"rendered":"<p>\ud83d\udfe5 INCRE\u00cdBLE \ud83d\udfe5 #Publicidad #Amazon #16 \ud83d\udd34 Filtro aire \u2705 AHORA 15.96 \u20ac \u2714\ufe0f\ud83d\udfe1 \u274c Antes 19.95 \u20ac \ud83d\uded2: https:\/\/btz.es\/4LedCYr &#8211; FILTRACI\u00d3N AVANZADA FILTRO PHILIPS: Reduce eficazmente las sustancias no deseadas tales como los MICROPL\u00c1STICOS, el CLORO, la CAL, los METALES PESADOS, los PFOA y otros contaminantes. &#8211; FILTRACI\u00d3N SUPERIOR: Tecnolog\u00eda de alto rendimiento que [&hellip;]<\/p>\n","protected":false},"featured_media":5385,"template":"","meta":{"_gspb_post_css":""},"store":[],"product_brand":[],"product_cat":[16],"product_tag":[],"class_list":{"0":"post-5386","1":"product","2":"type-product","3":"status-publish","4":"has-post-thumbnail","6":"product_cat-sin-categorizar","8":"first","9":"instock","10":"sale","11":"shipping-taxable","12":"product-type-external"},"jetpack_sharing_enabled":true,"_links":{"self":[{"href":"https:\/\/ofertacular.com\/index.php\/wp-json\/wp\/v2\/product\/5386","targetHints":{"allow":["GET"]}}],"collection":[{"href":"https:\/\/ofertacular.com\/index.php\/wp-json\/wp\/v2\/product"}],"about":[{"href":"https:\/\/ofertacular.com\/index.php\/wp-json\/wp\/v2\/types\/product"}],"wp:featuredmedia":[{"embeddable":true,"href":"https:\/\/ofertacular.com\/index.php\/wp-json\/wp\/v2\/media\/5385"}],"wp:attachment":[{"href":"https:\/\/ofertacular.com\/index.php\/wp-json\/wp\/v2\/media?parent=5386"}],"wp:term":[{"taxonomy":"store","embeddable":true,"href":"https:\/\/ofertacular.com\/index.php\/wp-json\/wp\/v2\/store?post=5386"},{"taxonomy":"product_brand","embeddable":true,"href":"https:\/\/ofertacular.com\/index.php\/wp-json\/wp\/v2\/product_brand?post=5386"},{"taxonomy":"product_cat","embeddable":true,"href":"https:\/\/ofertacular.com\/index.php\/wp-json\/wp\/v2\/product_cat?post=5386"},{"taxonomy":"product_tag","embeddable":true,"href":"https:\/\/ofertacular.com\/index.php\/wp-json\/wp\/v2\/product_tag?post=5386"}],"curies":[{"name":"wp","href":"https:\/\/api.w.org\/{rel}","templated":true}]}}