{"id":5394,"date":"2025-05-13T10:40:18","date_gmt":"2025-05-13T08:40:18","guid":{"rendered":"https:\/\/ofertacular.com\/index.php\/producto\/nerf-commander\/"},"modified":"2025-05-13T10:40:18","modified_gmt":"2025-05-13T08:40:18","slug":"nerf-commander","status":"publish","type":"product","link":"https:\/\/ofertacular.com\/index.php\/producto\/nerf-commander\/","title":{"rendered":"Nerf Commander"},"content":{"rendered":"<div class=\"oferta-container\">\n<p>\ud83d\udfe5 <b>\u00a1S\u00d3LO HOY!<\/b> \ud83d\udfe5 #Publicidad #Amazon #16<\/p>\n<p>\ud83d\udd34 <b>Nerf Commander <\/b><\/p>\n<p>\u2705 <b>AHORA 8.39 \u20ac<\/b> \u2714\ufe0f\ud83d\udfe1<\/p>\n<p>\u274c Antes 14.99 \u20ac<\/p>\n<p>\ud83d\uded2: <a href=\"https:\/\/btz.es\/4LefbMQ\" target=\"_blank\" rel=\"nofollow noopener\">https:\/\/btz.es\/4LefbMQ<\/a><\/p>\n<p>&#8211; LANZADOR NERF ELITE 2.0 COMMANDER RD-6 CON TAMBOR DE 6 DARDOS: Este lanzador de juguete Nerf Elite tiene un tambor giratorio con capacidad para 6 dardos para lanzar de seguido<br \/>\n&#8211; OPCI\u00d3N DE MODO R\u00c1FAGA: Con el lanzador Nerf tienes la opci\u00f3n de lanzar 1 dardo a la vez o lanza 6 dardos de espuma seguidos con la opci\u00f3n de lanzamiento en r\u00e1faga a una distancia de 27 m<br \/>\n&#8211; INCLUYE 12 DARDOS NERF ELITE: Viene con 12 dardos de espuma para colocar 6 dardos Nerf en el tambor y tener otros 6 para recargar<br \/>\n&#8211; RIELES T\u00c1CTICOS Y PUNTOS DE UNI\u00d3N DEL CA\u00d1\u00d3N Y LA CULATA: Usa los rieles y los puntos de uni\u00f3n para personalizar el lanzador de juguete con otros accesorios Nerf a la venta por separado<br \/>\n&#8211; JUGUETE PARA ACTIVIDADES AL AIRE LIBRE: Los lanzadores Nerf son id\u00f3neos para recrear el juego de acci\u00f3n y batallas al aire libre y disfrutar de mayor diversi\u00f3n<\/p>\n<\/p><\/div>\n","protected":false},"excerpt":{"rendered":"<p>\ud83d\udfe5 \u00a1S\u00d3LO HOY! \ud83d\udfe5 #Publicidad #Amazon #16 \ud83d\udd34 Nerf Commander \u2705 AHORA 8.39 \u20ac \u2714\ufe0f\ud83d\udfe1 \u274c Antes 14.99 \u20ac \ud83d\uded2: https:\/\/btz.es\/4LefbMQ &#8211; LANZADOR NERF ELITE 2.0 COMMANDER RD-6 CON TAMBOR DE 6 DARDOS: Este lanzador de juguete Nerf Elite tiene un tambor giratorio con capacidad para 6 dardos para lanzar de seguido &#8211; OPCI\u00d3N DE [&hellip;]<\/p>\n","protected":false},"featured_media":5393,"template":"","meta":{"_gspb_post_css":""},"store":[],"product_brand":[],"product_cat":[16],"product_tag":[],"class_list":{"0":"post-5394","1":"product","2":"type-product","3":"status-publish","4":"has-post-thumbnail","6":"product_cat-sin-categorizar","8":"first","9":"instock","10":"sale","11":"shipping-taxable","12":"product-type-external"},"jetpack_sharing_enabled":true,"_links":{"self":[{"href":"https:\/\/ofertacular.com\/index.php\/wp-json\/wp\/v2\/product\/5394","targetHints":{"allow":["GET"]}}],"collection":[{"href":"https:\/\/ofertacular.com\/index.php\/wp-json\/wp\/v2\/product"}],"about":[{"href":"https:\/\/ofertacular.com\/index.php\/wp-json\/wp\/v2\/types\/product"}],"wp:featuredmedia":[{"embeddable":true,"href":"https:\/\/ofertacular.com\/index.php\/wp-json\/wp\/v2\/media\/5393"}],"wp:attachment":[{"href":"https:\/\/ofertacular.com\/index.php\/wp-json\/wp\/v2\/media?parent=5394"}],"wp:term":[{"taxonomy":"store","embeddable":true,"href":"https:\/\/ofertacular.com\/index.php\/wp-json\/wp\/v2\/store?post=5394"},{"taxonomy":"product_brand","embeddable":true,"href":"https:\/\/ofertacular.com\/index.php\/wp-json\/wp\/v2\/product_brand?post=5394"},{"taxonomy":"product_cat","embeddable":true,"href":"https:\/\/ofertacular.com\/index.php\/wp-json\/wp\/v2\/product_cat?post=5394"},{"taxonomy":"product_tag","embeddable":true,"href":"https:\/\/ofertacular.com\/index.php\/wp-json\/wp\/v2\/product_tag?post=5394"}],"curies":[{"name":"wp","href":"https:\/\/api.w.org\/{rel}","templated":true}]}}