{"id":5396,"date":"2025-05-13T10:44:16","date_gmt":"2025-05-13T08:44:16","guid":{"rendered":"https:\/\/ofertacular.com\/index.php\/producto\/control-preservativos-2\/"},"modified":"2025-05-13T10:44:16","modified_gmt":"2025-05-13T08:44:16","slug":"control-preservativos-2","status":"publish","type":"product","link":"https:\/\/ofertacular.com\/index.php\/producto\/control-preservativos-2\/","title":{"rendered":"Control Preservativos"},"content":{"rendered":"<div class=\"oferta-container\">\n<p>\ud83d\udfe5 <b>REBAJA<\/b> \ud83d\udfe5 #Publicidad #Amazon #16<\/p>\n<p>\ud83d\udd34 <b>Preservativos <\/b><\/p>\n<p>\u2705 <b>AHORA 6.99 \u20ac<\/b> \u2714\ufe0f\ud83d\udfe1<\/p>\n<p>\u274c Antes 8.00 \u20ac<\/p>\n<p>\ud83d\uded2: <a href=\"https:\/\/btz.es\/4LegbMf\" target=\"_blank\" rel=\"nofollow noopener\">https:\/\/btz.es\/4LegbMf<\/a><\/p>\n<p>&#8211; El preservativo Xtra Large est\u00e1 dise\u00f1ado para aquellos que viven la relaci\u00f3n en un gran formato<br \/>\n&#8211; Caja de 12 preservativos Control XL<br \/>\n&#8211; El preservativo Control XL tiene una anchura y longitud que los dem\u00e1s modelos de la gama Control y ofrece un alto confort<br \/>\n&#8211; El preservativo tiene una anchura nominal de 54mm, una longitud de 200mm y un grosor de 0.070mm<br \/>\n&#8211; Los preservativos Control XL tienen una forma anat\u00f3mica para una adaptabilidad y comodidad<br \/>\n&#8211; Preservativo de calidad, anat\u00f3mico, con dep\u00f3sito y lubricado<br \/>\n&#8211; Los preservativos Control Finissimos se fabrican con latex de caucho natural<\/p>\n<\/p><\/div>\n","protected":false},"excerpt":{"rendered":"<p>\ud83d\udfe5 REBAJA \ud83d\udfe5 #Publicidad #Amazon #16 \ud83d\udd34 Preservativos \u2705 AHORA 6.99 \u20ac \u2714\ufe0f\ud83d\udfe1 \u274c Antes 8.00 \u20ac \ud83d\uded2: https:\/\/btz.es\/4LegbMf &#8211; El preservativo Xtra Large est\u00e1 dise\u00f1ado para aquellos que viven la relaci\u00f3n en un gran formato &#8211; Caja de 12 preservativos Control XL &#8211; El preservativo Control XL tiene una anchura y longitud que los [&hellip;]<\/p>\n","protected":false},"featured_media":5395,"template":"","meta":{"_gspb_post_css":""},"store":[],"product_brand":[],"product_cat":[16],"product_tag":[],"class_list":{"0":"post-5396","1":"product","2":"type-product","3":"status-publish","4":"has-post-thumbnail","6":"product_cat-sin-categorizar","8":"first","9":"instock","10":"sale","11":"shipping-taxable","12":"product-type-external"},"jetpack_sharing_enabled":true,"_links":{"self":[{"href":"https:\/\/ofertacular.com\/index.php\/wp-json\/wp\/v2\/product\/5396","targetHints":{"allow":["GET"]}}],"collection":[{"href":"https:\/\/ofertacular.com\/index.php\/wp-json\/wp\/v2\/product"}],"about":[{"href":"https:\/\/ofertacular.com\/index.php\/wp-json\/wp\/v2\/types\/product"}],"wp:featuredmedia":[{"embeddable":true,"href":"https:\/\/ofertacular.com\/index.php\/wp-json\/wp\/v2\/media\/5395"}],"wp:attachment":[{"href":"https:\/\/ofertacular.com\/index.php\/wp-json\/wp\/v2\/media?parent=5396"}],"wp:term":[{"taxonomy":"store","embeddable":true,"href":"https:\/\/ofertacular.com\/index.php\/wp-json\/wp\/v2\/store?post=5396"},{"taxonomy":"product_brand","embeddable":true,"href":"https:\/\/ofertacular.com\/index.php\/wp-json\/wp\/v2\/product_brand?post=5396"},{"taxonomy":"product_cat","embeddable":true,"href":"https:\/\/ofertacular.com\/index.php\/wp-json\/wp\/v2\/product_cat?post=5396"},{"taxonomy":"product_tag","embeddable":true,"href":"https:\/\/ofertacular.com\/index.php\/wp-json\/wp\/v2\/product_tag?post=5396"}],"curies":[{"name":"wp","href":"https:\/\/api.w.org\/{rel}","templated":true}]}}