{"id":5404,"date":"2025-05-13T12:32:59","date_gmt":"2025-05-13T10:32:59","guid":{"rendered":"https:\/\/ofertacular.com\/index.php\/producto\/maped-compas\/"},"modified":"2025-05-13T12:32:59","modified_gmt":"2025-05-13T10:32:59","slug":"maped-compas","status":"publish","type":"product","link":"https:\/\/ofertacular.com\/index.php\/producto\/maped-compas\/","title":{"rendered":"Maped Comp\u00e1s"},"content":{"rendered":"<div class=\"oferta-container\">\n<p>\ud83d\udfe5 <b>INCRE\u00cdBLE<\/b> \ud83d\udfe5 #Publicidad #Amazon #16<\/p>\n<p>\ud83d\udd34 <b>Comp\u00e1s Maped <\/b><\/p>\n<p>\u2705 <b>AHORA 2.45 \u20ac<\/b> \u2714\ufe0f\ud83d\udfe1<\/p>\n<p>\u274c Antes 3.63 \u20ac<\/p>\n<p>\ud83d\uded2: <a href=\"https:\/\/btz.es\/4Le7y6c\" target=\"_blank\" rel=\"nofollow noopener\">https:\/\/btz.es\/4Le7y6c<\/a><\/p>\n<p>&#8211; MATERIAL DE CALIDAD: Todos los art\u00edculos que ponemos a tu disposici\u00f3n est\u00e1n fabricados para que te acompa\u00f1en todo el tiempo posible. La durabilidad y la seguridad son dos requisitos clave que cumplen el material escolar y de oficina.<br \/>\n&#8211; LISTOS PARA EL COLE: En Maped encontrar\u00e1s todo el material escolar necesario para equipar a los m\u00e1s peque\u00f1os de la casa. Podr\u00e1s elegir entre una gama de \u00faltimos dise\u00f1os y variedades de material de papeler\u00eda, accesorios para pintar o complementos.<br \/>\n&#8211; EL MUNDO EN SUS MANOS: Sin duda alguna es en la infancia cuando todos empezamos a desarrollar la creatividad y necesitamos reforzar la confianza. Con nuestros productos buscamos animar a los m\u00e1s peque\u00f1os a confiar en ellos mismos mientras disfrutan.<br \/>\n&#8211; L\u00cdNEA MAPED: Aunque somos la gama cl\u00e1sica, apostamos por renovarnos y adaptarnos a los nuevos tiempos. Entre las diferentes colecciones contamos con: mini cute, nightfall, pastel, color, escolar, escritura, oficina enmarcado y trade marketing.<br \/>\n&#8211; SOBRE NOSOTROS: Brindarle a cada ni\u00f1o el poder de cambiar el mundo con sus manos es la raz\u00f3n de ser de Maped. Con nuestros valores de esp\u00edritu pionero, responsabilidad y compromiso ciudadano trasladamos nuestro car\u00e1cter creativo y comprometido.<br \/>\n&#8211; Comp\u00e1s<br \/>\n&#8211; Escolar<br \/>\n&#8211; Con adaptador<\/p>\n<\/p><\/div>\n","protected":false},"excerpt":{"rendered":"<p>\ud83d\udfe5 INCRE\u00cdBLE \ud83d\udfe5 #Publicidad #Amazon #16 \ud83d\udd34 Comp\u00e1s Maped \u2705 AHORA 2.45 \u20ac \u2714\ufe0f\ud83d\udfe1 \u274c Antes 3.63 \u20ac \ud83d\uded2: https:\/\/btz.es\/4Le7y6c &#8211; MATERIAL DE CALIDAD: Todos los art\u00edculos que ponemos a tu disposici\u00f3n est\u00e1n fabricados para que te acompa\u00f1en todo el tiempo posible. La durabilidad y la seguridad son dos requisitos clave que cumplen el material [&hellip;]<\/p>\n","protected":false},"featured_media":5403,"template":"","meta":{"_gspb_post_css":""},"store":[],"product_brand":[],"product_cat":[16],"product_tag":[],"class_list":{"0":"post-5404","1":"product","2":"type-product","3":"status-publish","4":"has-post-thumbnail","6":"product_cat-sin-categorizar","8":"first","9":"instock","10":"sale","11":"shipping-taxable","12":"product-type-external"},"jetpack_sharing_enabled":true,"_links":{"self":[{"href":"https:\/\/ofertacular.com\/index.php\/wp-json\/wp\/v2\/product\/5404","targetHints":{"allow":["GET"]}}],"collection":[{"href":"https:\/\/ofertacular.com\/index.php\/wp-json\/wp\/v2\/product"}],"about":[{"href":"https:\/\/ofertacular.com\/index.php\/wp-json\/wp\/v2\/types\/product"}],"wp:featuredmedia":[{"embeddable":true,"href":"https:\/\/ofertacular.com\/index.php\/wp-json\/wp\/v2\/media\/5403"}],"wp:attachment":[{"href":"https:\/\/ofertacular.com\/index.php\/wp-json\/wp\/v2\/media?parent=5404"}],"wp:term":[{"taxonomy":"store","embeddable":true,"href":"https:\/\/ofertacular.com\/index.php\/wp-json\/wp\/v2\/store?post=5404"},{"taxonomy":"product_brand","embeddable":true,"href":"https:\/\/ofertacular.com\/index.php\/wp-json\/wp\/v2\/product_brand?post=5404"},{"taxonomy":"product_cat","embeddable":true,"href":"https:\/\/ofertacular.com\/index.php\/wp-json\/wp\/v2\/product_cat?post=5404"},{"taxonomy":"product_tag","embeddable":true,"href":"https:\/\/ofertacular.com\/index.php\/wp-json\/wp\/v2\/product_tag?post=5404"}],"curies":[{"name":"wp","href":"https:\/\/api.w.org\/{rel}","templated":true}]}}