{"id":5418,"date":"2025-05-14T10:51:50","date_gmt":"2025-05-14T08:51:50","guid":{"rendered":"https:\/\/ofertacular.com\/index.php\/producto\/cecotec-espresso\/"},"modified":"2025-05-14T10:51:50","modified_gmt":"2025-05-14T08:51:50","slug":"cecotec-espresso","status":"publish","type":"product","link":"https:\/\/ofertacular.com\/index.php\/producto\/cecotec-espresso\/","title":{"rendered":"Cecotec Espresso"},"content":{"rendered":"<div class=\"oferta-container\">\n<p>\ud83d\udfe5 <b>\u00a1OFERT\u00d3N!<\/b> \ud83d\udfe5 #Publicidad #Amazon #16<\/p>\n<p>\ud83d\udd34 <b>Cafetera Espresso <\/b><\/p>\n<p>\u2705 <b>AHORA 119 \u20ac<\/b> \u2714\ufe0f\ud83d\udfe1<\/p>\n<p>\u274c Antes 149.00 \u20ac<\/p>\n<p>\ud83d\uded2: <a href=\"https:\/\/btz.es\/4LjY2nk\" target=\"_blank\" rel=\"nofollow noopener\">https:\/\/btz.es\/4LjY2nk<\/a><\/p>\n<p>&#8211; Cafetera semiautom\u00e1tica apta para caf\u00e9 molido, con 20 bares y thermoblock.<br \/>\n&#8211; Amantes del caf\u00e9 con leche. Incluye dep\u00f3sito de leche de 700 ml de capacidad como accesorio que se conecta a la cafetera y que tambi\u00e9n puedes guardar en la nevera.<br \/>\n&#8211; Sistema de calentamiento Thermoblock que facilita un calentamiento r\u00e1pido y homog\u00e9neo del agua y tambi\u00e9n de la leche.<br \/>\n&#8211; Potente bomba de presi\u00f3n con tecnolog\u00eda Force Aroma de 20 bares que consigue la mejor crema y el m\u00e1ximo aroma.<br \/>\n&#8211; Incluye dep\u00f3sito de leche de 700 ml de capacidad como accesorio que se conecta a la cafetera y que tambi\u00e9n puedes guardar en la nevera. Dep\u00f3sito de agua extra\u00edble con 1 litro de capacidad.<\/p>\n<\/p><\/div>\n","protected":false},"excerpt":{"rendered":"<p>\ud83d\udfe5 \u00a1OFERT\u00d3N! \ud83d\udfe5 #Publicidad #Amazon #16 \ud83d\udd34 Cafetera Espresso \u2705 AHORA 119 \u20ac \u2714\ufe0f\ud83d\udfe1 \u274c Antes 149.00 \u20ac \ud83d\uded2: https:\/\/btz.es\/4LjY2nk &#8211; Cafetera semiautom\u00e1tica apta para caf\u00e9 molido, con 20 bares y thermoblock. &#8211; Amantes del caf\u00e9 con leche. Incluye dep\u00f3sito de leche de 700 ml de capacidad como accesorio que se conecta a la cafetera [&hellip;]<\/p>\n","protected":false},"featured_media":5417,"template":"","meta":{"_gspb_post_css":""},"store":[],"product_brand":[],"product_cat":[16],"product_tag":[],"class_list":{"0":"post-5418","1":"product","2":"type-product","3":"status-publish","4":"has-post-thumbnail","6":"product_cat-sin-categorizar","8":"first","9":"instock","10":"sale","11":"shipping-taxable","12":"product-type-external"},"jetpack_sharing_enabled":true,"_links":{"self":[{"href":"https:\/\/ofertacular.com\/index.php\/wp-json\/wp\/v2\/product\/5418","targetHints":{"allow":["GET"]}}],"collection":[{"href":"https:\/\/ofertacular.com\/index.php\/wp-json\/wp\/v2\/product"}],"about":[{"href":"https:\/\/ofertacular.com\/index.php\/wp-json\/wp\/v2\/types\/product"}],"wp:featuredmedia":[{"embeddable":true,"href":"https:\/\/ofertacular.com\/index.php\/wp-json\/wp\/v2\/media\/5417"}],"wp:attachment":[{"href":"https:\/\/ofertacular.com\/index.php\/wp-json\/wp\/v2\/media?parent=5418"}],"wp:term":[{"taxonomy":"store","embeddable":true,"href":"https:\/\/ofertacular.com\/index.php\/wp-json\/wp\/v2\/store?post=5418"},{"taxonomy":"product_brand","embeddable":true,"href":"https:\/\/ofertacular.com\/index.php\/wp-json\/wp\/v2\/product_brand?post=5418"},{"taxonomy":"product_cat","embeddable":true,"href":"https:\/\/ofertacular.com\/index.php\/wp-json\/wp\/v2\/product_cat?post=5418"},{"taxonomy":"product_tag","embeddable":true,"href":"https:\/\/ofertacular.com\/index.php\/wp-json\/wp\/v2\/product_tag?post=5418"}],"curies":[{"name":"wp","href":"https:\/\/api.w.org\/{rel}","templated":true}]}}