{"id":5422,"date":"2025-05-14T10:55:48","date_gmt":"2025-05-14T08:55:48","guid":{"rendered":"https:\/\/ofertacular.com\/index.php\/producto\/balay-lavavajillas\/"},"modified":"2025-05-14T10:55:48","modified_gmt":"2025-05-14T08:55:48","slug":"balay-lavavajillas","status":"publish","type":"product","link":"https:\/\/ofertacular.com\/index.php\/producto\/balay-lavavajillas\/","title":{"rendered":"Balay Lavavajillas"},"content":{"rendered":"<div class=\"oferta-container\">\n<p>\ud83d\udfe5 <b>DESCUENTO<\/b> \ud83d\udfe5 #Publicidad #Amazon #16<\/p>\n<p>\ud83d\udd34 <b>Lavavajillas Balay <\/b><\/p>\n<p>\u2705 <b>AHORA 366 \u20ac<\/b> \u2714\ufe0f\ud83d\udfe1<\/p>\n<p>\u274c Antes 397.48 \u20ac<\/p>\n<p>\ud83d\uded2: <a href=\"https:\/\/btz.es\/4LjZ2he\" target=\"_blank\" rel=\"nofollow noopener\">https:\/\/btz.es\/4LjZ2he<\/a><\/p>\n<p>&#8211; Gracias al programa Auto Diario del lavavajillas de 60 cm, no necesitar\u00e1s preocuparte por seleccionar el programa adecuado: Esta funci\u00f3n ajusta autom\u00e1ticamente el agua, la temperatura y el tiempo de lavado a la vajilla<br \/>\n&#8211; Si necesitas tu vajilla limpia y seca r\u00e1pidamente, el programa 1 hora de este lavavajillas Balay lava tu vajilla a 65\u00baC en solo 60 minutos, adecuado para cuando est\u00e1s apurado<br \/>\n&#8211; Los vasos y cucharas olvidados ya no ser\u00e1n un problema: Con la funci\u00f3n Pausa+Carga, puedes detener el ciclo de lavado de tu lavavajillas, abrir la puerta e introducir la vajilla olvidada<br \/>\n&#8211; Con tres niveles de ajuste, la cesta RackMatic se adapta a tus necesidades, permiti\u00e9ndote lavar copas altas u ollas con facilidad; adem\u00e1s, el Motor ExtraSilencio minimiza el ruido y aumenta la eficiencia del lavavajillas<br \/>\n&#8211; Las dimensiones del lavavaijillas de libre instalaci\u00f3n son de 84,5 x 60 x 60 cent\u00edmetros alto x ancho x fondo<\/p>\n<\/p><\/div>\n","protected":false},"excerpt":{"rendered":"<p>\ud83d\udfe5 DESCUENTO \ud83d\udfe5 #Publicidad #Amazon #16 \ud83d\udd34 Lavavajillas Balay \u2705 AHORA 366 \u20ac \u2714\ufe0f\ud83d\udfe1 \u274c Antes 397.48 \u20ac \ud83d\uded2: https:\/\/btz.es\/4LjZ2he &#8211; Gracias al programa Auto Diario del lavavajillas de 60 cm, no necesitar\u00e1s preocuparte por seleccionar el programa adecuado: Esta funci\u00f3n ajusta autom\u00e1ticamente el agua, la temperatura y el tiempo de lavado a la vajilla [&hellip;]<\/p>\n","protected":false},"featured_media":5421,"template":"","meta":{"_gspb_post_css":""},"store":[],"product_brand":[],"product_cat":[16],"product_tag":[],"class_list":{"0":"post-5422","1":"product","2":"type-product","3":"status-publish","4":"has-post-thumbnail","6":"product_cat-sin-categorizar","8":"first","9":"instock","10":"sale","11":"shipping-taxable","12":"product-type-external"},"jetpack_sharing_enabled":true,"_links":{"self":[{"href":"https:\/\/ofertacular.com\/index.php\/wp-json\/wp\/v2\/product\/5422","targetHints":{"allow":["GET"]}}],"collection":[{"href":"https:\/\/ofertacular.com\/index.php\/wp-json\/wp\/v2\/product"}],"about":[{"href":"https:\/\/ofertacular.com\/index.php\/wp-json\/wp\/v2\/types\/product"}],"wp:featuredmedia":[{"embeddable":true,"href":"https:\/\/ofertacular.com\/index.php\/wp-json\/wp\/v2\/media\/5421"}],"wp:attachment":[{"href":"https:\/\/ofertacular.com\/index.php\/wp-json\/wp\/v2\/media?parent=5422"}],"wp:term":[{"taxonomy":"store","embeddable":true,"href":"https:\/\/ofertacular.com\/index.php\/wp-json\/wp\/v2\/store?post=5422"},{"taxonomy":"product_brand","embeddable":true,"href":"https:\/\/ofertacular.com\/index.php\/wp-json\/wp\/v2\/product_brand?post=5422"},{"taxonomy":"product_cat","embeddable":true,"href":"https:\/\/ofertacular.com\/index.php\/wp-json\/wp\/v2\/product_cat?post=5422"},{"taxonomy":"product_tag","embeddable":true,"href":"https:\/\/ofertacular.com\/index.php\/wp-json\/wp\/v2\/product_tag?post=5422"}],"curies":[{"name":"wp","href":"https:\/\/api.w.org\/{rel}","templated":true}]}}