{"id":5424,"date":"2025-05-14T10:58:25","date_gmt":"2025-05-14T08:58:25","guid":{"rendered":"https:\/\/ofertacular.com\/index.php\/producto\/northweek-gafas\/"},"modified":"2025-05-14T10:58:25","modified_gmt":"2025-05-14T08:58:25","slug":"northweek-gafas","status":"publish","type":"product","link":"https:\/\/ofertacular.com\/index.php\/producto\/northweek-gafas\/","title":{"rendered":"Northweek Gafas"},"content":{"rendered":"<div class=\"oferta-container\">\n<p>\ud83d\udfe5 <b>REBAJA<\/b> \ud83d\udfe5 #Publicidad #Amazon #16<\/p>\n<p>\ud83d\udd34 <b>Gafas Northweek <\/b><\/p>\n<p>\u2705 <b>AHORA 13.99 \u20ac<\/b> \u2714\ufe0f\ud83d\udfe1<\/p>\n<p>\u274c Antes 34.99 \u20ac<\/p>\n<p>\ud83d\uded2: <a href=\"https:\/\/btz.es\/4LkahqU\" target=\"_blank\" rel=\"nofollow noopener\">https:\/\/btz.es\/4LkahqU<\/a><\/p>\n<p>&#8211; Preetamos la vesi\u00f3n Madein Spain denuetro bet sele \u201cWALL\u201d Un reiseo fabricado e epa\u00f1a con las \u00faltimas tenolog\u00edas quedan como reultado un nueo modeo egon\u00f3mico pefecionado, ligeo y sosteiblegracias al Depedicio Ceo etediseo actualizado preeta l\u00ednes deuradas y etilizadas para crer una siluea slim urbana quese\u00e1 una aut\u00e9ntica delaraci\u00f3n deetilo et\u00e9s dondeet\u00e9s<br \/>\n&#8211; Gafas desol polarizadas: otorga una visi\u00f3n sin releos y contrastenatural decolore Lete cateor\u00eda 3 fabricadas con mateial bio tac polarizado y proteci\u00f3n uv400<br \/>\n&#8211; Gafas desol fabricadas e TR90 con e selo deeS, consideado e adeuado Nylon para monturas de mundo queproporciona fleibilidad y reistecia<br \/>\n&#8211; Producto oficial NorthwekIncluye Funda e microfibra y caja<br \/>\n&#8211; Modeo Unise Meidas: Frontal 140 mm; 45 mm; Patillas 145 mm<\/p>\n<\/p><\/div>\n","protected":false},"excerpt":{"rendered":"<p>\ud83d\udfe5 REBAJA \ud83d\udfe5 #Publicidad #Amazon #16 \ud83d\udd34 Gafas Northweek \u2705 AHORA 13.99 \u20ac \u2714\ufe0f\ud83d\udfe1 \u274c Antes 34.99 \u20ac \ud83d\uded2: https:\/\/btz.es\/4LkahqU &#8211; Preetamos la vesi\u00f3n Madein Spain denuetro bet sele \u201cWALL\u201d Un reiseo fabricado e epa\u00f1a con las \u00faltimas tenolog\u00edas quedan como reultado un nueo modeo egon\u00f3mico pefecionado, ligeo y sosteiblegracias al Depedicio Ceo etediseo actualizado [&hellip;]<\/p>\n","protected":false},"featured_media":5423,"template":"","meta":{"_gspb_post_css":""},"store":[],"product_brand":[],"product_cat":[16],"product_tag":[],"class_list":{"0":"post-5424","1":"product","2":"type-product","3":"status-publish","4":"has-post-thumbnail","6":"product_cat-sin-categorizar","8":"first","9":"instock","10":"sale","11":"shipping-taxable","12":"product-type-external"},"jetpack_sharing_enabled":true,"_links":{"self":[{"href":"https:\/\/ofertacular.com\/index.php\/wp-json\/wp\/v2\/product\/5424","targetHints":{"allow":["GET"]}}],"collection":[{"href":"https:\/\/ofertacular.com\/index.php\/wp-json\/wp\/v2\/product"}],"about":[{"href":"https:\/\/ofertacular.com\/index.php\/wp-json\/wp\/v2\/types\/product"}],"wp:featuredmedia":[{"embeddable":true,"href":"https:\/\/ofertacular.com\/index.php\/wp-json\/wp\/v2\/media\/5423"}],"wp:attachment":[{"href":"https:\/\/ofertacular.com\/index.php\/wp-json\/wp\/v2\/media?parent=5424"}],"wp:term":[{"taxonomy":"store","embeddable":true,"href":"https:\/\/ofertacular.com\/index.php\/wp-json\/wp\/v2\/store?post=5424"},{"taxonomy":"product_brand","embeddable":true,"href":"https:\/\/ofertacular.com\/index.php\/wp-json\/wp\/v2\/product_brand?post=5424"},{"taxonomy":"product_cat","embeddable":true,"href":"https:\/\/ofertacular.com\/index.php\/wp-json\/wp\/v2\/product_cat?post=5424"},{"taxonomy":"product_tag","embeddable":true,"href":"https:\/\/ofertacular.com\/index.php\/wp-json\/wp\/v2\/product_tag?post=5424"}],"curies":[{"name":"wp","href":"https:\/\/api.w.org\/{rel}","templated":true}]}}