{"id":5426,"date":"2025-05-14T11:00:58","date_gmt":"2025-05-14T09:00:58","guid":{"rendered":"https:\/\/ofertacular.com\/index.php\/producto\/cecotec-aspirador-2\/"},"modified":"2025-05-14T11:00:58","modified_gmt":"2025-05-14T09:00:58","slug":"cecotec-aspirador-2","status":"publish","type":"product","link":"https:\/\/ofertacular.com\/index.php\/producto\/cecotec-aspirador-2\/","title":{"rendered":"Cecotec Aspirador"},"content":{"rendered":"<div class=\"oferta-container\">\n<p>\ud83d\udfe5 <b>EXCLUSIVO<\/b> \ud83d\udfe5 #Publicidad #Amazon #16<\/p>\n<p>\ud83d\udd34 <b>Aspirador Cecotec <\/b><\/p>\n<p>\u2705 <b>AHORA 89.9 \u20ac<\/b> \u2714\ufe0f\ud83d\udfe1<\/p>\n<p>\u274c Antes 127.53 \u20ac<\/p>\n<p>\ud83d\uded2: <a href=\"https:\/\/btz.es\/4LkaK8f\" target=\"_blank\" rel=\"nofollow noopener\">https:\/\/btz.es\/4LkaK8f<\/a><\/p>\n<p>&#8211; Aspirador de tapicer\u00edas con funci\u00f3n 3 en 1. Pulveriza, limpia y aspira. Incluye un sistema de pulverizaci\u00f3n de agua en el cabezal para poder dosificar f\u00e1cilmente el caudal de agua y adecuar la cantidad de agua al tipo de superficie.<br \/>\n&#8211; Dos dep\u00f3sitos. Un dep\u00f3sito de agua limpia de hasta 1, litros y un dep\u00f3sito de agua sucia de hasta 0,85 litros. 400 W de potencia m\u00e1xima y gran poder de succi\u00f3n.<br \/>\n&#8211; F\u00e1cil extracci\u00f3n de los dep\u00f3sitos de agua para rellenar y para vaciar con comodidad. Gracias a la combinaci\u00f3n entre el cable de 4 metros y la longitud de la manguera de 1,2 metros podr\u00e1s llegar a cualquier sitio en un radio de hasta 5 metros.<br \/>\n&#8211; Aspirador de tapicer\u00edas para aspirar tanto l\u00edquidos como s\u00f3lidos. Compatible con l\u00edquido limpiador de baja espuma. La proporci\u00f3n a usar de jab\u00f3n l\u00edquido es de 5 a 10 ml en el dep\u00f3sito de agua limpia.<br \/>\n&#8211; Puede usarse con agua caliente. Gancho para almacenamiento de cable de alimentaci\u00f3n. Asa para f\u00e1cil desplazamiento del producto Incluye dos boquillas de aspiraci\u00f3n de l\u00edquidos, una con cepillo, otra con cepillo de pl\u00e1stico y un cepillo 2 en 1 , para poder adaptarse a cualquier tipo de suciedad.<\/p>\n<\/p><\/div>\n","protected":false},"excerpt":{"rendered":"<p>\ud83d\udfe5 EXCLUSIVO \ud83d\udfe5 #Publicidad #Amazon #16 \ud83d\udd34 Aspirador Cecotec \u2705 AHORA 89.9 \u20ac \u2714\ufe0f\ud83d\udfe1 \u274c Antes 127.53 \u20ac \ud83d\uded2: https:\/\/btz.es\/4LkaK8f &#8211; Aspirador de tapicer\u00edas con funci\u00f3n 3 en 1. Pulveriza, limpia y aspira. Incluye un sistema de pulverizaci\u00f3n de agua en el cabezal para poder dosificar f\u00e1cilmente el caudal de agua y adecuar la cantidad [&hellip;]<\/p>\n","protected":false},"featured_media":5425,"template":"","meta":{"_gspb_post_css":""},"store":[],"product_brand":[],"product_cat":[16],"product_tag":[],"class_list":{"0":"post-5426","1":"product","2":"type-product","3":"status-publish","4":"has-post-thumbnail","6":"product_cat-sin-categorizar","8":"first","9":"instock","10":"sale","11":"shipping-taxable","12":"product-type-external"},"jetpack_sharing_enabled":true,"_links":{"self":[{"href":"https:\/\/ofertacular.com\/index.php\/wp-json\/wp\/v2\/product\/5426","targetHints":{"allow":["GET"]}}],"collection":[{"href":"https:\/\/ofertacular.com\/index.php\/wp-json\/wp\/v2\/product"}],"about":[{"href":"https:\/\/ofertacular.com\/index.php\/wp-json\/wp\/v2\/types\/product"}],"wp:featuredmedia":[{"embeddable":true,"href":"https:\/\/ofertacular.com\/index.php\/wp-json\/wp\/v2\/media\/5425"}],"wp:attachment":[{"href":"https:\/\/ofertacular.com\/index.php\/wp-json\/wp\/v2\/media?parent=5426"}],"wp:term":[{"taxonomy":"store","embeddable":true,"href":"https:\/\/ofertacular.com\/index.php\/wp-json\/wp\/v2\/store?post=5426"},{"taxonomy":"product_brand","embeddable":true,"href":"https:\/\/ofertacular.com\/index.php\/wp-json\/wp\/v2\/product_brand?post=5426"},{"taxonomy":"product_cat","embeddable":true,"href":"https:\/\/ofertacular.com\/index.php\/wp-json\/wp\/v2\/product_cat?post=5426"},{"taxonomy":"product_tag","embeddable":true,"href":"https:\/\/ofertacular.com\/index.php\/wp-json\/wp\/v2\/product_tag?post=5426"}],"curies":[{"name":"wp","href":"https:\/\/api.w.org\/{rel}","templated":true}]}}