{"id":5438,"date":"2025-05-14T16:52:55","date_gmt":"2025-05-14T14:52:55","guid":{"rendered":"https:\/\/ofertacular.com\/index.php\/producto\/bic-corrector-cinta\/"},"modified":"2025-05-14T16:52:55","modified_gmt":"2025-05-14T14:52:55","slug":"bic-corrector-cinta","status":"publish","type":"product","link":"https:\/\/ofertacular.com\/index.php\/producto\/bic-corrector-cinta\/","title":{"rendered":"BIC Corrector Cinta"},"content":{"rendered":"<div class=\"oferta-container\">\n<p>\ud83d\udfe5 <b>AHORRA AQU\u00cd<\/b> \ud83d\udfe5 #Publicidad #Amazon #16<\/p>\n<p>\ud83d\udd34 <b>Corrector cinta <\/b><\/p>\n<p>\u2705 <b>AHORA 6.65 \u20ac<\/b> \u2714\ufe0f\ud83d\udfe1<\/p>\n<p>\u274c Antes 7.57 \u20ac<\/p>\n<p>\ud83d\uded2: <a href=\"https:\/\/btz.es\/4Ll1wh8\" target=\"_blank\" rel=\"nofollow noopener\">https:\/\/btz.es\/4Ll1wh8<\/a><\/p>\n<p>&#8211; Tipp-Ex Micro Tape Twist es una cinta correctora bastante ingeniosa: el cabezal giratorio patentado protege la punta de posibles da\u00f1os<br \/>\n&#8211; Esta pel\u00edcula de pl\u00e1stico ultrarresistente aplica cinta correctora blanca con una gran cobertura y que no requiere tiempo de secado<br \/>\n&#8211; Dise\u00f1ada para deslizarse suavemente por la p\u00e1gina sin atascarse, y adem\u00e1s se puede rebobinar<br \/>\n&#8211; Dentro del Tipp-Ex Micro Tape Twist hay 8m de cinta correctora<br \/>\n&#8211; Este bl\u00edster contiene 3 dispensadores de cinta correctora blanca aptos para diestros y zurdos en rosa, morado y azul para todos los gustos<\/p>\n<\/p><\/div>\n","protected":false},"excerpt":{"rendered":"<p>\ud83d\udfe5 AHORRA AQU\u00cd \ud83d\udfe5 #Publicidad #Amazon #16 \ud83d\udd34 Corrector cinta \u2705 AHORA 6.65 \u20ac \u2714\ufe0f\ud83d\udfe1 \u274c Antes 7.57 \u20ac \ud83d\uded2: https:\/\/btz.es\/4Ll1wh8 &#8211; Tipp-Ex Micro Tape Twist es una cinta correctora bastante ingeniosa: el cabezal giratorio patentado protege la punta de posibles da\u00f1os &#8211; Esta pel\u00edcula de pl\u00e1stico ultrarresistente aplica cinta correctora blanca con una gran [&hellip;]<\/p>\n","protected":false},"featured_media":5437,"template":"","meta":{"_gspb_post_css":""},"store":[],"product_brand":[],"product_cat":[16],"product_tag":[],"class_list":{"0":"post-5438","1":"product","2":"type-product","3":"status-publish","4":"has-post-thumbnail","6":"product_cat-sin-categorizar","8":"first","9":"instock","10":"sale","11":"shipping-taxable","12":"product-type-external"},"jetpack_sharing_enabled":true,"_links":{"self":[{"href":"https:\/\/ofertacular.com\/index.php\/wp-json\/wp\/v2\/product\/5438","targetHints":{"allow":["GET"]}}],"collection":[{"href":"https:\/\/ofertacular.com\/index.php\/wp-json\/wp\/v2\/product"}],"about":[{"href":"https:\/\/ofertacular.com\/index.php\/wp-json\/wp\/v2\/types\/product"}],"wp:featuredmedia":[{"embeddable":true,"href":"https:\/\/ofertacular.com\/index.php\/wp-json\/wp\/v2\/media\/5437"}],"wp:attachment":[{"href":"https:\/\/ofertacular.com\/index.php\/wp-json\/wp\/v2\/media?parent=5438"}],"wp:term":[{"taxonomy":"store","embeddable":true,"href":"https:\/\/ofertacular.com\/index.php\/wp-json\/wp\/v2\/store?post=5438"},{"taxonomy":"product_brand","embeddable":true,"href":"https:\/\/ofertacular.com\/index.php\/wp-json\/wp\/v2\/product_brand?post=5438"},{"taxonomy":"product_cat","embeddable":true,"href":"https:\/\/ofertacular.com\/index.php\/wp-json\/wp\/v2\/product_cat?post=5438"},{"taxonomy":"product_tag","embeddable":true,"href":"https:\/\/ofertacular.com\/index.php\/wp-json\/wp\/v2\/product_tag?post=5438"}],"curies":[{"name":"wp","href":"https:\/\/api.w.org\/{rel}","templated":true}]}}