{"id":5457,"date":"2025-05-15T09:22:35","date_gmt":"2025-05-15T07:22:35","guid":{"rendered":"https:\/\/ofertacular.com\/index.php\/producto\/candado-combinacion\/"},"modified":"2025-05-15T09:22:35","modified_gmt":"2025-05-15T07:22:35","slug":"candado-combinacion","status":"publish","type":"product","link":"https:\/\/ofertacular.com\/index.php\/producto\/candado-combinacion\/","title":{"rendered":"Candado Combinaci\u00f3n"},"content":{"rendered":"<div class=\"oferta-container\">\n<p>\ud83d\udfe5 <b>AHORRA AQU\u00cd<\/b> \ud83d\udfe5 #Publicidad #Amazon #16<\/p>\n<p>\ud83d\udd34 <b>Candado Combinaci\u00f3n <\/b><\/p>\n<p>\u2705 <b>AHORA 5.62 \u20ac<\/b> \u2714\ufe0f\ud83d\udfe1<\/p>\n<p>\u274c Antes 5.98 \u20ac<\/p>\n<p>\ud83d\uded2: <a href=\"https:\/\/btz.es\/4Lp25HQ\" target=\"_blank\" rel=\"nofollow noopener\">https:\/\/btz.es\/4Lp25HQ<\/a><\/p>\n<p>&#8211; Candado de combinaci\u00f3n de 4 d\u00edgitos<br \/>\n&#8211; Adecuado para la mayor\u00eda de situaciones<br \/>\n&#8211; Construido principalmente con una aleaci\u00f3n de zinc para una m\u00e1xima durabilidad<br \/>\n&#8211; F\u00e1cil de usar o restablecer<br \/>\n&#8211; Contiene 1 candados con grillete, manual de usuario<\/p>\n<\/p><\/div>\n","protected":false},"excerpt":{"rendered":"<p>\ud83d\udfe5 AHORRA AQU\u00cd \ud83d\udfe5 #Publicidad #Amazon #16 \ud83d\udd34 Candado Combinaci\u00f3n \u2705 AHORA 5.62 \u20ac \u2714\ufe0f\ud83d\udfe1 \u274c Antes 5.98 \u20ac \ud83d\uded2: https:\/\/btz.es\/4Lp25HQ &#8211; Candado de combinaci\u00f3n de 4 d\u00edgitos &#8211; Adecuado para la mayor\u00eda de situaciones &#8211; Construido principalmente con una aleaci\u00f3n de zinc para una m\u00e1xima durabilidad &#8211; F\u00e1cil de usar o restablecer &#8211; Contiene [&hellip;]<\/p>\n","protected":false},"featured_media":5456,"template":"","meta":{"_gspb_post_css":""},"store":[],"product_brand":[],"product_cat":[16],"product_tag":[],"class_list":{"0":"post-5457","1":"product","2":"type-product","3":"status-publish","4":"has-post-thumbnail","6":"product_cat-sin-categorizar","8":"first","9":"instock","10":"sale","11":"shipping-taxable","12":"product-type-external"},"jetpack_sharing_enabled":true,"_links":{"self":[{"href":"https:\/\/ofertacular.com\/index.php\/wp-json\/wp\/v2\/product\/5457","targetHints":{"allow":["GET"]}}],"collection":[{"href":"https:\/\/ofertacular.com\/index.php\/wp-json\/wp\/v2\/product"}],"about":[{"href":"https:\/\/ofertacular.com\/index.php\/wp-json\/wp\/v2\/types\/product"}],"wp:featuredmedia":[{"embeddable":true,"href":"https:\/\/ofertacular.com\/index.php\/wp-json\/wp\/v2\/media\/5456"}],"wp:attachment":[{"href":"https:\/\/ofertacular.com\/index.php\/wp-json\/wp\/v2\/media?parent=5457"}],"wp:term":[{"taxonomy":"store","embeddable":true,"href":"https:\/\/ofertacular.com\/index.php\/wp-json\/wp\/v2\/store?post=5457"},{"taxonomy":"product_brand","embeddable":true,"href":"https:\/\/ofertacular.com\/index.php\/wp-json\/wp\/v2\/product_brand?post=5457"},{"taxonomy":"product_cat","embeddable":true,"href":"https:\/\/ofertacular.com\/index.php\/wp-json\/wp\/v2\/product_cat?post=5457"},{"taxonomy":"product_tag","embeddable":true,"href":"https:\/\/ofertacular.com\/index.php\/wp-json\/wp\/v2\/product_tag?post=5457"}],"curies":[{"name":"wp","href":"https:\/\/api.w.org\/{rel}","templated":true}]}}