{"id":5461,"date":"2025-05-15T09:30:24","date_gmt":"2025-05-15T07:30:24","guid":{"rendered":"https:\/\/ofertacular.com\/index.php\/producto\/vicki-vale\/"},"modified":"2025-05-15T09:30:24","modified_gmt":"2025-05-15T07:30:24","slug":"vicki-vale","status":"publish","type":"product","link":"https:\/\/ofertacular.com\/index.php\/producto\/vicki-vale\/","title":{"rendered":"Vicki Vale"},"content":{"rendered":"<div class=\"oferta-container\">\n\ud83d\udfea <b>FUNKO OFERTA<\/b> \ud83d\udfea #Publicidad #Amazon<\/p>\n<p>\ud83d\udfe3 <b> Funko POP! DC Vicki Vale<\/b> <\/p>\n<p>\u2705 <b>AHORA 10.8 \u20ac<\/b> \u2714\ufe0f\ud83d\udfe1<br \/>\n\u274c Antes 11.40 \u20ac \u20ac <\/p>\n<p>\ud83d\uded2: https:\/\/btz.es\/4Lp43Kx\ud83d\udfe2 <\/p>\n<p>Ofertacular.com<\/p>\n<p>&#8211; TAMA\u00d1O IDEAL PARA COLECCIONAR &#8211; Con una altura aproximada de 9,5 cm, esta mini figurita de vinilo complementa otros art\u00edculos de colecci\u00f3n y encaja perfectamente en tu vitrina o en tu escritorio.<br \/>\n&#8211; MATERIAL DE VINILO DE PRIMERA CALIDAD &#8211; Fabricado en vinilo duradero de alta calidad, este mu\u00f1eco coleccionable est\u00e1 hecho para durar y soportar el desgaste diario, garantizando un disfrute duradero tanto para los fans como para los coleccionistas.<br \/>\n&#8211; REGALO PERFECTO PARA LOS FANS DE BATMAN 1989 &#8211; Ideal para fiestas, cumplea\u00f1os u ocasiones especiales y como regalo esta exclusiva figurita es un complemento imprescindible en cualquier colecci\u00f3n de merchandising de Batman 1989<br \/>\n&#8211; AMPL\u00cdA TU COLECCI\u00d3N &#8211; A\u00f1ade esta pieza de exhibici\u00f3n de vinilo Vicki Vale \u00fanica a tu creciente surtido de mu\u00f1ecos Funko Pop! y busca otros art\u00edculos coleccionables raros y exclusivos para tener un conjunto completo<br \/>\n&#8211; MARCA L\u00cdDER EN CULTURA POP &#8211; Conf\u00eda en la experiencia de Funko, el principal creador de art\u00edculos de cultura pop que incluye figuras de vinilo, juguetes de acci\u00f3n, peluches, ropa, juegos de mesa y mucho m\u00e1s.<\/p>\n<\/div>\n","protected":false},"excerpt":{"rendered":"<p>\ud83d\udfea FUNKO OFERTA \ud83d\udfea #Publicidad #Amazon \ud83d\udfe3 Funko POP! DC Vicki Vale \u2705 AHORA 10.8 \u20ac \u2714\ufe0f\ud83d\udfe1 \u274c Antes 11.40 \u20ac \u20ac \ud83d\uded2: https:\/\/btz.es\/4Lp43Kx\ud83d\udfe2 Ofertacular.com &#8211; TAMA\u00d1O IDEAL PARA COLECCIONAR &#8211; Con una altura aproximada de 9,5 cm, esta mini figurita de vinilo complementa otros art\u00edculos de colecci\u00f3n y encaja perfectamente en tu vitrina o [&hellip;]<\/p>\n","protected":false},"featured_media":5460,"template":"","meta":{"_gspb_post_css":""},"store":[],"product_brand":[],"product_cat":[16],"product_tag":[],"class_list":{"0":"post-5461","1":"product","2":"type-product","3":"status-publish","4":"has-post-thumbnail","6":"product_cat-sin-categorizar","8":"first","9":"instock","10":"sale","11":"shipping-taxable","12":"product-type-external"},"jetpack_sharing_enabled":true,"_links":{"self":[{"href":"https:\/\/ofertacular.com\/index.php\/wp-json\/wp\/v2\/product\/5461","targetHints":{"allow":["GET"]}}],"collection":[{"href":"https:\/\/ofertacular.com\/index.php\/wp-json\/wp\/v2\/product"}],"about":[{"href":"https:\/\/ofertacular.com\/index.php\/wp-json\/wp\/v2\/types\/product"}],"wp:featuredmedia":[{"embeddable":true,"href":"https:\/\/ofertacular.com\/index.php\/wp-json\/wp\/v2\/media\/5460"}],"wp:attachment":[{"href":"https:\/\/ofertacular.com\/index.php\/wp-json\/wp\/v2\/media?parent=5461"}],"wp:term":[{"taxonomy":"store","embeddable":true,"href":"https:\/\/ofertacular.com\/index.php\/wp-json\/wp\/v2\/store?post=5461"},{"taxonomy":"product_brand","embeddable":true,"href":"https:\/\/ofertacular.com\/index.php\/wp-json\/wp\/v2\/product_brand?post=5461"},{"taxonomy":"product_cat","embeddable":true,"href":"https:\/\/ofertacular.com\/index.php\/wp-json\/wp\/v2\/product_cat?post=5461"},{"taxonomy":"product_tag","embeddable":true,"href":"https:\/\/ofertacular.com\/index.php\/wp-json\/wp\/v2\/product_tag?post=5461"}],"curies":[{"name":"wp","href":"https:\/\/api.w.org\/{rel}","templated":true}]}}