{"id":5469,"date":"2025-05-15T09:55:46","date_gmt":"2025-05-15T07:55:46","guid":{"rendered":"https:\/\/ofertacular.com\/index.php\/producto\/dove-mini\/"},"modified":"2025-05-15T09:55:46","modified_gmt":"2025-05-15T07:55:46","slug":"dove-mini","status":"publish","type":"product","link":"https:\/\/ofertacular.com\/index.php\/producto\/dove-mini\/","title":{"rendered":"Dove Mini"},"content":{"rendered":"<div class=\"oferta-container\">\n<p>\ud83d\udfe5 <b>GRAN OFERTA<\/b> \ud83d\udfe5 #Publicidad #Amazon #16<\/p>\n<p>\ud83d\udd34 <b>Mini Jabones <\/b><\/p>\n<p>\u2705 <b>AHORA 5.89 \u20ac<\/b> \u2714\ufe0f\ud83d\udfe1<\/p>\n<p>\u274c Antes 6.95 \u20ac<\/p>\n<p>\ud83d\uded2: <a href=\"https:\/\/btz.es\/4LpARPi\" target=\"_blank\" rel=\"nofollow noopener\">https:\/\/btz.es\/4LpARPi<\/a><\/p>\n<p>&#8211; Gel de ducha Dove Hidrataci\u00f3n Profunda 55 ml<br \/>\n&#8211; Anti-transpirante Roll-on Dove Original 50 ml<br \/>\n&#8211; Champ\u00fa Tresemm\u00e9 Hidrataci\u00f3n Intensa 100 ml<br \/>\n&#8211; Dentr\u00edfico Signal White Now 14 ml<br \/>\n&#8211; Cepillo de dientes Signal<\/p>\n<\/p><\/div>\n","protected":false},"excerpt":{"rendered":"<p>\ud83d\udfe5 GRAN OFERTA \ud83d\udfe5 #Publicidad #Amazon #16 \ud83d\udd34 Mini Jabones \u2705 AHORA 5.89 \u20ac \u2714\ufe0f\ud83d\udfe1 \u274c Antes 6.95 \u20ac \ud83d\uded2: https:\/\/btz.es\/4LpARPi &#8211; Gel de ducha Dove Hidrataci\u00f3n Profunda 55 ml &#8211; Anti-transpirante Roll-on Dove Original 50 ml &#8211; Champ\u00fa Tresemm\u00e9 Hidrataci\u00f3n Intensa 100 ml &#8211; Dentr\u00edfico Signal White Now 14 ml &#8211; Cepillo de dientes [&hellip;]<\/p>\n","protected":false},"featured_media":5468,"template":"","meta":{"_gspb_post_css":""},"store":[],"product_brand":[],"product_cat":[16],"product_tag":[],"class_list":{"0":"post-5469","1":"product","2":"type-product","3":"status-publish","4":"has-post-thumbnail","6":"product_cat-sin-categorizar","8":"first","9":"instock","10":"sale","11":"shipping-taxable","12":"product-type-external"},"jetpack_sharing_enabled":true,"_links":{"self":[{"href":"https:\/\/ofertacular.com\/index.php\/wp-json\/wp\/v2\/product\/5469","targetHints":{"allow":["GET"]}}],"collection":[{"href":"https:\/\/ofertacular.com\/index.php\/wp-json\/wp\/v2\/product"}],"about":[{"href":"https:\/\/ofertacular.com\/index.php\/wp-json\/wp\/v2\/types\/product"}],"wp:featuredmedia":[{"embeddable":true,"href":"https:\/\/ofertacular.com\/index.php\/wp-json\/wp\/v2\/media\/5468"}],"wp:attachment":[{"href":"https:\/\/ofertacular.com\/index.php\/wp-json\/wp\/v2\/media?parent=5469"}],"wp:term":[{"taxonomy":"store","embeddable":true,"href":"https:\/\/ofertacular.com\/index.php\/wp-json\/wp\/v2\/store?post=5469"},{"taxonomy":"product_brand","embeddable":true,"href":"https:\/\/ofertacular.com\/index.php\/wp-json\/wp\/v2\/product_brand?post=5469"},{"taxonomy":"product_cat","embeddable":true,"href":"https:\/\/ofertacular.com\/index.php\/wp-json\/wp\/v2\/product_cat?post=5469"},{"taxonomy":"product_tag","embeddable":true,"href":"https:\/\/ofertacular.com\/index.php\/wp-json\/wp\/v2\/product_tag?post=5469"}],"curies":[{"name":"wp","href":"https:\/\/api.w.org\/{rel}","templated":true}]}}