{"id":5473,"date":"2025-05-15T09:58:24","date_gmt":"2025-05-15T07:58:24","guid":{"rendered":"https:\/\/ofertacular.com\/index.php\/producto\/cecotec-coffee\/"},"modified":"2025-05-15T09:58:24","modified_gmt":"2025-05-15T07:58:24","slug":"cecotec-coffee","status":"publish","type":"product","link":"https:\/\/ofertacular.com\/index.php\/producto\/cecotec-coffee\/","title":{"rendered":"Cecotec Coffee"},"content":{"rendered":"<div class=\"oferta-container\">\n<p>\ud83d\udfe5 <b>\u00a1OFERTA ESPECIAL!<\/b> \ud83d\udfe5 #Publicidad #Amazon #16<\/p>\n<p>\ud83d\udd34 <b>Cafetera Cecotec <\/b><\/p>\n<p>\u2705 <b>AHORA 29.9 \u20ac<\/b> \u2714\ufe0f\ud83d\udfe1<\/p>\n<p>\u274c Antes 46.78 \u20ac<\/p>\n<p>\ud83d\uded2: <a href=\"https:\/\/btz.es\/4LpB69K\" target=\"_blank\" rel=\"nofollow noopener\">https:\/\/btz.es\/4LpB69K<\/a><\/p>\n<p>&#8211; Cafetera de goteo programable 24 h de 950W que prepara el caf\u00e9 autom\u00e1ticamente a la hora deseada con tecnolog\u00eda ExtremeAroma y acabados en acero inoxidable y pantalla LCD retroiluminada.<br \/>\n&#8211; Jarra de vidrio termoresistente con boquilla antigoteo para verter el caf\u00e9 a la taza de una manera c\u00f3moda y limpia con capacidad de 1,5 litros para preparar hasta 12 tazas de caf\u00e9.<br \/>\n&#8211; Funci\u00f3n recalentar para tomar el caf\u00e9 caliente en cualquier momento y funci\u00f3n mantener caliente que mantendr\u00e1 el caf\u00e9 a la temperatura adecuada una vez finalizada la preparaci\u00f3n.<br \/>\n&#8211; Funci\u00f3n AutoClean que ayuda a limpiar la m\u00e1quina y mejora los procesos de descalcificaci\u00f3n y funci\u00f3n de autoapagado que desconecta la cafetera cuando ha terminado de preparar el caf\u00e9.<br \/>\n&#8211; Filtro permanente para el caf\u00e9 molido que se puede quitar y limpiar. Tambi\u00e9n permite usar filtros de papel Y dep\u00f3sito con ventana que permite controlar el nivel del agua en todo momento, adem\u00e1s incluye cucharilla dosificadora para ayudarte a preparar y calcular la cantidad de caf\u00e9.<\/p>\n<\/p><\/div>\n","protected":false},"excerpt":{"rendered":"<p>\ud83d\udfe5 \u00a1OFERTA ESPECIAL! \ud83d\udfe5 #Publicidad #Amazon #16 \ud83d\udd34 Cafetera Cecotec \u2705 AHORA 29.9 \u20ac \u2714\ufe0f\ud83d\udfe1 \u274c Antes 46.78 \u20ac \ud83d\uded2: https:\/\/btz.es\/4LpB69K &#8211; Cafetera de goteo programable 24 h de 950W que prepara el caf\u00e9 autom\u00e1ticamente a la hora deseada con tecnolog\u00eda ExtremeAroma y acabados en acero inoxidable y pantalla LCD retroiluminada. &#8211; Jarra de vidrio [&hellip;]<\/p>\n","protected":false},"featured_media":5472,"template":"","meta":{"_gspb_post_css":""},"store":[],"product_brand":[],"product_cat":[16],"product_tag":[],"class_list":{"0":"post-5473","1":"product","2":"type-product","3":"status-publish","4":"has-post-thumbnail","6":"product_cat-sin-categorizar","8":"first","9":"instock","10":"sale","11":"shipping-taxable","12":"product-type-external"},"jetpack_sharing_enabled":true,"_links":{"self":[{"href":"https:\/\/ofertacular.com\/index.php\/wp-json\/wp\/v2\/product\/5473","targetHints":{"allow":["GET"]}}],"collection":[{"href":"https:\/\/ofertacular.com\/index.php\/wp-json\/wp\/v2\/product"}],"about":[{"href":"https:\/\/ofertacular.com\/index.php\/wp-json\/wp\/v2\/types\/product"}],"wp:featuredmedia":[{"embeddable":true,"href":"https:\/\/ofertacular.com\/index.php\/wp-json\/wp\/v2\/media\/5472"}],"wp:attachment":[{"href":"https:\/\/ofertacular.com\/index.php\/wp-json\/wp\/v2\/media?parent=5473"}],"wp:term":[{"taxonomy":"store","embeddable":true,"href":"https:\/\/ofertacular.com\/index.php\/wp-json\/wp\/v2\/store?post=5473"},{"taxonomy":"product_brand","embeddable":true,"href":"https:\/\/ofertacular.com\/index.php\/wp-json\/wp\/v2\/product_brand?post=5473"},{"taxonomy":"product_cat","embeddable":true,"href":"https:\/\/ofertacular.com\/index.php\/wp-json\/wp\/v2\/product_cat?post=5473"},{"taxonomy":"product_tag","embeddable":true,"href":"https:\/\/ofertacular.com\/index.php\/wp-json\/wp\/v2\/product_tag?post=5473"}],"curies":[{"name":"wp","href":"https:\/\/api.w.org\/{rel}","templated":true}]}}