{"id":5475,"date":"2025-05-15T09:58:59","date_gmt":"2025-05-15T07:58:59","guid":{"rendered":"https:\/\/ofertacular.com\/index.php\/producto\/xiaomi-tv\/"},"modified":"2025-05-15T09:58:59","modified_gmt":"2025-05-15T07:58:59","slug":"xiaomi-tv","status":"publish","type":"product","link":"https:\/\/ofertacular.com\/index.php\/producto\/xiaomi-tv\/","title":{"rendered":"Xiaomi TV"},"content":{"rendered":"<div class=\"oferta-container\">\n<p>\ud83d\udfe5 <b>DATE PRISA<\/b> \ud83d\udfe5 #Publicidad #Amazon #16<\/p>\n<p>\ud83d\udd34 <b>Smart TV <\/b><\/p>\n<p>\u2705 <b>AHORA 299 \u20ac<\/b> \u2714\ufe0f\ud83d\udfe1<\/p>\n<p>\u274c Antes 359.00 \u20ac<\/p>\n<p>\ud83d\uded2: <a href=\"https:\/\/btz.es\/4LpBFNz\" target=\"_blank\" rel=\"nofollow noopener\">https:\/\/btz.es\/4LpBFNz<\/a><\/p>\n<p>&#8211; Dise\u00f1o elegante con marco ultrafino y cuerpo met\u00e1lico: un look moderno que se adapta a cualquier espacio y ampl\u00eda visualmente la imagen para una experiencia de visualizaci\u00f3n envolvente.<br \/>\n&#8211; Tecnolog\u00eda MEMC: im\u00e1genes m\u00e1s fluidas y n\u00edtidas incluso en escenas r\u00e1pidas, para una experiencia de visualizaci\u00f3n m\u00e1s envolvente y realista.<br \/>\n&#8211; Admite Dolby Audio, DTS:X y DTS Virtual:X\u202f\u2013 un sonido extraordinario y un audio envolvente e inmersivo transforman el Xiaomi TV en tu cine en casa personal.<\/p>\n<\/p><\/div>\n","protected":false},"excerpt":{"rendered":"<p>\ud83d\udfe5 DATE PRISA \ud83d\udfe5 #Publicidad #Amazon #16 \ud83d\udd34 Smart TV \u2705 AHORA 299 \u20ac \u2714\ufe0f\ud83d\udfe1 \u274c Antes 359.00 \u20ac \ud83d\uded2: https:\/\/btz.es\/4LpBFNz &#8211; Dise\u00f1o elegante con marco ultrafino y cuerpo met\u00e1lico: un look moderno que se adapta a cualquier espacio y ampl\u00eda visualmente la imagen para una experiencia de visualizaci\u00f3n envolvente. &#8211; Tecnolog\u00eda MEMC: im\u00e1genes m\u00e1s [&hellip;]<\/p>\n","protected":false},"featured_media":5474,"template":"","meta":{"_gspb_post_css":""},"store":[],"product_brand":[],"product_cat":[16],"product_tag":[],"class_list":{"0":"post-5475","1":"product","2":"type-product","3":"status-publish","4":"has-post-thumbnail","6":"product_cat-sin-categorizar","8":"first","9":"instock","10":"sale","11":"shipping-taxable","12":"product-type-external"},"jetpack_sharing_enabled":true,"_links":{"self":[{"href":"https:\/\/ofertacular.com\/index.php\/wp-json\/wp\/v2\/product\/5475","targetHints":{"allow":["GET"]}}],"collection":[{"href":"https:\/\/ofertacular.com\/index.php\/wp-json\/wp\/v2\/product"}],"about":[{"href":"https:\/\/ofertacular.com\/index.php\/wp-json\/wp\/v2\/types\/product"}],"wp:featuredmedia":[{"embeddable":true,"href":"https:\/\/ofertacular.com\/index.php\/wp-json\/wp\/v2\/media\/5474"}],"wp:attachment":[{"href":"https:\/\/ofertacular.com\/index.php\/wp-json\/wp\/v2\/media?parent=5475"}],"wp:term":[{"taxonomy":"store","embeddable":true,"href":"https:\/\/ofertacular.com\/index.php\/wp-json\/wp\/v2\/store?post=5475"},{"taxonomy":"product_brand","embeddable":true,"href":"https:\/\/ofertacular.com\/index.php\/wp-json\/wp\/v2\/product_brand?post=5475"},{"taxonomy":"product_cat","embeddable":true,"href":"https:\/\/ofertacular.com\/index.php\/wp-json\/wp\/v2\/product_cat?post=5475"},{"taxonomy":"product_tag","embeddable":true,"href":"https:\/\/ofertacular.com\/index.php\/wp-json\/wp\/v2\/product_tag?post=5475"}],"curies":[{"name":"wp","href":"https:\/\/api.w.org\/{rel}","templated":true}]}}