{"id":5489,"date":"2025-05-15T10:44:13","date_gmt":"2025-05-15T08:44:13","guid":{"rendered":"https:\/\/ofertacular.com\/index.php\/producto\/conga-robot\/"},"modified":"2025-05-15T10:44:13","modified_gmt":"2025-05-15T08:44:13","slug":"conga-robot","status":"publish","type":"product","link":"https:\/\/ofertacular.com\/index.php\/producto\/conga-robot\/","title":{"rendered":"Conga Robot"},"content":{"rendered":"<div class=\"oferta-container\">\n<p>\ud83d\udfe5 <b>INCRE\u00cdBLE<\/b> \ud83d\udfe5 #Publicidad #Amazon #16<\/p>\n<p>\ud83d\udd34 <b>Robot Aspirador <\/b><\/p>\n<p>\u2705 <b>AHORA 129.9 \u20ac<\/b> \u2714\ufe0f\ud83d\udfe1<\/p>\n<p>\u274c Antes 189.00 \u20ac<\/p>\n<p>\ud83d\uded2: <a href=\"https:\/\/btz.es\/4LpNenm\" target=\"_blank\" rel=\"nofollow noopener\">https:\/\/btz.es\/4LpNenm<\/a><\/p>\n<p>&#8211; Navegaci\u00f3n l\u00e1ser: crea un mapa interactivo de tu casa para una limpieza precisa y personalizada de todos los espacios de tu hogar, sin importar la cantidad de luz ambiental. Room Plan: permite definir, planificar y programar la limpieza de tu vivienda completa o por habitaciones gracias al mapa generado en la APP. Elige el orden de limpieza, guarda mapa de distintos pisos, elige \u00e1reas restringidas.<br \/>\n&#8211; Aspira hasta 220 m\u00b2 durante 220 minutos sin parones. Su bater\u00eda de 3200 mAh con hasta 220 minutos de autonom\u00eda en aspiraci\u00f3n ininterrumpida hace que sea ideal para cubrir hasta 220 m\u00b2* de superficie. *Seg\u00fan las pruebas realizadas en el laboratorio. El rendimiento real var\u00eda seg\u00fan la distribuci\u00f3n del hogar.<br \/>\n&#8211; Aspira, barre, friega y pasa la mopa, con la opci\u00f3n de realizar estas tareas de forma individual o simult\u00e1nea. Incorpora un cepillo central de silicona que ofrece una limpieza completa en m\u00faltiples superficies, ideal para recoger el pelo de mascotas.<br \/>\n&#8211; Zonas restringidas: define f\u00e1cilmente a trav\u00e9s de la APP las \u00e1reas de tu hogar que deseas quitar de la limpieza y despreoc\u00fapate. Total Surface: si el robot se queda sin bater\u00eda, regresa autom\u00e1ticamente a su base de carga y reanuda la limpieza donde la dej\u00f3, completando la tarea programada una vez se haya recargado.<br \/>\n&#8211; Control por APP: gestiona tu Conga desde el movil y ajusta los programas, la potencia, el nivel de fregado y consulta el historial, entre otras funciones.<br \/>\n&#8211; Autonom\u00eda en Eco \/ Medio \/ Turbo: 220 \/ 145 \/ 105 *Seg\u00fan las pruebas realizadas en el laboratorio. El rendimiento real var\u00eda seg\u00fan la distribuci\u00f3n del hogar.<\/p>\n<\/p><\/div>\n","protected":false},"excerpt":{"rendered":"<p>\ud83d\udfe5 INCRE\u00cdBLE \ud83d\udfe5 #Publicidad #Amazon #16 \ud83d\udd34 Robot Aspirador \u2705 AHORA 129.9 \u20ac \u2714\ufe0f\ud83d\udfe1 \u274c Antes 189.00 \u20ac \ud83d\uded2: https:\/\/btz.es\/4LpNenm &#8211; Navegaci\u00f3n l\u00e1ser: crea un mapa interactivo de tu casa para una limpieza precisa y personalizada de todos los espacios de tu hogar, sin importar la cantidad de luz ambiental. Room Plan: permite definir, planificar [&hellip;]<\/p>\n","protected":false},"featured_media":5488,"template":"","meta":{"_gspb_post_css":""},"store":[],"product_brand":[],"product_cat":[16],"product_tag":[],"class_list":{"0":"post-5489","1":"product","2":"type-product","3":"status-publish","4":"has-post-thumbnail","6":"product_cat-sin-categorizar","8":"first","9":"instock","10":"sale","11":"shipping-taxable","12":"product-type-external"},"jetpack_sharing_enabled":true,"_links":{"self":[{"href":"https:\/\/ofertacular.com\/index.php\/wp-json\/wp\/v2\/product\/5489","targetHints":{"allow":["GET"]}}],"collection":[{"href":"https:\/\/ofertacular.com\/index.php\/wp-json\/wp\/v2\/product"}],"about":[{"href":"https:\/\/ofertacular.com\/index.php\/wp-json\/wp\/v2\/types\/product"}],"wp:featuredmedia":[{"embeddable":true,"href":"https:\/\/ofertacular.com\/index.php\/wp-json\/wp\/v2\/media\/5488"}],"wp:attachment":[{"href":"https:\/\/ofertacular.com\/index.php\/wp-json\/wp\/v2\/media?parent=5489"}],"wp:term":[{"taxonomy":"store","embeddable":true,"href":"https:\/\/ofertacular.com\/index.php\/wp-json\/wp\/v2\/store?post=5489"},{"taxonomy":"product_brand","embeddable":true,"href":"https:\/\/ofertacular.com\/index.php\/wp-json\/wp\/v2\/product_brand?post=5489"},{"taxonomy":"product_cat","embeddable":true,"href":"https:\/\/ofertacular.com\/index.php\/wp-json\/wp\/v2\/product_cat?post=5489"},{"taxonomy":"product_tag","embeddable":true,"href":"https:\/\/ofertacular.com\/index.php\/wp-json\/wp\/v2\/product_tag?post=5489"}],"curies":[{"name":"wp","href":"https:\/\/api.w.org\/{rel}","templated":true}]}}