{"id":5506,"date":"2025-05-16T08:32:25","date_gmt":"2025-05-16T06:32:25","guid":{"rendered":"https:\/\/ofertacular.com\/index.php\/producto\/led-plafon\/"},"modified":"2025-05-16T08:32:25","modified_gmt":"2025-05-16T06:32:25","slug":"led-plafon","status":"publish","type":"product","link":"https:\/\/ofertacular.com\/index.php\/producto\/led-plafon\/","title":{"rendered":"LED Plafon"},"content":{"rendered":"<div class=\"oferta-container\">\n<p>\ud83d\udfe5 <b>GRAN OFERTA<\/b> \ud83d\udfe5 #Publicidad #Amazon #16<\/p>\n<p>\ud83d\udd34 <b>Plafon LED <\/b><\/p>\n<p>\u2705 <b>AHORA 7.99 \u20ac<\/b> \u2714\ufe0f\ud83d\udfe1<\/p>\n<p>\u274c Antes 9.95 \u20ac<\/p>\n<p>\ud83d\uded2: <a href=\"https:\/\/btz.es\/4LvgzuP\" target=\"_blank\" rel=\"nofollow noopener\">https:\/\/btz.es\/4LvgzuP<\/a><\/p>\n<p>&#8211; \u2705 Dise\u00f1o Moderno Con un dise\u00f1o simple, el plafon de techo LED Sense es adecuado para una variedad de estilos y lugares del hogar: cocina, balc\u00f3n, dormitorio, sala de estar, etc.<br \/>\n&#8211; \u2705 Resistente al Polvo y el Agua El grado de impermeabilidad IP44, es apto contra humedades o salpicaduras de agua, tambi\u00e9n es resistente al polvo, apto para montajes en ba\u00f1os, cocinas, habitaciones&#8230;<br \/>\n&#8211; \u2705 Compra sin preocupaciones Ledme dispone de todos los certificados CE y ROHS, el proyector dispone de una vida \u00fatil de 50.000 horas, todos esto controlado bajo nuestro laboratorio de desarrollo I+D. Si tiene alguna consulta no dude en contactar con el servicio de atenci\u00f3n al cliente de Ledme<br \/>\n&#8211; Eficiencia energ\u00e9tica: F<br \/>\n&#8211; Forma: redonda<br \/>\n&#8211; Producto de alta calidad<\/p>\n<\/p><\/div>\n","protected":false},"excerpt":{"rendered":"<p>\ud83d\udfe5 GRAN OFERTA \ud83d\udfe5 #Publicidad #Amazon #16 \ud83d\udd34 Plafon LED \u2705 AHORA 7.99 \u20ac \u2714\ufe0f\ud83d\udfe1 \u274c Antes 9.95 \u20ac \ud83d\uded2: https:\/\/btz.es\/4LvgzuP &#8211; \u2705 Dise\u00f1o Moderno Con un dise\u00f1o simple, el plafon de techo LED Sense es adecuado para una variedad de estilos y lugares del hogar: cocina, balc\u00f3n, dormitorio, sala de estar, etc. &#8211; \u2705 [&hellip;]<\/p>\n","protected":false},"featured_media":5505,"template":"","meta":{"_gspb_post_css":""},"store":[],"product_brand":[],"product_cat":[16],"product_tag":[],"class_list":{"0":"post-5506","1":"product","2":"type-product","3":"status-publish","4":"has-post-thumbnail","6":"product_cat-sin-categorizar","8":"first","9":"instock","10":"sale","11":"shipping-taxable","12":"product-type-external"},"jetpack_sharing_enabled":true,"_links":{"self":[{"href":"https:\/\/ofertacular.com\/index.php\/wp-json\/wp\/v2\/product\/5506","targetHints":{"allow":["GET"]}}],"collection":[{"href":"https:\/\/ofertacular.com\/index.php\/wp-json\/wp\/v2\/product"}],"about":[{"href":"https:\/\/ofertacular.com\/index.php\/wp-json\/wp\/v2\/types\/product"}],"wp:featuredmedia":[{"embeddable":true,"href":"https:\/\/ofertacular.com\/index.php\/wp-json\/wp\/v2\/media\/5505"}],"wp:attachment":[{"href":"https:\/\/ofertacular.com\/index.php\/wp-json\/wp\/v2\/media?parent=5506"}],"wp:term":[{"taxonomy":"store","embeddable":true,"href":"https:\/\/ofertacular.com\/index.php\/wp-json\/wp\/v2\/store?post=5506"},{"taxonomy":"product_brand","embeddable":true,"href":"https:\/\/ofertacular.com\/index.php\/wp-json\/wp\/v2\/product_brand?post=5506"},{"taxonomy":"product_cat","embeddable":true,"href":"https:\/\/ofertacular.com\/index.php\/wp-json\/wp\/v2\/product_cat?post=5506"},{"taxonomy":"product_tag","embeddable":true,"href":"https:\/\/ofertacular.com\/index.php\/wp-json\/wp\/v2\/product_tag?post=5506"}],"curies":[{"name":"wp","href":"https:\/\/api.w.org\/{rel}","templated":true}]}}