{"id":5510,"date":"2025-05-16T09:45:36","date_gmt":"2025-05-16T07:45:36","guid":{"rendered":"https:\/\/ofertacular.com\/index.php\/producto\/mini-termometro\/"},"modified":"2025-05-16T09:45:36","modified_gmt":"2025-05-16T07:45:36","slug":"mini-termometro","status":"publish","type":"product","link":"https:\/\/ofertacular.com\/index.php\/producto\/mini-termometro\/","title":{"rendered":"Mini Term\u00f3metro"},"content":{"rendered":"<div class=\"oferta-container\">\n<p>\ud83d\udfe5 <b>\u00a1GANGAZO!<\/b> \ud83d\udfe5 #Publicidad #Amazon #16<\/p>\n<p>\ud83d\udd34 <b>Mini Term\u00f3metro <\/b><\/p>\n<p>\u2705 <b>AHORA 5.06 \u20ac<\/b> \u2714\ufe0f\ud83d\udfe1<\/p>\n<p>\u274c Antes 5.33 \u20ac<\/p>\n<p>\ud83d\uded2: <a href=\"https:\/\/btz.es\/4LvyOsA\" target=\"_blank\" rel=\"nofollow noopener\">https:\/\/btz.es\/4LvyOsA<\/a><\/p>\n<p>&#8211; MEDICIONES PRECISAS: Los termometro de temperatura ambiente proporcionan las lecturas de temperatura y humedad m\u00e1s actualizadas y precisas para su hogar u oficina. Con un rango de temperatura de -20\u00b0C a 60\u00b0C -4\u00b0F a 140\u00b0F y un rango de humedad de 10% a 99% HR, y una precisi\u00f3n de \u00b11\u00b0C \u00b11,8\u00b0F y \u00b15% HR, le ofrece toda la informaci\u00f3n que necesita para garantizar un entorno confortable.<br \/>\n&#8211; PORT\u00c1TIL: Este term\u00f3metro de humedad mide 4,5&#215;4,5&#215;1,3 cm y funciona con una pila CR2032 incluida con una duraci\u00f3n de hasta 12 meses. Su dise\u00f1o compacto y ligero le permite llevar el term\u00f3metro a cualquier parte. Tanto si est\u00e1 de viaje, de acampada o pasando de una habitaci\u00f3n a otra de su casa, mostrar\u00e1 la temperatura y la humedad de forma clara y precisa.<br \/>\n&#8211; USO EN M\u00daLTIPLES SITUACIONES: El monitor de temperatura y humedad viene con Una cinta adhesiva de doble cara que se pega f\u00e1cilmente a cualquier superficie, y un fuerte im\u00e1n en la parte posterior del term\u00f3metro para que pueda mostrarlo donde quiera. Tanto si quiere pegarlo en la nevera, ponerlo en la encimera o fijarlo en la pared, mostrar\u00e1 la temperatura de forma clara y precisa.<br \/>\n&#8211; F\u00c1CIL DE MANEJAR: El higr\u00f3metro funciona con s\u00f3lo pulsar un bot\u00f3n. Puede cambiar f\u00e1cilmente entre las unidades Celsius y Fahrenheit y encenderlo o apagarlo seg\u00fan sea necesario. Por lo tanto, es perfecto para las personas que desean controlar f\u00e1cilmente su ambiente interior.Recibir\u00e1 2 termohigr\u00f3metros, 2 geles acr\u00edlicos redondos.<br \/>\n&#8211; USO VERS\u00c1TIL: Este termohigr\u00f3metro se puede utilizar en una gran variedad de entornos, como la supervisi\u00f3n de humidores de puros, almacenes, tanques de reptiles y mucho m\u00e1s. Mediante el seguimiento de los valores de temperatura y humedad, puede asegurarse de que su entorno sea siempre c\u00f3modo y seguro.<\/p>\n<\/p><\/div>\n","protected":false},"excerpt":{"rendered":"<p>\ud83d\udfe5 \u00a1GANGAZO! \ud83d\udfe5 #Publicidad #Amazon #16 \ud83d\udd34 Mini Term\u00f3metro \u2705 AHORA 5.06 \u20ac \u2714\ufe0f\ud83d\udfe1 \u274c Antes 5.33 \u20ac \ud83d\uded2: https:\/\/btz.es\/4LvyOsA &#8211; MEDICIONES PRECISAS: Los termometro de temperatura ambiente proporcionan las lecturas de temperatura y humedad m\u00e1s actualizadas y precisas para su hogar u oficina. Con un rango de temperatura de -20\u00b0C a 60\u00b0C -4\u00b0F a [&hellip;]<\/p>\n","protected":false},"featured_media":5509,"template":"","meta":{"_gspb_post_css":""},"store":[],"product_brand":[],"product_cat":[16],"product_tag":[],"class_list":{"0":"post-5510","1":"product","2":"type-product","3":"status-publish","4":"has-post-thumbnail","6":"product_cat-sin-categorizar","8":"first","9":"instock","10":"sale","11":"shipping-taxable","12":"product-type-external"},"jetpack_sharing_enabled":true,"_links":{"self":[{"href":"https:\/\/ofertacular.com\/index.php\/wp-json\/wp\/v2\/product\/5510","targetHints":{"allow":["GET"]}}],"collection":[{"href":"https:\/\/ofertacular.com\/index.php\/wp-json\/wp\/v2\/product"}],"about":[{"href":"https:\/\/ofertacular.com\/index.php\/wp-json\/wp\/v2\/types\/product"}],"wp:featuredmedia":[{"embeddable":true,"href":"https:\/\/ofertacular.com\/index.php\/wp-json\/wp\/v2\/media\/5509"}],"wp:attachment":[{"href":"https:\/\/ofertacular.com\/index.php\/wp-json\/wp\/v2\/media?parent=5510"}],"wp:term":[{"taxonomy":"store","embeddable":true,"href":"https:\/\/ofertacular.com\/index.php\/wp-json\/wp\/v2\/store?post=5510"},{"taxonomy":"product_brand","embeddable":true,"href":"https:\/\/ofertacular.com\/index.php\/wp-json\/wp\/v2\/product_brand?post=5510"},{"taxonomy":"product_cat","embeddable":true,"href":"https:\/\/ofertacular.com\/index.php\/wp-json\/wp\/v2\/product_cat?post=5510"},{"taxonomy":"product_tag","embeddable":true,"href":"https:\/\/ofertacular.com\/index.php\/wp-json\/wp\/v2\/product_tag?post=5510"}],"curies":[{"name":"wp","href":"https:\/\/api.w.org\/{rel}","templated":true}]}}