{"id":5530,"date":"2025-05-16T10:55:34","date_gmt":"2025-05-16T08:55:34","guid":{"rendered":"https:\/\/ofertacular.com\/index.php\/producto\/kounga-fitpro\/"},"modified":"2025-05-16T10:55:34","modified_gmt":"2025-05-16T08:55:34","slug":"kounga-fitpro","status":"publish","type":"product","link":"https:\/\/ofertacular.com\/index.php\/producto\/kounga-fitpro\/","title":{"rendered":"Kounga FitPro"},"content":{"rendered":"<div class=\"oferta-container\">\n<p>\ud83d\udfe5 <b>EXCLUSIVO<\/b> \ud83d\udfe5 #Publicidad #Amazon #16<\/p>\n<p>\ud83d\udd34 <b>Reloj inteligente FitPro <\/b><\/p>\n<p>\u2705 <b>AHORA 4.78 \u20ac<\/b> \u2714\ufe0f\ud83d\udfe1<\/p>\n<p>\u274c Antes <\/p>\n<p>\ud83d\uded2: <a href=\"https:\/\/btz.es\/4LvG1Ok\" target=\"_blank\" rel=\"nofollow noopener\">https:\/\/btz.es\/4LvG1Ok<\/a><\/p>\n<p>&#8211; Frecuencia card\u00edaca, presi\u00f3n arterial, pasos y m\u00e1s \u2013 la tecnolog\u00eda y los sensores m\u00e1s avanzados para llevar la cuenta de tus actividades diarias; con tu compa\u00f1ero de entrenamiento podr\u00e1s controlar tu presi\u00f3n arterial, frecuencia card\u00edaca, distancia recorrida, pasos, calor\u00edas quemadas y mucho m\u00e1s<br \/>\n&#8211; Llamadas y mensajes en tu mu\u00f1eca \u2013 deja que el fit pro tonic te ayude a estar m\u00e1s organizado y as\u00ed aliviar estr\u00e9s; recibe notificaciones en tu fit pro tonic de llamadas, calendario, SMS y muchas otras aplicaciones como Facebook, WhatsApp, LinkedIn y twitter para que no te pierdas nada<br \/>\n&#8211; Recordatorios de sedentarismo, sue\u00f1o e hidrataci\u00f3n \u2013 recibe recordatorios para evitar estar sin moverse, beber agua y hasta puedes monitorear tus horas de sue\u00f1o para estar fresco por las ma\u00f1anas y lograr un estilo de vida m\u00e1s sano<br \/>\n&#8211; Pantalla de alta definici\u00f3n y bater\u00eda de larga duraci\u00f3n \u2013 con la alta definici\u00f3n para ver la pantalla con la mayor nitidez posible, una bater\u00eda de larga duraci\u00f3n y una correa s\u00faper c\u00f3moda, ver\u00e1s que el fit pro tonic es el mejor compa\u00f1ero de entrenamiento; tiene certificado ce y rohs<br \/>\n&#8211; Como Cargar el FitPro Tonic? Para cargar la bater\u00eda, suelte el reloj de la banda empujando la parte superior del reloj fuera de la banda. A continuaci\u00f3n, conecte la parte USB del reloj directamente en un cargador USB<br \/>\n&#8211; Si el producto no funciona, presione el bot\u00f3n fitpro tonic durante unos segundos para encenderlo y encender el bluetooth del tel\u00e9fono.<\/p>\n<\/p><\/div>\n","protected":false},"excerpt":{"rendered":"<p>\ud83d\udfe5 EXCLUSIVO \ud83d\udfe5 #Publicidad #Amazon #16 \ud83d\udd34 Reloj inteligente FitPro \u2705 AHORA 4.78 \u20ac \u2714\ufe0f\ud83d\udfe1 \u274c Antes \ud83d\uded2: https:\/\/btz.es\/4LvG1Ok &#8211; Frecuencia card\u00edaca, presi\u00f3n arterial, pasos y m\u00e1s \u2013 la tecnolog\u00eda y los sensores m\u00e1s avanzados para llevar la cuenta de tus actividades diarias; con tu compa\u00f1ero de entrenamiento podr\u00e1s controlar tu presi\u00f3n arterial, frecuencia card\u00edaca, [&hellip;]<\/p>\n","protected":false},"featured_media":5529,"template":"","meta":{"_gspb_post_css":""},"store":[],"product_brand":[],"product_cat":[16],"product_tag":[],"class_list":{"0":"post-5530","1":"product","2":"type-product","3":"status-publish","4":"has-post-thumbnail","6":"product_cat-sin-categorizar","8":"first","9":"instock","10":"shipping-taxable","11":"product-type-external"},"jetpack_sharing_enabled":true,"_links":{"self":[{"href":"https:\/\/ofertacular.com\/index.php\/wp-json\/wp\/v2\/product\/5530","targetHints":{"allow":["GET"]}}],"collection":[{"href":"https:\/\/ofertacular.com\/index.php\/wp-json\/wp\/v2\/product"}],"about":[{"href":"https:\/\/ofertacular.com\/index.php\/wp-json\/wp\/v2\/types\/product"}],"wp:featuredmedia":[{"embeddable":true,"href":"https:\/\/ofertacular.com\/index.php\/wp-json\/wp\/v2\/media\/5529"}],"wp:attachment":[{"href":"https:\/\/ofertacular.com\/index.php\/wp-json\/wp\/v2\/media?parent=5530"}],"wp:term":[{"taxonomy":"store","embeddable":true,"href":"https:\/\/ofertacular.com\/index.php\/wp-json\/wp\/v2\/store?post=5530"},{"taxonomy":"product_brand","embeddable":true,"href":"https:\/\/ofertacular.com\/index.php\/wp-json\/wp\/v2\/product_brand?post=5530"},{"taxonomy":"product_cat","embeddable":true,"href":"https:\/\/ofertacular.com\/index.php\/wp-json\/wp\/v2\/product_cat?post=5530"},{"taxonomy":"product_tag","embeddable":true,"href":"https:\/\/ofertacular.com\/index.php\/wp-json\/wp\/v2\/product_tag?post=5530"}],"curies":[{"name":"wp","href":"https:\/\/api.w.org\/{rel}","templated":true}]}}