{"id":5532,"date":"2025-05-16T11:19:54","date_gmt":"2025-05-16T09:19:54","guid":{"rendered":"https:\/\/ofertacular.com\/index.php\/producto\/la-salve\/"},"modified":"2025-05-16T11:19:54","modified_gmt":"2025-05-16T09:19:54","slug":"la-salve","status":"publish","type":"product","link":"https:\/\/ofertacular.com\/index.php\/producto\/la-salve\/","title":{"rendered":"La Salve"},"content":{"rendered":"<div class=\"oferta-container\">\n<p>\ud83d\udfe5 <b>REBAJA<\/b> \ud83d\udfe5 #Publicidad #Amazon #16<\/p>\n<p>\ud83d\udd34 <b>Cerveza La Salve <\/b><\/p>\n<p>\u2705 <b>AHORA 12.06 \u20ac<\/b> \u2714\ufe0f\ud83d\udfe1<\/p>\n<p>\u274c Antes 16.08 \u20ac<\/p>\n<p>\ud83d\uded2: <a href=\"https:\/\/btz.es\/4LvM9LX\" target=\"_blank\" rel=\"nofollow noopener\">https:\/\/btz.es\/4LvM9LX<\/a><\/p>\n<p>&#8211; Pack de 24 Botellas de 25 centilitros cada uno de cerveza La Salve Original, con 5.9% de alcohol; Para un mayor disfrute, se recomienda consumir entre 3\u00ba y 6\u00ba C<br \/>\n&#8211; Aspecto: Cerveza rubia tipo Lager de color dorado intenso, brillante de aspecto y espuma blanquecina y cremosa<br \/>\n&#8211; Aroma: Su car\u00e1cter lager se nota en el reparto de aromas ligeros y equilibrados; Las notas de manzana y pl\u00e1tano fresco resaltan levemente sobre el aroma herb\u00e1ceo del l\u00fapulo y el recuerdo a levadura<br \/>\n&#8211; Sabor: En boca es equilibrada con un cuerpo moderado y un final seco<br \/>\n&#8211; Elaborada con ingredientes de la mayor calidad, a partir de una selecci\u00f3n de maltas pilsen de bajo tueste, l\u00fapulos amargos, levadura lager y agua; Es una cerveza genuina, hecha con pasi\u00f3n; Para compartir momentos y acompa\u00f1ar cualquier tipo de comida<\/p>\n<\/p><\/div>\n","protected":false},"excerpt":{"rendered":"<p>\ud83d\udfe5 REBAJA \ud83d\udfe5 #Publicidad #Amazon #16 \ud83d\udd34 Cerveza La Salve \u2705 AHORA 12.06 \u20ac \u2714\ufe0f\ud83d\udfe1 \u274c Antes 16.08 \u20ac \ud83d\uded2: https:\/\/btz.es\/4LvM9LX &#8211; Pack de 24 Botellas de 25 centilitros cada uno de cerveza La Salve Original, con 5.9% de alcohol; Para un mayor disfrute, se recomienda consumir entre 3\u00ba y 6\u00ba C &#8211; Aspecto: Cerveza [&hellip;]<\/p>\n","protected":false},"featured_media":5531,"template":"","meta":{"_gspb_post_css":""},"store":[],"product_brand":[],"product_cat":[16],"product_tag":[],"class_list":{"0":"post-5532","1":"product","2":"type-product","3":"status-publish","4":"has-post-thumbnail","6":"product_cat-sin-categorizar","8":"first","9":"instock","10":"sale","11":"shipping-taxable","12":"product-type-external"},"jetpack_sharing_enabled":true,"_links":{"self":[{"href":"https:\/\/ofertacular.com\/index.php\/wp-json\/wp\/v2\/product\/5532","targetHints":{"allow":["GET"]}}],"collection":[{"href":"https:\/\/ofertacular.com\/index.php\/wp-json\/wp\/v2\/product"}],"about":[{"href":"https:\/\/ofertacular.com\/index.php\/wp-json\/wp\/v2\/types\/product"}],"wp:featuredmedia":[{"embeddable":true,"href":"https:\/\/ofertacular.com\/index.php\/wp-json\/wp\/v2\/media\/5531"}],"wp:attachment":[{"href":"https:\/\/ofertacular.com\/index.php\/wp-json\/wp\/v2\/media?parent=5532"}],"wp:term":[{"taxonomy":"store","embeddable":true,"href":"https:\/\/ofertacular.com\/index.php\/wp-json\/wp\/v2\/store?post=5532"},{"taxonomy":"product_brand","embeddable":true,"href":"https:\/\/ofertacular.com\/index.php\/wp-json\/wp\/v2\/product_brand?post=5532"},{"taxonomy":"product_cat","embeddable":true,"href":"https:\/\/ofertacular.com\/index.php\/wp-json\/wp\/v2\/product_cat?post=5532"},{"taxonomy":"product_tag","embeddable":true,"href":"https:\/\/ofertacular.com\/index.php\/wp-json\/wp\/v2\/product_tag?post=5532"}],"curies":[{"name":"wp","href":"https:\/\/api.w.org\/{rel}","templated":true}]}}