{"id":5536,"date":"2025-05-19T08:19:15","date_gmt":"2025-05-19T06:19:15","guid":{"rendered":"https:\/\/ofertacular.com\/index.php\/producto\/playstation-5\/"},"modified":"2025-05-19T08:19:15","modified_gmt":"2025-05-19T06:19:15","slug":"playstation-5","status":"publish","type":"product","link":"https:\/\/ofertacular.com\/index.php\/producto\/playstation-5\/","title":{"rendered":"Playstation 5"},"content":{"rendered":"<div class=\"oferta-container\">\n<p>\ud83d\udfe5 <b>REBAJA<\/b> \ud83d\udfe5 #Publicidad #Amazon #16<\/p>\n<p>\ud83d\udd34 <b>Consola PS5 <\/b><\/p>\n<p>\u2705 <b>AHORA 57.84 \u20ac<\/b> \u2714\ufe0f\ud83d\udfe1<\/p>\n<p>\u274c Antes 74.99 \u20ac<\/p>\n<p>\ud83d\uded2: <a href=\"https:\/\/btz.es\/4LCAFF1\" target=\"_blank\" rel=\"nofollow noopener\">https:\/\/btz.es\/4LCAFF1<\/a><\/p>\n<p>&#8211; Descubre una experiencia de juego m\u00e1s profunda e inmersiva con el nuevo e innovador mando de PS5, que ofrece retroalimentaci\u00f3n h\u00e1ptica y efectos de gatillos din\u00e1micos<br \/>\n&#8211; El mando inal\u00e1mbrico DualSense incorpora adem\u00e1s un micr\u00f3fono integrado y un bot\u00f3n Crear, todo integrado en un ic\u00f3nico y pr\u00e1ctico dise\u00f1o<br \/>\n&#8211; COMPATIBILIDAD Y ACCESORIOS: El DualSense Wireless Controller para PS5 tambi\u00e9n es compatible con PC\/Mac y dispositivos Apple como Iphone, Ipad u ordenadores Mac; con\u00e9ctalo mediante un cable USB Type-C o Bluetooth y juega sin complicaciones; transmite los juegos desde tu consola a tu PC y otros dispositivos mediante la aplicaci\u00f3n PS Remote Play<br \/>\n&#8211; La retroalimentaci\u00f3n h\u00e1ptica y los gatillos adaptativos pueden requerir la conexi\u00f3n por USB y estar\u00e1n disponibles siempre que el juego sea compatible<br \/>\n&#8211; PS Remote Play requiere la aplicaci\u00f3n Remote Play, una consola PS4 o PS5 conectada a una red de banda ancha de al menos 5 Mbps, el software del sistema m\u00e1s reciente y un juego compatible; se recomienda utilizar una consola PS4 o PS5 con una conexi\u00f3n por cable LAN; en los juegos de PS4 transmitidos mediante Remote Play, la retroalimentaci\u00f3n h\u00e1ptica se sustituye por la vibraci\u00f3n b\u00e1sica y los gatillos adaptativos no son compatibles<\/p>\n<\/p><\/div>\n","protected":false},"excerpt":{"rendered":"<p>\ud83d\udfe5 REBAJA \ud83d\udfe5 #Publicidad #Amazon #16 \ud83d\udd34 Consola PS5 \u2705 AHORA 57.84 \u20ac \u2714\ufe0f\ud83d\udfe1 \u274c Antes 74.99 \u20ac \ud83d\uded2: https:\/\/btz.es\/4LCAFF1 &#8211; Descubre una experiencia de juego m\u00e1s profunda e inmersiva con el nuevo e innovador mando de PS5, que ofrece retroalimentaci\u00f3n h\u00e1ptica y efectos de gatillos din\u00e1micos &#8211; El mando inal\u00e1mbrico DualSense incorpora adem\u00e1s un [&hellip;]<\/p>\n","protected":false},"featured_media":5535,"template":"","meta":{"_gspb_post_css":""},"store":[],"product_brand":[],"product_cat":[16],"product_tag":[],"class_list":{"0":"post-5536","1":"product","2":"type-product","3":"status-publish","4":"has-post-thumbnail","6":"product_cat-sin-categorizar","8":"first","9":"instock","10":"sale","11":"shipping-taxable","12":"product-type-external"},"jetpack_sharing_enabled":true,"_links":{"self":[{"href":"https:\/\/ofertacular.com\/index.php\/wp-json\/wp\/v2\/product\/5536","targetHints":{"allow":["GET"]}}],"collection":[{"href":"https:\/\/ofertacular.com\/index.php\/wp-json\/wp\/v2\/product"}],"about":[{"href":"https:\/\/ofertacular.com\/index.php\/wp-json\/wp\/v2\/types\/product"}],"wp:featuredmedia":[{"embeddable":true,"href":"https:\/\/ofertacular.com\/index.php\/wp-json\/wp\/v2\/media\/5535"}],"wp:attachment":[{"href":"https:\/\/ofertacular.com\/index.php\/wp-json\/wp\/v2\/media?parent=5536"}],"wp:term":[{"taxonomy":"store","embeddable":true,"href":"https:\/\/ofertacular.com\/index.php\/wp-json\/wp\/v2\/store?post=5536"},{"taxonomy":"product_brand","embeddable":true,"href":"https:\/\/ofertacular.com\/index.php\/wp-json\/wp\/v2\/product_brand?post=5536"},{"taxonomy":"product_cat","embeddable":true,"href":"https:\/\/ofertacular.com\/index.php\/wp-json\/wp\/v2\/product_cat?post=5536"},{"taxonomy":"product_tag","embeddable":true,"href":"https:\/\/ofertacular.com\/index.php\/wp-json\/wp\/v2\/product_tag?post=5536"}],"curies":[{"name":"wp","href":"https:\/\/api.w.org\/{rel}","templated":true}]}}