{"id":5548,"date":"2025-05-19T10:33:00","date_gmt":"2025-05-19T08:33:00","guid":{"rendered":"https:\/\/ofertacular.com\/index.php\/producto\/candy-frigorifico\/"},"modified":"2025-05-19T10:33:00","modified_gmt":"2025-05-19T08:33:00","slug":"candy-frigorifico","status":"publish","type":"product","link":"https:\/\/ofertacular.com\/index.php\/producto\/candy-frigorifico\/","title":{"rendered":"Candy Frigor\u00edfico"},"content":{"rendered":"<div class=\"oferta-container\">\n<p>\ud83d\udfe5 <b>INCRE\u00cdBLE<\/b> \ud83d\udfe5 #Publicidad #Amazon #16<\/p>\n<p>\ud83d\udd34 <b>Frigor\u00edfico Candy <\/b><\/p>\n<p>\u2705 <b>AHORA 379.34 \u20ac<\/b> \u2714\ufe0f\ud83d\udfe1<\/p>\n<p>\u274c Antes 489.00 \u20ac<\/p>\n<p>\ud83d\uded2: <a href=\"https:\/\/btz.es\/4LDivk8\" target=\"_blank\" rel=\"nofollow noopener\">https:\/\/btz.es\/4LDivk8<\/a><\/p>\n<p>&#8211; Total No Frost: Tecnolog\u00eda avanzada que evita la formaci\u00f3n de escarcha y asegura una distribuci\u00f3n uniforme del fr\u00edo en todo el frigor\u00edfico, manteniendo tus alimentos frescos por m\u00e1s tiempo sin necesidad de descongelar manualmente. Adem\u00e1s, con el control de temperatura electr\u00f3nico: Ajusta f\u00e1cilmente la temperatura para mantener tus alimentos en condiciones \u00f3ptimas.<br \/>\n&#8211; Capacidad optimizada: Con 355L de capacidad total, almacena c\u00f3modamente todos tus alimentos frescos y congelados.<br \/>\n&#8211; Iluminaci\u00f3n interna por LED: Proporciona una iluminaci\u00f3n eficiente y de larga duraci\u00f3n dentro del frigor\u00edfico, permitiendo una mejor visibilidad de los alimentos sin afectar la temperatura interna.<br \/>\n&#8211; Cajones y estantes vers\u00e1tiles: Incluye 3+1 estantes de cristal, 2+2 balconeras y un caj\u00f3n Fresh 0\u00baC Area para una mejor organizaci\u00f3n.<br \/>\n&#8211; Medidas producto Alto x Ancho x Prof: 185 x 59,5 x 66,7 cm<\/p>\n<\/p><\/div>\n","protected":false},"excerpt":{"rendered":"<p>\ud83d\udfe5 INCRE\u00cdBLE \ud83d\udfe5 #Publicidad #Amazon #16 \ud83d\udd34 Frigor\u00edfico Candy \u2705 AHORA 379.34 \u20ac \u2714\ufe0f\ud83d\udfe1 \u274c Antes 489.00 \u20ac \ud83d\uded2: https:\/\/btz.es\/4LDivk8 &#8211; Total No Frost: Tecnolog\u00eda avanzada que evita la formaci\u00f3n de escarcha y asegura una distribuci\u00f3n uniforme del fr\u00edo en todo el frigor\u00edfico, manteniendo tus alimentos frescos por m\u00e1s tiempo sin necesidad de descongelar manualmente. [&hellip;]<\/p>\n","protected":false},"featured_media":5547,"template":"","meta":{"_gspb_post_css":""},"store":[],"product_brand":[],"product_cat":[16],"product_tag":[],"class_list":{"0":"post-5548","1":"product","2":"type-product","3":"status-publish","4":"has-post-thumbnail","6":"product_cat-sin-categorizar","8":"first","9":"instock","10":"sale","11":"shipping-taxable","12":"product-type-external"},"jetpack_sharing_enabled":true,"_links":{"self":[{"href":"https:\/\/ofertacular.com\/index.php\/wp-json\/wp\/v2\/product\/5548","targetHints":{"allow":["GET"]}}],"collection":[{"href":"https:\/\/ofertacular.com\/index.php\/wp-json\/wp\/v2\/product"}],"about":[{"href":"https:\/\/ofertacular.com\/index.php\/wp-json\/wp\/v2\/types\/product"}],"wp:featuredmedia":[{"embeddable":true,"href":"https:\/\/ofertacular.com\/index.php\/wp-json\/wp\/v2\/media\/5547"}],"wp:attachment":[{"href":"https:\/\/ofertacular.com\/index.php\/wp-json\/wp\/v2\/media?parent=5548"}],"wp:term":[{"taxonomy":"store","embeddable":true,"href":"https:\/\/ofertacular.com\/index.php\/wp-json\/wp\/v2\/store?post=5548"},{"taxonomy":"product_brand","embeddable":true,"href":"https:\/\/ofertacular.com\/index.php\/wp-json\/wp\/v2\/product_brand?post=5548"},{"taxonomy":"product_cat","embeddable":true,"href":"https:\/\/ofertacular.com\/index.php\/wp-json\/wp\/v2\/product_cat?post=5548"},{"taxonomy":"product_tag","embeddable":true,"href":"https:\/\/ofertacular.com\/index.php\/wp-json\/wp\/v2\/product_tag?post=5548"}],"curies":[{"name":"wp","href":"https:\/\/api.w.org\/{rel}","templated":true}]}}