{"id":5552,"date":"2025-05-19T10:49:11","date_gmt":"2025-05-19T08:49:11","guid":{"rendered":"https:\/\/ofertacular.com\/index.php\/producto\/book-nook\/"},"modified":"2025-05-19T10:49:11","modified_gmt":"2025-05-19T08:49:11","slug":"book-nook","status":"publish","type":"product","link":"https:\/\/ofertacular.com\/index.php\/producto\/book-nook\/","title":{"rendered":"Book Nook"},"content":{"rendered":"<div class=\"oferta-container\">\n<p>\ud83d\udfe5 <b>\u00a1NO TE LA PIERDAS!<\/b> \ud83d\udfe5 #Publicidad #Amazon #16<\/p>\n<p>\ud83d\udd34 <b>Rinc\u00f3n Libro <\/b><\/p>\n<p>\u2705 <b>AHORA 9.99 \u20ac<\/b> \u2714\ufe0f\ud83d\udfe1<\/p>\n<p>\u274c Antes 19.99 \u20ac<\/p>\n<p>\ud83d\uded2: <a href=\"https:\/\/btz.es\/4LDmzJX\" target=\"_blank\" rel=\"nofollow noopener\">https:\/\/btz.es\/4LDmzJX<\/a><\/p>\n<p>&#8211; \u3010CUTEBEE Farewell To the Night\u3011En la d\u00e9cada de 1950, en alg\u00fan lugar de la ciudad de Nueva York, el detective Rose ser\u00e1 invitado a un bar a una fiesta. En el callej\u00f3n detr\u00e1s del bar hay un ba\u00f1o de sangre provocado por un enredo emocional. El detective fue testigo del crimen, pero no pudo arrestar al delincuente, y los dos hombres parecen conocerse&#8230;<br \/>\n&#8211; \u3010Divertida experiencia de bricolaje\u3011Este es un juego de sujetalibros de madera 3D profesional que integra montaje y creatividad. Puedes hacer manualidades o a\u00f1adir minimu\u00f1ecas u otras miniaturas como quieras. Es una gran opci\u00f3n si est\u00e1s buscando diversi\u00f3n y pasatiempos.<br \/>\n&#8211; Artesan\u00eda exquisita: el kit Bookends debe montarlo usted mismo. Accesorios con tecnolog\u00eda de corte l\u00e1ser para una producci\u00f3n precisa, salta f\u00e1cilmente del marco, f\u00e1cil de montar, y viene con instrucciones ilustradas, as\u00ed que lee todos los pasos antes de hacerlo.<br \/>\n&#8211; \u3010Decoraci\u00f3n del hogar\u3011Este kit no es solo un proyecto de sujetalibros de bricolaje, tambi\u00e9n es un exquisito art\u00edculo de colecci\u00f3n y decoraci\u00f3n, gran decoraci\u00f3n para el hogar, la oficina y las estanter\u00edas. Si miras el rinc\u00f3n vibrante de la estanter\u00eda o el escritorio, puede darle un ambiente soleado.<br \/>\n&#8211; Regalo perfecto: \u00a1nadie dir\u00e1 no a un regalo tan creativo! No es solo un sujetalibros, sino tambi\u00e9n una decoraci\u00f3n creativa de escritorio 3D. Ya sea para el d\u00eda de la madre, Navidad o aniversario de boda, es el regalo perfecto para los amantes de los libros que aman la artesan\u00eda y las miniaturas.<br \/>\n&#8211; Edad aplicable: mediante la inclusi\u00f3n de piezas m\u00e1s peque\u00f1as, kit Book Nook adecuado para adolescentes o adultos mayores de 14 a\u00f1os de edad, m\u00e1s adecuado para adultos principiantes modelismo. Tome 3-5 horas de montaje f\u00e1cil, obtendr\u00e1 un sujetalibros s\u00faper exquisito y fant\u00e1stico.<br \/>\n&#8211; Garant\u00eda de servicio: debido a la prohibici\u00f3n de carga a\u00e9rea, el adhesivo de montaje no est\u00e1 incluido en el paquete. As\u00ed que por favor prepare su propio pegamento. Si necesita reemplazar piezas defectuosas o tiene alguna pregunta, p\u00f3ngase en contacto con nosotros y le ayudaremos.<\/p>\n<\/p><\/div>\n","protected":false},"excerpt":{"rendered":"<p>\ud83d\udfe5 \u00a1NO TE LA PIERDAS! \ud83d\udfe5 #Publicidad #Amazon #16 \ud83d\udd34 Rinc\u00f3n Libro \u2705 AHORA 9.99 \u20ac \u2714\ufe0f\ud83d\udfe1 \u274c Antes 19.99 \u20ac \ud83d\uded2: https:\/\/btz.es\/4LDmzJX &#8211; \u3010CUTEBEE Farewell To the Night\u3011En la d\u00e9cada de 1950, en alg\u00fan lugar de la ciudad de Nueva York, el detective Rose ser\u00e1 invitado a un bar a una fiesta. En el [&hellip;]<\/p>\n","protected":false},"featured_media":5551,"template":"","meta":{"_gspb_post_css":""},"store":[],"product_brand":[],"product_cat":[16],"product_tag":[],"class_list":{"0":"post-5552","1":"product","2":"type-product","3":"status-publish","4":"has-post-thumbnail","6":"product_cat-sin-categorizar","8":"first","9":"instock","10":"sale","11":"shipping-taxable","12":"product-type-external"},"jetpack_sharing_enabled":true,"_links":{"self":[{"href":"https:\/\/ofertacular.com\/index.php\/wp-json\/wp\/v2\/product\/5552","targetHints":{"allow":["GET"]}}],"collection":[{"href":"https:\/\/ofertacular.com\/index.php\/wp-json\/wp\/v2\/product"}],"about":[{"href":"https:\/\/ofertacular.com\/index.php\/wp-json\/wp\/v2\/types\/product"}],"wp:featuredmedia":[{"embeddable":true,"href":"https:\/\/ofertacular.com\/index.php\/wp-json\/wp\/v2\/media\/5551"}],"wp:attachment":[{"href":"https:\/\/ofertacular.com\/index.php\/wp-json\/wp\/v2\/media?parent=5552"}],"wp:term":[{"taxonomy":"store","embeddable":true,"href":"https:\/\/ofertacular.com\/index.php\/wp-json\/wp\/v2\/store?post=5552"},{"taxonomy":"product_brand","embeddable":true,"href":"https:\/\/ofertacular.com\/index.php\/wp-json\/wp\/v2\/product_brand?post=5552"},{"taxonomy":"product_cat","embeddable":true,"href":"https:\/\/ofertacular.com\/index.php\/wp-json\/wp\/v2\/product_cat?post=5552"},{"taxonomy":"product_tag","embeddable":true,"href":"https:\/\/ofertacular.com\/index.php\/wp-json\/wp\/v2\/product_tag?post=5552"}],"curies":[{"name":"wp","href":"https:\/\/api.w.org\/{rel}","templated":true}]}}